{"id":1034,"date":"2025-02-20T10:54:03","date_gmt":"2025-02-20T10:54:03","guid":{"rendered":"https:\/\/voitelukeskus.fi\/?post_type=product&#038;p=1034"},"modified":"2026-02-04T08:28:27","modified_gmt":"2026-02-04T06:28:27","slug":"teho-maalinpoistaja-liuotinaerosoli","status":"publish","type":"product","link":"https:\/\/voitelukeskus.fi\/sv\/tuote\/teho-maalinpoistaja-liuotinaerosoli\/","title":{"rendered":"TEHO F\u00e4rgborttagningsmedel Aerosol"},"content":{"rendered":"<p><strong>Mycket effektiv aerosol f\u00f6r borttagning av f\u00e4rg, lack, klisterm\u00e4rken och t\u00e4tningsmedel. EFFEKTIVITET F\u00e4rgborttagaren inneh\u00e5ller en kraftfull blandning av klorerade l\u00f6sningsmedel, ett alkaliskt amin-alkohol-aktiveringssystem, avdunstningsf\u00f6rdr\u00f6jningsmedel och emulsioner.<\/strong><\/p>\n<p>&nbsp;<\/p>\n<p>F\u00e4ster mycket bra p\u00e5 olika och vertikala ytor.<\/p>\n<ul>\n<li>EFFEKTIV F\u00e4rgborttagare tar effektivt bort de flesta emalj-, alkyl-, akryl-, epoxi-, vinyl-, polyuretan- och oljebaserade f\u00e4rger och lacker.<\/li>\n<li>Mjukar snabbt upp vinylklisterm\u00e4rken. Klisterm\u00e4rkena kan enkelt tas bort genom att l\u00e4tt skrapa.<\/li>\n<li>Lossar snabbt fastnade packningar. L\u00f6ser upp och tar bort de flesta packningslim.<\/li>\n<li>Kan s\u00e4kert anv\u00e4ndas p\u00e5 de flesta metaller, s\u00e5som j\u00e4rn, rostfritt st\u00e5l, koppar, aluminium och m\u00e4ssing. TEHO F\u00e4rgborttagningsmedel \u00e4r \u00e4ven l\u00e4mpligt f\u00f6r att ta bort f\u00e4rg fr\u00e5n tr\u00e4ytor.<\/li>\n<li>Sk\u00f6ljs enkelt av med vatten eller l\u00f6sningsmedel<\/li>\n<li>Praktisk aerosolf\u00f6rpackning eliminerar behovet av blandning, alltid r\u00e4tt dosering<\/li>\n<\/ul>\n<p><strong><br \/>\n<\/strong><strong>OBS: ENDAST F\u00d6R PROFESSIONELLT BRUK!<\/strong><\/p>\n<p><strong>BRUKSANVISNING:<\/strong><\/p>\n<ul>\n<li>Spraya p\u00e5 m\u00e5lomr\u00e5det.<\/li>\n<li>Vid envis material, l\u00e5t det verka i 15\u201330 minuter.<\/li>\n<li>Torka eller skrapa bort l\u00f6st material.<\/li>\n<li>Sk\u00f6lj ytan med vatten eller l\u00f6sningsmedel<\/li>\n<\/ul>\n<p>Produktnummer: 5104<\/p>\n<p>Endast f\u00f6r professionellt bruk.<\/p>","protected":false},"excerpt":{"rendered":"<p>Mycket effektiv aerosol f\u00f6r borttagning av f\u00e4rg, lack, klisterm\u00e4rken och t\u00e4tningsmedel. <strong>POWER F\u00e4rgborttagningsmedel<\/strong> inneh\u00e5ller en kraftfull blandning av klorerade l\u00f6sningsmedel, ett basiskt amin-alkoholaktiveringssystem, avdunstningsf\u00f6rdr\u00f6jningsmedel och emulsioner.<\/p>\n<p><strong>Produkten \u00e4r f\u00f6rpackad i en aerosolflaska med en nettovolym p\u00e5 500 ml. F\u00f6rs\u00e4ljningsenheten \u00e4r en (1) f\u00f6rpackning inneh\u00e5llande 12 flaskor.<\/strong><\/p>","protected":false},"featured_media":1086,"comment_status":"closed","ping_status":"closed","template":"","meta":{"_acf_changed":false},"product_brand":[136],"product_cat":[78,38],"product_tag":[],"class_list":{"0":"post-1034","1":"product","2":"type-product","3":"status-publish","4":"has-post-thumbnail","6":"product_brand-teho","7":"product_cat-aerosolit-ja-sprayt","8":"product_cat-huoltokemikaalit-ja-puhdistusaineet","10":"first","11":"instock","12":"taxable","13":"shipping-taxable","14":"purchasable","15":"product-type-simple"},"acf":[],"_links":{"self":[{"href":"https:\/\/voitelukeskus.fi\/sv\/wp-json\/wp\/v2\/product\/1034","targetHints":{"allow":["GET"]}}],"collection":[{"href":"https:\/\/voitelukeskus.fi\/sv\/wp-json\/wp\/v2\/product"}],"about":[{"href":"https:\/\/voitelukeskus.fi\/sv\/wp-json\/wp\/v2\/types\/product"}],"replies":[{"embeddable":true,"href":"https:\/\/voitelukeskus.fi\/sv\/wp-json\/wp\/v2\/comments?post=1034"}],"wp:featuredmedia":[{"embeddable":true,"href":"https:\/\/voitelukeskus.fi\/sv\/wp-json\/wp\/v2\/media\/1086"}],"wp:attachment":[{"href":"https:\/\/voitelukeskus.fi\/sv\/wp-json\/wp\/v2\/media?parent=1034"}],"wp:term":[{"taxonomy":"product_brand","embeddable":true,"href":"https:\/\/voitelukeskus.fi\/sv\/wp-json\/wp\/v2\/product_brand?post=1034"},{"taxonomy":"product_cat","embeddable":true,"href":"https:\/\/voitelukeskus.fi\/sv\/wp-json\/wp\/v2\/product_cat?post=1034"},{"taxonomy":"product_tag","embeddable":true,"href":"https:\/\/voitelukeskus.fi\/sv\/wp-json\/wp\/v2\/product_tag?post=1034"}],"curies":[{"name":"wp","href":"https:\/\/api.w.org\/{rel}","templated":true}]}}