{"id":1028,"date":"2025-02-20T10:54:00","date_gmt":"2025-02-20T10:54:00","guid":{"rendered":"https:\/\/voitelukeskus.fi\/?post_type=product&#038;p=1028"},"modified":"2026-01-08T11:12:03","modified_gmt":"2026-01-08T09:12:03","slug":"teho-jaansulatusrae-51c","status":"publish","type":"product","link":"https:\/\/voitelukeskus.fi\/sv\/tuote\/teho-jaansulatusrae-51c\/","title":{"rendered":"POWER Issm\u00e4ltande granulat -51\u00b0C"},"content":{"rendered":"<p><strong>POWER Issm\u00e4ltande granulat \u2013 51 \u00b0C <\/strong>\u00e4r en mycket effektiv sn\u00f6- och issm\u00e4ltare.<\/p>\n<p>Produkten \u00e4r i sin ursprungliga form. <strong>spannm\u00e5l<\/strong>, som vid kontakt med sn\u00f6 och is bildar en kemisk reaktion och \u00e4r l\u00e5ngvarig. Fungerar upp till -51 \u00b0C. F\u00f6rebygger effektivt risken f\u00f6r halka orsakad av is. Inneh\u00e5ller inte salt.<strong><br \/>\n<\/strong><\/p>\n<p><strong>ANV\u00c4NDNING:<\/strong> Ramper, trottoarer, lastbroar, d\u00f6rrkarmar, avloppsskydd f\u00f6r dagvatten, stupr\u00e4nnor, trappor etc.<\/p>\n<p><strong>OBS: ENDAST F\u00d6R PROFESSIONELLT BRUK!\u00a0<\/strong><\/p>\n<p><strong>BRUKSANVISNING:<\/strong><\/p>\n<ol>\n<li>Issm\u00e4ltande granuler sprids j\u00e4mnt \u00f6ver det omr\u00e5de som ska behandlas. \u00c4mnet doseras efter behov: en liten m\u00e4ngd g\u00f6r ytan ruggig och sm\u00e4lter tunn is. En st\u00f6rre m\u00e4ngd borrar sig igenom isen och avl\u00e4gsnar islagret.<\/li>\n<li>Efter ett tag \u00e4r delvis sm\u00e4lt och lossad sn\u00f6 och is l\u00e4tta att ta bort.<\/li>\n<li>Kan \u00e4ven anv\u00e4ndas f\u00f6rebyggande f\u00f6r att f\u00f6rhindra \u201dsvart is\u201d genom att applicera en liten m\u00e4ngd p\u00e5 omr\u00e5det f\u00f6re sn\u00f6fall\/frysning.<\/li>\n<li><strong>NOTERA!<\/strong> St\u00e4ng plastf\u00f6rpackningens lock noggrant efter anv\u00e4ndning.<\/li>\n<\/ol>\n<p>&nbsp;<\/p>\n<p><strong>DRAG:<\/strong><strong>\u00a0<\/strong><\/p>\n<ul>\n<li><strong>Anv\u00e4nda:<\/strong> Sn\u00f6- och issm\u00e4ltare, 5-125g\/m2 efter behov<\/li>\n<li><strong>Ange:<\/strong> Granulat, f\u00e4rgl\u00f6st, luktfritt<\/li>\n<li>Inneh\u00e5ller kalciumklorid<\/li>\n<\/ul>\n<p>Produktnummer: 8040<\/p>\n<p>F\u00f6r professionellt bruk.<\/p>","protected":false},"excerpt":{"rendered":"<p><strong>POWER Issm\u00e4ltande granulat \u2013 51 \u00b0C <\/strong>\u00e4r en mycket effektiv sn\u00f6- och issm\u00e4ltare.<br \/>\nProdukten \u00e4r i form av granuler, som vid kontakt med sn\u00f6 och is bildar en kemisk reaktion och \u00e4r effektiva under l\u00e5ng tid. Verkar upp till -51 \u00b0Celsius. F\u00f6rebygger effektivt risken f\u00f6r halka orsakad av is. Inneh\u00e5ller inte salt.<\/p>\n<p><strong>Produkten \u00e4r f\u00f6rpackad i en plastbeh\u00e5llare inneh\u00e5llande 15 liter issm\u00e4ltgranulat. F\u00f6rs\u00e4ljningspartiet \u00e4r en (1) plastbeh\u00e5llare p\u00e5 15 liter.<\/strong><\/p>","protected":false},"featured_media":4446,"comment_status":"closed","ping_status":"closed","template":"","meta":{"_acf_changed":false},"product_brand":[136],"product_cat":[38,100],"product_tag":[],"class_list":{"0":"post-1028","1":"product","2":"type-product","3":"status-publish","4":"has-post-thumbnail","6":"product_brand-teho","7":"product_cat-huoltokemikaalit-ja-puhdistusaineet","8":"product_cat-jaansulatus-ja-ehkaisy","10":"first","11":"instock","12":"taxable","13":"shipping-taxable","14":"purchasable","15":"product-type-simple"},"acf":[],"_links":{"self":[{"href":"https:\/\/voitelukeskus.fi\/sv\/wp-json\/wp\/v2\/product\/1028","targetHints":{"allow":["GET"]}}],"collection":[{"href":"https:\/\/voitelukeskus.fi\/sv\/wp-json\/wp\/v2\/product"}],"about":[{"href":"https:\/\/voitelukeskus.fi\/sv\/wp-json\/wp\/v2\/types\/product"}],"replies":[{"embeddable":true,"href":"https:\/\/voitelukeskus.fi\/sv\/wp-json\/wp\/v2\/comments?post=1028"}],"wp:featuredmedia":[{"embeddable":true,"href":"https:\/\/voitelukeskus.fi\/sv\/wp-json\/wp\/v2\/media\/4446"}],"wp:attachment":[{"href":"https:\/\/voitelukeskus.fi\/sv\/wp-json\/wp\/v2\/media?parent=1028"}],"wp:term":[{"taxonomy":"product_brand","embeddable":true,"href":"https:\/\/voitelukeskus.fi\/sv\/wp-json\/wp\/v2\/product_brand?post=1028"},{"taxonomy":"product_cat","embeddable":true,"href":"https:\/\/voitelukeskus.fi\/sv\/wp-json\/wp\/v2\/product_cat?post=1028"},{"taxonomy":"product_tag","embeddable":true,"href":"https:\/\/voitelukeskus.fi\/sv\/wp-json\/wp\/v2\/product_tag?post=1028"}],"curies":[{"name":"wp","href":"https:\/\/api.w.org\/{rel}","templated":true}]}}