{"id":1026,"date":"2025-02-20T10:54:00","date_gmt":"2025-02-20T10:54:00","guid":{"rendered":"https:\/\/voitelukeskus.fi\/?post_type=product&#038;p=1026"},"modified":"2025-07-16T08:19:02","modified_gmt":"2025-07-16T08:19:02","slug":"teho-ikkunat-pinnat-puhdistusaerosoli","status":"publish","type":"product","link":"https:\/\/voitelukeskus.fi\/sv\/tuote\/teho-ikkunat-pinnat-puhdistusaerosoli\/","title":{"rendered":"TEHO F\u00f6nster- och ytreng\u00f6ringsspray"},"content":{"rendered":"<p><strong>Reng\u00f6ringsspray f\u00f6r glas och andra h\u00e5rda ytor<\/strong><\/p>\n<ul>\n<li><strong>Glasytor, f\u00f6nster och speglar<\/strong><\/li>\n<li><strong>Fordonsf\u00f6nster<\/strong><\/li>\n<li><strong><strong>St\u00e5l, aluminium, laminat etc. H\u00e5rda ytor<\/strong><\/strong><\/li>\n<\/ul>\n<p><strong>TEHO F\u00f6nster och ytor <\/strong>\u00e4r ett mycket effektivt reng\u00f6ringsskum f\u00f6r glas och andra h\u00e5rda ytor.<\/p>\n<p>Inneh\u00e5ller en effektiv blandning av alkoholer, tensider och demineraliserat vatten som \u00e4r effektiva p\u00e5 sv\u00e5ra m\u00e5l.<\/p>\n<p>Rekommenderas f\u00f6r reng\u00f6ring av f\u00f6nster, speglar, silver, kromytor, vindrutor, plexiglas, st\u00e5l, aluminium, laminat och andra h\u00e5rda ytor.<\/p>\n<p>Reng\u00f6r och avl\u00e4gsnar effektivt fett och l\u00e4mnar en ren och blank yta.<\/p>\n<p>Skadar inte metaller och inneh\u00e5ller inte slipande ingredienser. <strong>Kan anv\u00e4ndas f\u00f6r att reng\u00f6ra bilf\u00f6nster.<\/strong><\/p>\n<p>&nbsp;<\/p>\n<p><strong>BRUKSANVISNING:<\/strong><\/p>\n<ol>\n<li>Skaka v\u00e4l f\u00f6re anv\u00e4ndning.<\/li>\n<li>Spraya \u00f6ver hela ytan som ska reng\u00f6ras.<\/li>\n<li>L\u00e5t det st\u00e5 ett tag, beroende p\u00e5 hur smutsig ytan \u00e4r.<\/li>\n<li>Torka, torka och polera med en ren, torr trasa.<br \/>\n<strong>\u00a0<\/strong><\/li>\n<\/ol>\n<p>Produktnummer: 5010<\/p>\n<p>Endast f\u00f6r professionellt bruk.<\/p>","protected":false},"excerpt":{"rendered":"<p><strong>TEHO F\u00f6nster och ytor <\/strong>\u00e4r ett mycket effektivt reng\u00f6ringsskum f\u00f6r glas och andra h\u00e5rda ytor. Anv\u00e4ndningsomr\u00e5den inkluderar:<\/p>\n<ul>\n<li>Glasytor, f\u00f6nster och speglar<\/li>\n<li>Fordonsf\u00f6nster<\/li>\n<li>St\u00e5l, aluminium, laminat etc. H\u00e5rda ytor<\/li>\n<\/ul>\n<p>&nbsp;<\/p>\n<p><strong>Produkten \u00e4r f\u00f6rpackad i en aerosolflaska med en nettovolym p\u00e5 500 ml. F\u00f6rs\u00e4ljningsenheten \u00e4r en (1) f\u00f6rpackning inneh\u00e5llande 12 flaskor. <\/strong><\/p>","protected":false},"featured_media":1065,"comment_status":"closed","ping_status":"closed","template":"","meta":{"_acf_changed":false},"product_brand":[136],"product_cat":[78,38],"product_tag":[],"class_list":{"0":"post-1026","1":"product","2":"type-product","3":"status-publish","4":"has-post-thumbnail","6":"product_brand-teho","7":"product_cat-aerosolit-ja-sprayt","8":"product_cat-huoltokemikaalit-ja-puhdistusaineet","10":"first","11":"instock","12":"taxable","13":"shipping-taxable","14":"purchasable","15":"product-type-simple"},"acf":[],"_links":{"self":[{"href":"https:\/\/voitelukeskus.fi\/sv\/wp-json\/wp\/v2\/product\/1026","targetHints":{"allow":["GET"]}}],"collection":[{"href":"https:\/\/voitelukeskus.fi\/sv\/wp-json\/wp\/v2\/product"}],"about":[{"href":"https:\/\/voitelukeskus.fi\/sv\/wp-json\/wp\/v2\/types\/product"}],"replies":[{"embeddable":true,"href":"https:\/\/voitelukeskus.fi\/sv\/wp-json\/wp\/v2\/comments?post=1026"}],"wp:featuredmedia":[{"embeddable":true,"href":"https:\/\/voitelukeskus.fi\/sv\/wp-json\/wp\/v2\/media\/1065"}],"wp:attachment":[{"href":"https:\/\/voitelukeskus.fi\/sv\/wp-json\/wp\/v2\/media?parent=1026"}],"wp:term":[{"taxonomy":"product_brand","embeddable":true,"href":"https:\/\/voitelukeskus.fi\/sv\/wp-json\/wp\/v2\/product_brand?post=1026"},{"taxonomy":"product_cat","embeddable":true,"href":"https:\/\/voitelukeskus.fi\/sv\/wp-json\/wp\/v2\/product_cat?post=1026"},{"taxonomy":"product_tag","embeddable":true,"href":"https:\/\/voitelukeskus.fi\/sv\/wp-json\/wp\/v2\/product_tag?post=1026"}],"curies":[{"name":"wp","href":"https:\/\/api.w.org\/{rel}","templated":true}]}}