{"id":1023,"date":"2025-02-20T10:53:59","date_gmt":"2025-02-20T10:53:59","guid":{"rendered":"https:\/\/voitelukeskus.fi\/?post_type=product&#038;p=1023"},"modified":"2025-07-16T08:09:43","modified_gmt":"2025-07-16T08:09:43","slug":"teho-formula-r-t-u-kayttovalmis-puhdistusaine","status":"publish","type":"product","link":"https:\/\/voitelukeskus.fi\/sv\/tuote\/teho-formula-r-t-u-kayttovalmis-puhdistusaine\/","title":{"rendered":"TEHO Formula RTU f\u00e4rdigt reng\u00f6ringsmedel"},"content":{"rendered":"<p><strong>TEHO Formula RTU \u00e4r ett f\u00e4rdigt, mycket effektivt, m\u00e5ngsidigt och ekonomiskt reng\u00f6ringsmedel f\u00f6r alla tv\u00e4ttbara ytor i en praktisk sprayflaska. <\/strong><\/p>\n<p>TEHO Formula RTU \u00e4r fosfatfri, icke-brandfarlig och biologiskt nedbrytbar till \u00f6ver 90%. Avl\u00e4gsnar effektivt smuts och fett.<\/p>\n<p>&nbsp;<\/p>\n<p><strong>Den ultimata fettborttagaren i restaurangk\u00f6k p\u00e5 alla h\u00e5rda ytor; <\/strong>avl\u00e4gsnar fett och l\u00e4mnar en ren, blank yta.<\/p>\n<p><strong>Effektivt reng\u00f6ringsmedel f\u00f6r att ta bort installationsm\u00e4rken <\/strong>till exempel i VVS-installationer, s\u00e5som reng\u00f6ring av luftkonditioneringsventiler.<\/p>\n<p><strong>Ett effektivt reng\u00f6ringsmedel f\u00f6r sanit\u00e4ra anl\u00e4ggningar,<\/strong> vilket l\u00e4mnar en ren, blank yta.<\/p>\n<p><strong>\u00a0OBS: ENDAST F\u00d6R PROFESSIONELLT BRUK!<\/strong><\/p>\n<p><strong>BRUKSANVISNING:<\/strong><\/p>\n<ol>\n<li>Spraya p\u00e5 ytan som ska reng\u00f6ras.<\/li>\n<li>Torka av med en fuktig svamp<\/li>\n<li>Torka omedelbart av med en trasa vid reng\u00f6ring av glasytor f\u00f6r att undvika r\u00e4nder.<\/li>\n<\/ol>\n<p><strong>Rekommenderas f\u00f6r anv\u00e4ndning:<\/strong><\/p>\n<ul>\n<li>I k\u00f6k<\/li>\n<li>I badrummen<\/li>\n<li>Inom fastighetsunderh\u00e5ll<\/li>\n<li>P\u00e5 restauranger<\/li>\n<li>P\u00e5 hotell<\/li>\n<li>VVS-installationer<\/li>\n<\/ul>\n<p>Produktnummer: 2452<\/p>\n<p>F\u00f6r professionellt bruk.<\/p>","protected":false},"excerpt":{"rendered":"<p><strong>POWER Formula RTU <\/strong>\u00e4r ett f\u00e4rdigt, mycket effektivt, m\u00e5ngsidigt och ekonomiskt reng\u00f6ringsmedel f\u00f6r alla tv\u00e4ttbara ytor i en praktisk sprayflaska.<\/p>\n<p><strong>Produkten \u00e4r f\u00f6rpackad i en sprayflaska med en nettovolym p\u00e5 1 l. F\u00f6rs\u00e4ljningspartiet \u00e4r en (1) l\u00e5da inneh\u00e5llande 12 flaskor.<\/strong><\/p>","protected":false},"featured_media":1062,"comment_status":"closed","ping_status":"closed","template":"","meta":{"_acf_changed":false},"product_brand":[136],"product_cat":[78,38],"product_tag":[],"class_list":{"0":"post-1023","1":"product","2":"type-product","3":"status-publish","4":"has-post-thumbnail","6":"product_brand-teho","7":"product_cat-aerosolit-ja-sprayt","8":"product_cat-huoltokemikaalit-ja-puhdistusaineet","10":"first","11":"instock","12":"taxable","13":"shipping-taxable","14":"purchasable","15":"product-type-simple"},"acf":[],"_links":{"self":[{"href":"https:\/\/voitelukeskus.fi\/sv\/wp-json\/wp\/v2\/product\/1023","targetHints":{"allow":["GET"]}}],"collection":[{"href":"https:\/\/voitelukeskus.fi\/sv\/wp-json\/wp\/v2\/product"}],"about":[{"href":"https:\/\/voitelukeskus.fi\/sv\/wp-json\/wp\/v2\/types\/product"}],"replies":[{"embeddable":true,"href":"https:\/\/voitelukeskus.fi\/sv\/wp-json\/wp\/v2\/comments?post=1023"}],"wp:featuredmedia":[{"embeddable":true,"href":"https:\/\/voitelukeskus.fi\/sv\/wp-json\/wp\/v2\/media\/1062"}],"wp:attachment":[{"href":"https:\/\/voitelukeskus.fi\/sv\/wp-json\/wp\/v2\/media?parent=1023"}],"wp:term":[{"taxonomy":"product_brand","embeddable":true,"href":"https:\/\/voitelukeskus.fi\/sv\/wp-json\/wp\/v2\/product_brand?post=1023"},{"taxonomy":"product_cat","embeddable":true,"href":"https:\/\/voitelukeskus.fi\/sv\/wp-json\/wp\/v2\/product_cat?post=1023"},{"taxonomy":"product_tag","embeddable":true,"href":"https:\/\/voitelukeskus.fi\/sv\/wp-json\/wp\/v2\/product_tag?post=1023"}],"curies":[{"name":"wp","href":"https:\/\/api.w.org\/{rel}","templated":true}]}}