{"id":1019,"date":"2025-02-20T10:53:57","date_gmt":"2025-02-20T10:53:57","guid":{"rendered":"https:\/\/voitelukeskus.fi\/?post_type=product&#038;p=1019"},"modified":"2026-02-04T08:23:28","modified_gmt":"2026-02-04T06:23:28","slug":"teho-foaming-coil-cleaner-kaksitehoinen-puhdistusaerosoli","status":"publish","type":"product","link":"https:\/\/voitelukeskus.fi\/sv\/tuote\/teho-foaming-coil-cleaner-kaksitehoinen-puhdistusaerosoli\/","title":{"rendered":"TEHO Skummande spolreng\u00f6ring+ dubbelverkande reng\u00f6ringsaerosol"},"content":{"rendered":"<p>F\u00f6rnyad <strong>TEHO Foaming Coil Cleaner+ \u00e4r en dubbelverkande reng\u00f6ringsaerosol som reng\u00f6r, d\u00f6dar bakterier och desinficerar samtidigt.<\/strong> (Europeisk standard EN 1276; bakterier p\u00e5 5 minuter och EN 1275; svampar p\u00e5 15 minuter).<\/p>\n<p><strong>F\u00f6rnyad dubbelverkande reng\u00f6ringsaerosol, nu med +25% mer i burken.<\/strong><\/p>\n<p><strong>Reng\u00f6r och desinficerar effektivt:<\/strong><\/p>\n<ul>\n<li>Luftv\u00e4rmepumpar<\/li>\n<li>Ventilationsmaskiner<\/li>\n<li>Luftkonditionerings- och kylutrustning<\/li>\n<li>Celler, filter och kondensorer<\/li>\n<\/ul>\n<p>Produkten \u00e4r en l\u00e4ttanv\u00e4nd och snabb aerosol f\u00f6r reng\u00f6ring och desinfektion av luftv\u00e4rmepumpar, ventilationsaggregat, luftkonditionerings- och kylutrustning samt batterier och kondensorer. Den underl\u00e4ttar underh\u00e5ll av utrustningen och sparar d\u00e4rmed tid, energi och pengar. Det h\u00f6gvidh\u00e4ftande skummet s\u00e4kerst\u00e4ller l\u00e5ng kontakttid. <strong>Skummet avl\u00e4gsnar smuts, desinficerar och sk\u00f6ljer bort med kondensvattnet, vilket inte kr\u00e4ver n\u00e5gon separat sk\u00f6ljning. <\/strong>Skadar inte metaller eller plaster. <strong>S\u00e4rskilt rekommenderad f\u00f6r reng\u00f6ring av inomhusenheter i luftv\u00e4rmepumpar och kondensorer och slingor i ventilationsenheter, vilka kr\u00e4ver regelbunden reng\u00f6ring och desinfektion.<\/strong><\/p>\n<p>&nbsp;<\/p>\n<p><strong>BRUKSANVISNING:<\/strong><\/p>\n<ol>\n<li>St\u00e4ng av str\u00f6mmen\/st\u00e4ng luftcirkulationen.<\/li>\n<li>Skaka burken f\u00f6rsiktigt.<\/li>\n<li>Avl\u00e4gsna grov smuts med en borste och\/eller dammsugare.<\/li>\n<li>Spraya skummet \u00f6ver hela f\u00f6rem\u00e5let som ska reng\u00f6ras (anv\u00e4nd sugr\u00f6ret som medf\u00f6ljer i f\u00f6rpackningen f\u00f6r att g\u00f6ra det l\u00e4ttare att spraya produkten).<\/li>\n<li>L\u00e5t verka i ca 2\u20135 minuter (desinficera i 5\u201315 min).<\/li>\n<li>Sl\u00e5 p\u00e5 str\u00f6mmen\/luftcirkulationen, om det inte finns n\u00e5gon, sk\u00f6lj med lite vatten.<\/li>\n<\/ol>\n<p>&nbsp;<\/p>\n<p>Produktnummer: 5013<\/p>\n<p>&nbsp;<\/p>\n<p>Produkten \u00e4r f\u00f6rpackad i en aerosolflaska med en nettovolym p\u00e5 500 ml. F\u00f6rs\u00e4ljningsenheten \u00e4r en (1) f\u00f6rpackning inneh\u00e5llande 12 flaskor. <strong>F\u00f6r professionellt bruk.<\/strong> <strong>Tillg\u00e5ng till v\u00e4lutrustade VVS- och kylbutiker.<\/strong> <strong>VVS-nummer: 3280280<\/strong><\/p>","protected":false},"excerpt":{"rendered":"<p><strong>TEHO Foaming Coil Cleaner+ \u00e4r en dubbelverkande reng\u00f6ringsaerosol som reng\u00f6r, d\u00f6dar bakterier och desinficerar samtidigt.<\/strong> (Europeisk standard EN 1276; bakterier p\u00e5 5 minuter och EN 1275; svampar p\u00e5 15 minuter).<\/p>\n<p><strong>Produkten \u00e4r f\u00f6rpackad i en aerosolflaska med en nettovolym p\u00e5 500 ml. F\u00f6rs\u00e4ljningsenheten \u00e4r en (1) f\u00f6rpackning inneh\u00e5llande 12 flaskor.<\/strong><\/p>","protected":false},"featured_media":1058,"comment_status":"closed","ping_status":"closed","template":"","meta":{"_acf_changed":false},"product_brand":[136],"product_cat":[78,38],"product_tag":[],"class_list":{"0":"post-1019","1":"product","2":"type-product","3":"status-publish","4":"has-post-thumbnail","6":"product_brand-teho","7":"product_cat-aerosolit-ja-sprayt","8":"product_cat-huoltokemikaalit-ja-puhdistusaineet","10":"first","11":"instock","12":"taxable","13":"shipping-taxable","14":"purchasable","15":"product-type-simple"},"acf":[],"_links":{"self":[{"href":"https:\/\/voitelukeskus.fi\/sv\/wp-json\/wp\/v2\/product\/1019","targetHints":{"allow":["GET"]}}],"collection":[{"href":"https:\/\/voitelukeskus.fi\/sv\/wp-json\/wp\/v2\/product"}],"about":[{"href":"https:\/\/voitelukeskus.fi\/sv\/wp-json\/wp\/v2\/types\/product"}],"replies":[{"embeddable":true,"href":"https:\/\/voitelukeskus.fi\/sv\/wp-json\/wp\/v2\/comments?post=1019"}],"wp:featuredmedia":[{"embeddable":true,"href":"https:\/\/voitelukeskus.fi\/sv\/wp-json\/wp\/v2\/media\/1058"}],"wp:attachment":[{"href":"https:\/\/voitelukeskus.fi\/sv\/wp-json\/wp\/v2\/media?parent=1019"}],"wp:term":[{"taxonomy":"product_brand","embeddable":true,"href":"https:\/\/voitelukeskus.fi\/sv\/wp-json\/wp\/v2\/product_brand?post=1019"},{"taxonomy":"product_cat","embeddable":true,"href":"https:\/\/voitelukeskus.fi\/sv\/wp-json\/wp\/v2\/product_cat?post=1019"},{"taxonomy":"product_tag","embeddable":true,"href":"https:\/\/voitelukeskus.fi\/sv\/wp-json\/wp\/v2\/product_tag?post=1019"}],"curies":[{"name":"wp","href":"https:\/\/api.w.org\/{rel}","templated":true}]}}