{"id":1017,"date":"2025-02-20T10:53:57","date_gmt":"2025-02-20T10:53:57","guid":{"rendered":"https:\/\/voitelukeskus.fi\/?post_type=product&#038;p=1017"},"modified":"2025-07-16T08:04:01","modified_gmt":"2025-07-16T08:04:01","slug":"teho-fast-cleaner-rasvanpoistaja-teolliseen-kayttoon","status":"publish","type":"product","link":"https:\/\/voitelukeskus.fi\/sv\/tuote\/teho-fast-cleaner-rasvanpoistaja-teolliseen-kayttoon\/","title":{"rendered":"TEHO Fast Cleaner avfettningsmedel f\u00f6r industriellt bruk"},"content":{"rendered":"<p><strong>Snabbavdunstande industriellt avfettningsmedel. Reng\u00f6r utan att l\u00e4mna sp\u00e5r:<\/strong><\/p>\n<ul>\n<li><strong>Motordelar<\/strong><\/li>\n<li><strong>Elektrisk utrustning och motorer, LEDER INTE ELEKTRICITET<\/strong><\/li>\n<li><strong>Industriella maskiner och utrustning<\/strong><\/li>\n<li><strong>F\u00f6r borttagning av klisterm\u00e4rken och etiketter<\/strong><\/li>\n<li><strong><strong>L\u00c4MNAR INGA RESTER!<\/strong><\/strong><\/li>\n<\/ul>\n<p><strong>TEHO Fast Cleaner \u00e4r en m\u00e5ngsidig, effektiv och snabbavdunstande industriell avfettningsaerosol. <\/strong>Reng\u00f6r ytor fr\u00e5n olja, fett, klibbiga avlagringar, damm etc. Produkten kan anv\u00e4ndas f\u00f6r reng\u00f6ring av precisionskomponenter, elmotorer, tryckpressar, valsar, utrustning inom textilindustrin, klockor, mekanisk utrustning, motorer etc. L\u00e4mnar inga rester. Utm\u00e4rkt borttagare av klisterm\u00e4rken\/etiketter. Kan anv\u00e4ndas inom livsmedelsindustrin (uppfyller US FDA, CFR 21). Produkten \u00e4r icke-ledande och orsakar inte kortslutningar i motorer, elektrisk utrustning eller generatorer. S\u00e4ker att anv\u00e4nda p\u00e5 de flesta plast-, f\u00e4rg- och lackytor, men testa alltid p\u00e5 ett litet omr\u00e5de f\u00f6re anv\u00e4ndning.<\/p>\n<p>&nbsp;<\/p>\n<p><strong>BRUKSANVISNING:<\/strong><\/p>\n<ol>\n<li>Skaka burken v\u00e4l.<\/li>\n<li>Spraya rikligt p\u00e5 ytan som ska reng\u00f6ras fr\u00e5n ett avst\u00e5nd av ca 20 cm.<\/li>\n<li><strong>VIKTIG!<\/strong> Vid reng\u00f6ring av elektrisk utrustning m\u00e5ste str\u00f6mmen alltid vara avst\u00e4ngd och \u00e4mnet m\u00e5ste ha avdunstat helt innan utrustningen anv\u00e4nds.<\/li>\n<\/ol>\n<p>Produktnummer: 5046<\/p>\n<p>Endast f\u00f6r professionellt bruk.<\/p>","protected":false},"excerpt":{"rendered":"<p><strong>KRAFTFULL Snabbreng\u00f6ring <\/strong>\u00e4r en m\u00e5ngsidig, effektiv och snabbavdunstande industriell avfettningsaerosol.<\/p>\n<p><strong>Produkten \u00e4r f\u00f6rpackad i en aerosolburk med en nettovolym p\u00e5 400 ml. F\u00f6rs\u00e4ljningskvantiteten \u00e4r en (1) f\u00f6rpackning inneh\u00e5llande 12 flaskor. <\/strong><\/p>","protected":false},"featured_media":1056,"comment_status":"closed","ping_status":"closed","template":"","meta":{"_acf_changed":false},"product_brand":[136],"product_cat":[78,38],"product_tag":[],"class_list":{"0":"post-1017","1":"product","2":"type-product","3":"status-publish","4":"has-post-thumbnail","6":"product_brand-teho","7":"product_cat-aerosolit-ja-sprayt","8":"product_cat-huoltokemikaalit-ja-puhdistusaineet","10":"first","11":"instock","12":"taxable","13":"shipping-taxable","14":"purchasable","15":"product-type-simple"},"acf":[],"_links":{"self":[{"href":"https:\/\/voitelukeskus.fi\/sv\/wp-json\/wp\/v2\/product\/1017","targetHints":{"allow":["GET"]}}],"collection":[{"href":"https:\/\/voitelukeskus.fi\/sv\/wp-json\/wp\/v2\/product"}],"about":[{"href":"https:\/\/voitelukeskus.fi\/sv\/wp-json\/wp\/v2\/types\/product"}],"replies":[{"embeddable":true,"href":"https:\/\/voitelukeskus.fi\/sv\/wp-json\/wp\/v2\/comments?post=1017"}],"wp:featuredmedia":[{"embeddable":true,"href":"https:\/\/voitelukeskus.fi\/sv\/wp-json\/wp\/v2\/media\/1056"}],"wp:attachment":[{"href":"https:\/\/voitelukeskus.fi\/sv\/wp-json\/wp\/v2\/media?parent=1017"}],"wp:term":[{"taxonomy":"product_brand","embeddable":true,"href":"https:\/\/voitelukeskus.fi\/sv\/wp-json\/wp\/v2\/product_brand?post=1017"},{"taxonomy":"product_cat","embeddable":true,"href":"https:\/\/voitelukeskus.fi\/sv\/wp-json\/wp\/v2\/product_cat?post=1017"},{"taxonomy":"product_tag","embeddable":true,"href":"https:\/\/voitelukeskus.fi\/sv\/wp-json\/wp\/v2\/product_tag?post=1017"}],"curies":[{"name":"wp","href":"https:\/\/api.w.org\/{rel}","templated":true}]}}