{"id":8,"date":"2025-01-08T11:07:27","date_gmt":"2025-01-08T11:07:27","guid":{"rendered":"https:\/\/voitelukeskus.fi\/?page_id=8"},"modified":"2025-01-22T10:37:21","modified_gmt":"2025-01-22T10:37:21","slug":"ostoskori","status":"publish","type":"page","link":"https:\/\/voitelukeskus.fi\/sv\/ostoskori\/","title":{"rendered":"Kundkorg"},"content":{"rendered":"<style>.elementor-8 .elementor-element.elementor-element-7f5c586b:not(.elementor-motion-effects-element-type-background), .elementor-8 .elementor-element.elementor-element-7f5c586b > .elementor-motion-effects-container > .elementor-motion-effects-layer{background-image:url(\"https:\/\/voitelukeskus.fi\/wp-content\/uploads\/2025\/01\/new-metal-auto-parts-on-grey-background.jpg\");background-position:center center;background-repeat:no-repeat;background-size:cover;}.elementor-8 .elementor-element.elementor-element-7f5c586b > .elementor-background-overlay{background-color:var( --e-global-color-651faef );opacity:0.95;transition:background 0.3s, border-radius 0.3s, opacity 0.3s;}.elementor-8 .elementor-element.elementor-element-7f5c586b{transition:background 0.3s, border 0.3s, border-radius 0.3s, box-shadow 0.3s;padding:6em 1em 7em 1em;}.elementor-8 .elementor-element.elementor-element-5ab164c5 > .elementor-container > .elementor-column > .elementor-widget-wrap{align-content:center;align-items:center;}.elementor-8 .elementor-element.elementor-element-5ab164c5{margin-top:0em;margin-bottom:2em;}.elementor-8 .elementor-element.elementor-element-6f43ae53{--divider-border-style:solid;--divider-color:var( --e-global-color-9eaa092 );--divider-border-width:1px;}.elementor-8 .elementor-element.elementor-element-6f43ae53 .elementor-divider-separator{width:100%;}.elementor-8 .elementor-element.elementor-element-6f43ae53 .elementor-divider{padding-block-start:0px;padding-block-end:0px;}.elementor-8 .elementor-element.elementor-element-6f43ae53 .elementor-divider__text{color:var( --e-global-color-secondary );font-family:var( --e-global-typography-5d167aa-font-family ), Sans-serif;font-size:var( --e-global-typography-5d167aa-font-size );font-weight:var( --e-global-typography-5d167aa-font-weight );line-height:var( --e-global-typography-5d167aa-line-height );letter-spacing:var( --e-global-typography-5d167aa-letter-spacing );word-spacing:var( --e-global-typography-5d167aa-word-spacing );}.elementor-8 .elementor-element.elementor-element-27edccd6 .e-cart-section{box-shadow:0px 5px 30px -10px rgba(0, 0, 0, 0.15);}.elementor-8 .elementor-element.elementor-element-27edccd6{--sections-border-type:none;--sections-border-radius:0px 0px 0px 0px;--sections-padding:2em 2em 2em 2em;--sections-title-color:var( --e-global-color-secondary );--links-normal-color:var( --e-global-color-text );--links-hover-color:var( --e-global-color-accent );--sections-radio-buttons-color:var( --e-global-color-accent );--forms-fields-normal-color:#FFFFFF;--forms-fields-border-radius:0px 0px 0px 0px;--forms-buttons-normal-text-color:var( --e-global-color-651faef );--forms-buttons-hover-text-color:var( --e-global-color-accent );--forms-buttons-border-type:none;--forms-buttons-border-radius:0px 0px 0px 0px;--order-summary-color:var( --e-global-color-text );--order-summary-variations-color:var( --e-global-color-accent );--product-link-normal-color:var( --e-global-color-text );--product-link-hover-color:var( --e-global-color-accent );--order-summary-items-divider-color:var( --e-global-color-9eaa092 );--order-summary-quantity-border-color:var( --e-global-color-9eaa092 );--order-summary-remove-icon-normal-color:var( --e-global-color-text );--order-summary-remove-icon-hover-color:var( --e-global-color-accent );--totals-color:var( --e-global-color-secondary );--totals-divider-color:var( --e-global-color-9eaa092 );--totals-divider-weight:1px;--checkout-button-normal-text-color:var( --e-global-color-651faef );--checkout-button-hover-text-color:var( --e-global-color-accent );--checkout-button-border-radius:0px 0px 0px 0px;}.elementor-8 .elementor-element.elementor-element-27edccd6 .cart_totals h2{font-family:var( --e-global-typography-7044a64-font-family ), Sans-serif;font-size:var( --e-global-typography-7044a64-font-size );font-weight:var( --e-global-typography-7044a64-font-weight );line-height:var( --e-global-typography-7044a64-line-height );letter-spacing:var( --e-global-typography-7044a64-letter-spacing );word-spacing:var( --e-global-typography-7044a64-word-spacing );}.elementor-8 .elementor-element.elementor-element-27edccd6 {--sections-descriptions-color:var( --e-global-color-text );}.elementor-8 .elementor-element.elementor-element-27edccd6 .e-cart-content, .elementor-8 .elementor-element.elementor-element-27edccd6 .woocommerce-shipping-destination, .elementor-8 .elementor-element.elementor-element-27edccd6 .shipping-calculator-button{font-family:var( --e-global-typography-b2ce6af-font-family ), Sans-serif;font-size:var( --e-global-typography-b2ce6af-font-size );line-height:var( --e-global-typography-b2ce6af-line-height );letter-spacing:var( --e-global-typography-b2ce6af-letter-spacing );word-spacing:var( --e-global-typography-b2ce6af-word-spacing );}.elementor-8 .elementor-element.elementor-element-27edccd6 #shipping_method li label{font-family:var( --e-global-typography-text-font-family ), Sans-serif;font-size:var( --e-global-typography-text-font-size );font-weight:var( --e-global-typography-text-font-weight );line-height:var( --e-global-typography-text-line-height );letter-spacing:var( --e-global-typography-text-letter-spacing );}.elementor-8 .elementor-element.elementor-element-27edccd6 .coupon .input-text, .elementor-8 .elementor-element.elementor-element-27edccd6 .cart-collaterals .input-text, .elementor-8 .elementor-element.elementor-element-27edccd6 select, .elementor-8 .elementor-element.elementor-element-27edccd6 .select2-selection--single{font-family:var( --e-global-typography-b2ce6af-font-family ), Sans-serif;font-size:var( --e-global-typography-b2ce6af-font-size );line-height:var( --e-global-typography-b2ce6af-line-height );letter-spacing:var( --e-global-typography-b2ce6af-letter-spacing );word-spacing:var( --e-global-typography-b2ce6af-word-spacing );}.e-woo-select2-wrapper .select2-results__option{color:#FFFFFF;}.elementor-8 .elementor-element.elementor-element-27edccd6 .select2-container--default .select2-selection--single .select2-selection__arrow b{border-color:#FFFFFF transparent transparent transparent;}.elementor-8 .elementor-element.elementor-element-27edccd6 .shop_table .button{font-family:var( --e-global-typography-text-font-family ), Sans-serif;font-size:var( --e-global-typography-text-font-size );font-weight:var( --e-global-typography-text-font-weight );line-height:var( --e-global-typography-text-line-height );letter-spacing:var( --e-global-typography-text-letter-spacing );background-color:var( --e-global-color-accent );}.elementor-8 .elementor-element.elementor-element-27edccd6 .shop_table .button:hover, .elementor-8 .elementor-element.elementor-element-27edccd6 .shop_table .button:disabled[disabled]:hover{background-color:var( --e-global-color-secondary );}.elementor-8 .elementor-element.elementor-element-27edccd6 .woocommerce-cart-form{--order-summary-title-color:var( --e-global-color-secondary );}.elementor-8 .elementor-element.elementor-element-27edccd6 .e-shop-table .cart th, .elementor-8 .elementor-element.elementor-element-27edccd6 .e-shop-table .cart td:before{font-family:var( --e-global-typography-7044a64-font-family ), Sans-serif;font-size:var( --e-global-typography-7044a64-font-size );font-weight:var( --e-global-typography-7044a64-font-weight );line-height:var( --e-global-typography-7044a64-line-height );letter-spacing:var( --e-global-typography-7044a64-letter-spacing );word-spacing:var( --e-global-typography-7044a64-word-spacing );}.elementor-8 .elementor-element.elementor-element-27edccd6 .cart td span, .elementor-8 .elementor-element.elementor-element-27edccd6 .cart td, .elementor-8 .elementor-element.elementor-element-27edccd6 .input-text.qty{font-family:var( --e-global-typography-b2ce6af-font-family ), Sans-serif;font-size:var( --e-global-typography-b2ce6af-font-size );line-height:var( --e-global-typography-b2ce6af-line-height );letter-spacing:var( --e-global-typography-b2ce6af-letter-spacing );word-spacing:var( --e-global-typography-b2ce6af-word-spacing );}.elementor-8 .elementor-element.elementor-element-27edccd6 .product-name .variation{font-family:var( --e-global-typography-69c152f-font-family ), Sans-serif;font-size:var( --e-global-typography-69c152f-font-size );line-height:var( --e-global-typography-69c152f-line-height );letter-spacing:var( --e-global-typography-69c152f-letter-spacing );word-spacing:var( --e-global-typography-69c152f-word-spacing );}.elementor-8 .elementor-element.elementor-element-27edccd6 .cart_totals .shop_table td:before, .elementor-8 .elementor-element.elementor-element-27edccd6 .cart_totals .shop_table td .woocommerce-Price-amount{font-family:var( --e-global-typography-7044a64-font-family ), Sans-serif;font-size:var( --e-global-typography-7044a64-font-size );font-weight:var( --e-global-typography-7044a64-font-weight );line-height:var( --e-global-typography-7044a64-line-height );letter-spacing:var( --e-global-typography-7044a64-letter-spacing );word-spacing:var( --e-global-typography-7044a64-word-spacing );}.elementor-8 .elementor-element.elementor-element-27edccd6 .checkout-button{font-family:var( --e-global-typography-text-font-family ), Sans-serif;font-size:var( --e-global-typography-text-font-size );font-weight:var( --e-global-typography-text-font-weight );line-height:var( --e-global-typography-text-line-height );letter-spacing:var( --e-global-typography-text-letter-spacing );}.elementor-8 .elementor-element.elementor-element-27edccd6 .woocommerce .wc-proceed-to-checkout .checkout-button{background-color:var( --e-global-color-accent );}.elementor-8 .elementor-element.elementor-element-27edccd6 .woocommerce .wc-proceed-to-checkout .checkout-button:hover{background-color:var( --e-global-color-secondary );}@media(max-width:1024px){.elementor-8 .elementor-element.elementor-element-7f5c586b{padding:3em 1em 4em 1em;}.elementor-8 .elementor-element.elementor-element-5ab164c5{margin-top:0em;margin-bottom:1em;}.elementor-8 .elementor-element.elementor-element-6f43ae53 .elementor-divider__text{font-size:var( --e-global-typography-5d167aa-font-size );line-height:var( --e-global-typography-5d167aa-line-height );letter-spacing:var( --e-global-typography-5d167aa-letter-spacing );word-spacing:var( --e-global-typography-5d167aa-word-spacing );}.elementor-8 .elementor-element.elementor-element-27edccd6 .cart_totals h2{font-size:var( --e-global-typography-7044a64-font-size );line-height:var( --e-global-typography-7044a64-line-height );letter-spacing:var( --e-global-typography-7044a64-letter-spacing );word-spacing:var( --e-global-typography-7044a64-word-spacing );}.elementor-8 .elementor-element.elementor-element-27edccd6 .e-cart-content, .elementor-8 .elementor-element.elementor-element-27edccd6 .woocommerce-shipping-destination, .elementor-8 .elementor-element.elementor-element-27edccd6 .shipping-calculator-button{font-size:var( --e-global-typography-b2ce6af-font-size );line-height:var( --e-global-typography-b2ce6af-line-height );letter-spacing:var( --e-global-typography-b2ce6af-letter-spacing );word-spacing:var( --e-global-typography-b2ce6af-word-spacing );}.elementor-8 .elementor-element.elementor-element-27edccd6 #shipping_method li label{font-size:var( --e-global-typography-text-font-size );line-height:var( --e-global-typography-text-line-height );letter-spacing:var( --e-global-typography-text-letter-spacing );}.elementor-8 .elementor-element.elementor-element-27edccd6 .coupon .input-text, .elementor-8 .elementor-element.elementor-element-27edccd6 .cart-collaterals .input-text, .elementor-8 .elementor-element.elementor-element-27edccd6 select, .elementor-8 .elementor-element.elementor-element-27edccd6 .select2-selection--single{font-size:var( --e-global-typography-b2ce6af-font-size );line-height:var( --e-global-typography-b2ce6af-line-height );letter-spacing:var( --e-global-typography-b2ce6af-letter-spacing );word-spacing:var( --e-global-typography-b2ce6af-word-spacing );}.elementor-8 .elementor-element.elementor-element-27edccd6 .shop_table .button{font-size:var( --e-global-typography-text-font-size );line-height:var( --e-global-typography-text-line-height );letter-spacing:var( --e-global-typography-text-letter-spacing );}.elementor-8 .elementor-element.elementor-element-27edccd6 .e-shop-table .cart th, .elementor-8 .elementor-element.elementor-element-27edccd6 .e-shop-table .cart td:before{font-size:var( --e-global-typography-7044a64-font-size );line-height:var( --e-global-typography-7044a64-line-height );letter-spacing:var( --e-global-typography-7044a64-letter-spacing );word-spacing:var( --e-global-typography-7044a64-word-spacing );}.elementor-8 .elementor-element.elementor-element-27edccd6 .cart td span, .elementor-8 .elementor-element.elementor-element-27edccd6 .cart td, .elementor-8 .elementor-element.elementor-element-27edccd6 .input-text.qty{font-size:var( --e-global-typography-b2ce6af-font-size );line-height:var( --e-global-typography-b2ce6af-line-height );letter-spacing:var( --e-global-typography-b2ce6af-letter-spacing );word-spacing:var( --e-global-typography-b2ce6af-word-spacing );}.elementor-8 .elementor-element.elementor-element-27edccd6 .product-name .variation{font-size:var( --e-global-typography-69c152f-font-size );line-height:var( --e-global-typography-69c152f-line-height );letter-spacing:var( --e-global-typography-69c152f-letter-spacing );word-spacing:var( --e-global-typography-69c152f-word-spacing );}.elementor-8 .elementor-element.elementor-element-27edccd6 .cart_totals .shop_table td:before, .elementor-8 .elementor-element.elementor-element-27edccd6 .cart_totals .shop_table td .woocommerce-Price-amount{font-size:var( --e-global-typography-7044a64-font-size );line-height:var( --e-global-typography-7044a64-line-height );letter-spacing:var( --e-global-typography-7044a64-letter-spacing );word-spacing:var( --e-global-typography-7044a64-word-spacing );}.elementor-8 .elementor-element.elementor-element-27edccd6 .checkout-button{font-size:var( --e-global-typography-text-font-size );line-height:var( --e-global-typography-text-line-height );letter-spacing:var( --e-global-typography-text-letter-spacing );}}@media(max-width:767px){.elementor-8 .elementor-element.elementor-element-7f5c586b{padding:1.5em 0.5em 2em 0.5em;}.elementor-8 .elementor-element.elementor-element-103c1d5d{width:50%;}.elementor-8 .elementor-element.elementor-element-103c1d5d > .elementor-element-populated{margin:0px 15px 0px 0px;--e-column-margin-right:15px;--e-column-margin-left:0px;}.elementor-8 .elementor-element.elementor-element-6f43ae53 .elementor-divider__text{font-size:var( --e-global-typography-5d167aa-font-size );line-height:var( --e-global-typography-5d167aa-line-height );letter-spacing:var( --e-global-typography-5d167aa-letter-spacing );word-spacing:var( --e-global-typography-5d167aa-word-spacing );}.elementor-8 .elementor-element.elementor-element-699fcc81{width:50%;}.elementor-8 .elementor-element.elementor-element-40ccdf0b .elementor-button{padding:8px 15px 8px 15px;}.elementor-8 .elementor-element.elementor-element-27edccd6{--sections-padding:20px 20px 20px 20px;}.elementor-8 .elementor-element.elementor-element-27edccd6 .cart_totals h2{font-size:var( --e-global-typography-7044a64-font-size );line-height:var( --e-global-typography-7044a64-line-height );letter-spacing:var( --e-global-typography-7044a64-letter-spacing );word-spacing:var( --e-global-typography-7044a64-word-spacing );}.elementor-8 .elementor-element.elementor-element-27edccd6 .e-cart-content, .elementor-8 .elementor-element.elementor-element-27edccd6 .woocommerce-shipping-destination, .elementor-8 .elementor-element.elementor-element-27edccd6 .shipping-calculator-button{font-size:var( --e-global-typography-b2ce6af-font-size );line-height:var( --e-global-typography-b2ce6af-line-height );letter-spacing:var( --e-global-typography-b2ce6af-letter-spacing );word-spacing:var( --e-global-typography-b2ce6af-word-spacing );}.elementor-8 .elementor-element.elementor-element-27edccd6 #shipping_method li label{font-size:var( --e-global-typography-text-font-size );line-height:var( --e-global-typography-text-line-height );letter-spacing:var( --e-global-typography-text-letter-spacing );}.elementor-8 .elementor-element.elementor-element-27edccd6 .coupon .input-text, .elementor-8 .elementor-element.elementor-element-27edccd6 .cart-collaterals .input-text, .elementor-8 .elementor-element.elementor-element-27edccd6 select, .elementor-8 .elementor-element.elementor-element-27edccd6 .select2-selection--single{font-size:var( --e-global-typography-b2ce6af-font-size );line-height:var( --e-global-typography-b2ce6af-line-height );letter-spacing:var( --e-global-typography-b2ce6af-letter-spacing );word-spacing:var( --e-global-typography-b2ce6af-word-spacing );}.elementor-8 .elementor-element.elementor-element-27edccd6 .shop_table .button{font-size:var( --e-global-typography-text-font-size );line-height:var( --e-global-typography-text-line-height );letter-spacing:var( --e-global-typography-text-letter-spacing );}.elementor-8 .elementor-element.elementor-element-27edccd6 .e-shop-table .cart th, .elementor-8 .elementor-element.elementor-element-27edccd6 .e-shop-table .cart td:before{font-size:var( --e-global-typography-7044a64-font-size );line-height:var( --e-global-typography-7044a64-line-height );letter-spacing:var( --e-global-typography-7044a64-letter-spacing );word-spacing:var( --e-global-typography-7044a64-word-spacing );}.elementor-8 .elementor-element.elementor-element-27edccd6 .cart td span, .elementor-8 .elementor-element.elementor-element-27edccd6 .cart td, .elementor-8 .elementor-element.elementor-element-27edccd6 .input-text.qty{font-size:var( --e-global-typography-b2ce6af-font-size );line-height:var( --e-global-typography-b2ce6af-line-height );letter-spacing:var( --e-global-typography-b2ce6af-letter-spacing );word-spacing:var( --e-global-typography-b2ce6af-word-spacing );}.elementor-8 .elementor-element.elementor-element-27edccd6 .product-name .variation{font-size:var( --e-global-typography-69c152f-font-size );line-height:var( --e-global-typography-69c152f-line-height );letter-spacing:var( --e-global-typography-69c152f-letter-spacing );word-spacing:var( --e-global-typography-69c152f-word-spacing );}.elementor-8 .elementor-element.elementor-element-27edccd6 .cart_totals .shop_table td:before, .elementor-8 .elementor-element.elementor-element-27edccd6 .cart_totals .shop_table td .woocommerce-Price-amount{font-size:var( --e-global-typography-7044a64-font-size );line-height:var( --e-global-typography-7044a64-line-height );letter-spacing:var( --e-global-typography-7044a64-letter-spacing );word-spacing:var( --e-global-typography-7044a64-word-spacing );}.elementor-8 .elementor-element.elementor-element-27edccd6 .checkout-button{font-size:var( --e-global-typography-text-font-size );line-height:var( --e-global-typography-text-line-height );letter-spacing:var( --e-global-typography-text-letter-spacing );}}@media(min-width:768px){.elementor-8 .elementor-element.elementor-element-103c1d5d{width:79.786%;}.elementor-8 .elementor-element.elementor-element-699fcc81{width:20%;}}@media(max-width:1024px) and (min-width:768px){.elementor-8 .elementor-element.elementor-element-103c1d5d{width:70%;}.elementor-8 .elementor-element.elementor-element-699fcc81{width:30%;}}<\/style>\t\t<div data-elementor-type=\"wp-page\" data-elementor-id=\"8\" class=\"elementor elementor-8\" data-elementor-post-type=\"page\">\n\t\t\t\t\t\t<section class=\"elementor-section elementor-top-section elementor-element elementor-element-7f5c586b elementor-section-boxed elementor-section-height-default elementor-section-height-default\" data-id=\"7f5c586b\" data-element_type=\"section\" data-e-type=\"section\" data-settings=\"{&quot;background_background&quot;:&quot;classic&quot;}\">\n\t\t\t\t\t\t\t<div class=\"elementor-background-overlay\"><\/div>\n\t\t\t\t\t\t\t<div class=\"elementor-container elementor-column-gap-no\">\n\t\t\t\t\t<div class=\"elementor-column elementor-col-100 elementor-top-column elementor-element elementor-element-13f11cb8\" data-id=\"13f11cb8\" data-element_type=\"column\" data-e-type=\"column\">\n\t\t\t<div class=\"elementor-widget-wrap elementor-element-populated\">\n\t\t\t\t\t\t<section class=\"elementor-section elementor-inner-section elementor-element elementor-element-5ab164c5 elementor-section-content-middle elementor-section-boxed elementor-section-height-default elementor-section-height-default\" data-id=\"5ab164c5\" data-element_type=\"section\" data-e-type=\"section\">\n\t\t\t\t\t\t<div class=\"elementor-container elementor-column-gap-no\">\n\t\t\t\t\t<div class=\"elementor-column elementor-col-50 elementor-inner-column elementor-element elementor-element-103c1d5d\" data-id=\"103c1d5d\" data-element_type=\"column\" data-e-type=\"column\">\n\t\t\t<div class=\"elementor-widget-wrap elementor-element-populated\">\n\t\t\t\t\t\t<div class=\"elementor-element elementor-element-6f43ae53 elementor-widget-divider--view-line_text elementor-widget-divider--element-align-left elementor-widget elementor-widget-divider\" data-id=\"6f43ae53\" data-element_type=\"widget\" data-e-type=\"widget\" data-widget_type=\"divider.default\">\n\t\t\t\t<div class=\"elementor-widget-container\">\n\t\t\t\t\t\t\t<div class=\"elementor-divider\">\n\t\t\t<span class=\"elementor-divider-separator\">\n\t\t\t\t\t\t\t<span class=\"elementor-divider__text elementor-divider__element\">\n\t\t\t\tOstoskori\t\t\t\t<\/span>\n\t\t\t\t\t\t<\/span>\n\t\t<\/div>\n\t\t\t\t\t\t<\/div>\n\t\t\t\t<\/div>\n\t\t\t\t\t<\/div>\n\t\t<\/div>\n\t\t\t\t<div class=\"elementor-column elementor-col-50 elementor-inner-column elementor-element elementor-element-699fcc81\" data-id=\"699fcc81\" data-element_type=\"column\" data-e-type=\"column\">\n\t\t\t<div class=\"elementor-widget-wrap elementor-element-populated\">\n\t\t\t\t\t\t<div class=\"elementor-element elementor-element-40ccdf0b elementor-align-right elementor-widget elementor-widget-button\" data-id=\"40ccdf0b\" data-element_type=\"widget\" data-e-type=\"widget\" data-widget_type=\"button.default\">\n\t\t\t\t<div class=\"elementor-widget-container\">\n\t\t\t\t\t\t\t\t\t<div class=\"elementor-button-wrapper\">\n\t\t\t\t\t<a class=\"elementor-button elementor-button-link elementor-size-sm\" href=\"#\">\n\t\t\t\t\t\t<span class=\"elementor-button-content-wrapper\">\n\t\t\t\t\t\t\t\t\t<span class=\"elementor-button-text\">Lis\u00e4\u00e4 tuotteita?<\/span>\n\t\t\t\t\t<\/span>\n\t\t\t\t\t<\/a>\n\t\t\t\t<\/div>\n\t\t\t\t\t\t\t\t<\/div>\n\t\t\t\t<\/div>\n\t\t\t\t\t<\/div>\n\t\t<\/div>\n\t\t\t\t\t<\/div>\n\t\t<\/section>\n\t\t\t\t\t<\/div>\n\t\t<\/div>\n\t\t\t\t\t<\/div>\n\t\t<\/section>\n\t\t\t\t<\/div>\n\t\t","protected":false},"excerpt":{"rendered":"<p>Ostoskori Lis\u00e4\u00e4 tuotteita? Ostoskori on tyhj\u00e4. Takaisin kauppaan<\/p>","protected":false},"author":1,"featured_media":0,"parent":0,"menu_order":0,"comment_status":"closed","ping_status":"closed","template":"","meta":{"_acf_changed":false,"footnotes":""},"class_list":["post-8","page","type-page","status-publish","hentry"],"acf":[],"_links":{"self":[{"href":"https:\/\/voitelukeskus.fi\/sv\/wp-json\/wp\/v2\/pages\/8","targetHints":{"allow":["GET"]}}],"collection":[{"href":"https:\/\/voitelukeskus.fi\/sv\/wp-json\/wp\/v2\/pages"}],"about":[{"href":"https:\/\/voitelukeskus.fi\/sv\/wp-json\/wp\/v2\/types\/page"}],"author":[{"embeddable":true,"href":"https:\/\/voitelukeskus.fi\/sv\/wp-json\/wp\/v2\/users\/1"}],"replies":[{"embeddable":true,"href":"https:\/\/voitelukeskus.fi\/sv\/wp-json\/wp\/v2\/comments?post=8"}],"version-history":[{"count":10,"href":"https:\/\/voitelukeskus.fi\/sv\/wp-json\/wp\/v2\/pages\/8\/revisions"}],"predecessor-version":[{"id":464,"href":"https:\/\/voitelukeskus.fi\/sv\/wp-json\/wp\/v2\/pages\/8\/revisions\/464"}],"wp:attachment":[{"href":"https:\/\/voitelukeskus.fi\/sv\/wp-json\/wp\/v2\/media?parent=8"}],"curies":[{"name":"wp","href":"https:\/\/api.w.org\/{rel}","templated":true}]}}