{"id":11,"date":"2025-02-18T10:12:08","date_gmt":"2025-02-18T10:12:08","guid":{"rendered":"https:\/\/voitelukeskus.fi\/?page_id=11"},"modified":"2025-05-20T07:56:49","modified_gmt":"2025-05-20T07:56:49","slug":"toimitusehdot","status":"publish","type":"page","link":"https:\/\/voitelukeskus.fi\/sv\/toimitusehdot\/","title":{"rendered":"Leveransvillkor"},"content":{"rendered":"<style>.elementor-11 .elementor-element.elementor-element-49c1cf6c{--display:flex;}.elementor-11 .elementor-element.elementor-element-30a3bf4a > .elementor-widget-container{margin:0px 200px 0px 200px;}@media(max-width:767px){.elementor-11 .elementor-element.elementor-element-30a3bf4a > .elementor-widget-container{margin:0px 10px 0px 10px;}}<\/style>\t\t<div data-elementor-type=\"wp-page\" data-elementor-id=\"11\" class=\"elementor elementor-11\" data-elementor-post-type=\"page\">\n\t\t\t\t<div class=\"elementor-element elementor-element-49c1cf6c e-flex e-con-boxed e-con e-parent\" data-id=\"49c1cf6c\" data-element_type=\"container\" data-e-type=\"container\">\n\t\t\t\t\t<div class=\"e-con-inner\">\n\t\t\t\t<div class=\"elementor-element elementor-element-30a3bf4a elementor-widget elementor-widget-text-editor\" data-id=\"30a3bf4a\" data-element_type=\"widget\" data-e-type=\"widget\" data-widget_type=\"text-editor.default\">\n\t\t\t\t<div class=\"elementor-widget-container\">\n\t\t\t\t\t\t\t\t\t<p>\u00a0<\/p>\n<p>\u00a0<\/p>\n\n<h3 class=\"wp-block-heading\">Voitelukeskus.coms leveransvillkor<\/h3>\n\n<p>\u00a0<\/p>\n\n<h4 class=\"wp-block-heading\">Allm\u00e4n<\/h4>\n\n<p>Voitelukeskus, organisationsnummer: 3377838-8, adress: Turkkirata 10, 33960 Pirkkala; s\u00e4ljer produkter till f\u00f6retag och vuxna inom EU. Dessa leveransvillkor g\u00e4ller f\u00f6r best\u00e4llning av produkter i v\u00e5r webbutik och liknande leveranser.<\/p>\n\n<p>Dessa leveransvillkor g\u00e4ller fr\u00e5n och med den 10 april 2024. Vi kan komma att \u00e4ndra leveransvillkoren ensidigt, s\u00e5 v\u00e4nligen bekanta dig med v\u00e5ra leveransvillkor i f\u00f6rv\u00e4g varje g\u00e5ng du best\u00e4ller produkter fr\u00e5n v\u00e5r webbutik.<\/p>\n\n<h4 class=\"wp-block-heading\">Produkter och produktpriser<\/h4>\n\n<p>Funktioner och priser f\u00f6r produkterna i webbutiken presenteras i samband med produktpresentationen av varje produkt. Vi f\u00f6rbeh\u00e5ller oss r\u00e4tten att \u00e4ndra priser och leveranskostnader. V\u00e4nligen kontrollera de aktuella priserna i varukorgen innan du accepterar best\u00e4llningen. Priserna p\u00e5 produkterna inkluderar moms, vilket anges i varukorgen och i orderbekr\u00e4ftelsen.<\/p>\n\n<h4 class=\"wp-block-heading\">Fraktkostnader<\/h4>\n\n<p>Fraktkostnaderna som kan debiteras f\u00f6r din best\u00e4llning beror p\u00e5 produkten (t.ex. vikt, f\u00f6rpackning) och vald fraktmetod. De l\u00e4ggs automatiskt till det totala best\u00e4llningsbeloppet. Du kan se fraktkostnaderna som debiterats f\u00f6r din best\u00e4llning i din varukorg innan du accepterar best\u00e4llningen.<\/p>\n\n<h4 class=\"wp-block-heading\">Best\u00e4llning och avtal<\/h4>\n\n<p>Du kan best\u00e4lla produkter p\u00e5 v\u00e5r webbutiks hemsida genom att l\u00e4gga dem i din varukorg, bekr\u00e4fta best\u00e4llningen och betala f\u00f6r inneh\u00e5llet i din varukorg i betalningstj\u00e4nsten. N\u00e4r du best\u00e4ller fr\u00e5n v\u00e5r webbutik kr\u00e4vs det att du har l\u00e4st och godk\u00e4nt v\u00e5ra aktuella leveransvillkor. Din best\u00e4llning, som vi accepterar och bekr\u00e4ftar, \u00e4r bindande och skapar ett avtal mellan oss g\u00e4llande dessa leveransvillkor.<\/p>\n\n<h4 class=\"wp-block-heading\">Betalning och betalningsmetoder<\/h4>\n\n<p>Du kan betala din best\u00e4llning med de betalningsmetoder som beskrivs i webbutiken och finns i varukorgen.<\/p>\n\n<h4 class=\"wp-block-heading\">Order- och betalningsbekr\u00e4ftelse<\/h4>\n\n<p>Efter en lyckad best\u00e4llning skickas en orderbekr\u00e4ftelse till din e-postadress. Orderbekr\u00e4ftelsen bekr\u00e4ftar \u00e4ven vilken betalningsmetod som anv\u00e4nts.<\/p>\n\n<h4 class=\"wp-block-heading\">Leveransmetod<\/h4>\n\n<p>Vi levererar din best\u00e4llning med den leveransmetod du har valt, vilken anges p\u00e5 v\u00e5r webbplats n\u00e4r du g\u00f6r din best\u00e4llning.<\/p>\n\n<h4 class=\"wp-block-heading\">Leveranstid<\/h4>\n\n<p>V\u00e5ra vanligaste leveranstider inom EU \u00e4r 1\u20135 dagar, beroende p\u00e5 best\u00e4llning och leveransmetod. Mer detaljerade tider finns i produktalternativen.<\/p>\n\n<h4 class=\"wp-block-heading\">\u00c5ngerr\u00e4tt och returvillkor<\/h4>\n\n<p>Du har r\u00e4tt att avbryta din best\u00e4llning genom att meddela oss senast 14 dagar efter att du mottagit varorna. \u00c5ngerr\u00e4tten g\u00e4ller endast oanv\u00e4nda produkter i originalf\u00f6rpackning. Varorna m\u00e5ste returneras utan dr\u00f6jsm\u00e5l och senast 14 dagar efter att \u00e5ngermeddelandet har l\u00e4mnats.<\/p>\n\n<h4 class=\"wp-block-heading\">V\u00e5r returadress<\/h4>\n\n<p>Sm\u00f6rjcentral<\/p>\n\n<p>Turkiet sp\u00e5r 10<\/p>\n\n<p>33960 Pirkkala<\/p>\n\n<h4 class=\"wp-block-heading\">Verifiering av inl\u00e4mning, fel och problemsituationer<\/h4>\n\n<p>Om produkten f\u00f6rloras, skadas under transport eller p\u00e5 annat s\u00e4tt inte matchar din best\u00e4llning, v\u00e4nligen meddela v\u00e5r kundtj\u00e4nst s\u00e5 snart som m\u00f6jligt.<\/p>\n\n<h4 class=\"wp-block-heading\">Kundservice<\/h4>\n\n<p>V\u00e5r kundtj\u00e4nst hj\u00e4lper dig med eventuella fr\u00e5gor g\u00e4llande din best\u00e4llning. Kontakta oss via e-post. <a href=\"mailto:info@voitelukeskus.com\">info@voitelukeskus.com<\/a> eller via telefon 020 7434 780.<\/p>\n\n<h4 class=\"wp-block-heading\">Ansvarsbegr\u00e4nsning<\/h4>\n\n<p>Lubrication Center ansvarar inte f\u00f6r direkta eller indirekta skador i samband med best\u00e4llningen, leveransen eller produkten, f\u00f6rutom i enlighet med konsumentskyddslagen eller annan tvingande lagstiftning.<\/p>\n\n<h4 class=\"wp-block-heading\">Oenigheter<\/h4>\n\n<p>Vi str\u00e4var fr\u00e4mst efter att l\u00f6sa tvister genom f\u00f6rhandlingar. Om tvisten inte kan l\u00f6sas kan konsumenten h\u00e4nskjuta \u00e4rendet till Konsumenttvistn\u00e4mnden.<\/p>\n\n<p>\u00a0<\/p>\n\n<p><br \/><br \/><\/p>\t\t\t\t\t\t\t\t<\/div>\n\t\t\t\t<\/div>\n\t\t\t\t\t<\/div>\n\t\t\t\t<\/div>\n\t\t\t\t<\/div>","protected":false},"excerpt":{"rendered":"<p>\u00a0 \u00a0 Voitelukeskus.com:n toimitusehdot \u00a0 Yleist\u00e4 Voitelukeskus, y-tunnus: 3377838-8, osoite: Turkkirata 10, 33960 Pirkkala; myy tuotteita yrityksille ja t\u00e4ysi-ik\u00e4isille yksityishenkil\u00f6ille EU-alueelle. N\u00e4m\u00e4 toimitusehdot soveltuvat tuotteiden tilaamiseen verkkokaupassamme sek\u00e4 vastaaviin toimituksiin. N\u00e4m\u00e4 toimitusehtomme ovat voimassa\u00a010.4.2024 alkaen. Voimme muuttaa toimitusehtoja yksipuolisesti aika ajoin, joten tutustuthan toimitusehtoihimme joka kerta etuk\u00e4teen kun tilaat tuotteita verkkokaupastamme. Tuotteet ja tuotehinnat Verkkokaupan [&hellip;]<\/p>\n","protected":false},"author":1,"featured_media":0,"parent":0,"menu_order":0,"comment_status":"closed","ping_status":"closed","template":"","meta":{"_acf_changed":false,"footnotes":""},"class_list":["post-11","page","type-page","status-publish","hentry"],"acf":[],"_links":{"self":[{"href":"https:\/\/voitelukeskus.fi\/sv\/wp-json\/wp\/v2\/pages\/11","targetHints":{"allow":["GET"]}}],"collection":[{"href":"https:\/\/voitelukeskus.fi\/sv\/wp-json\/wp\/v2\/pages"}],"about":[{"href":"https:\/\/voitelukeskus.fi\/sv\/wp-json\/wp\/v2\/types\/page"}],"author":[{"embeddable":true,"href":"https:\/\/voitelukeskus.fi\/sv\/wp-json\/wp\/v2\/users\/1"}],"replies":[{"embeddable":true,"href":"https:\/\/voitelukeskus.fi\/sv\/wp-json\/wp\/v2\/comments?post=11"}],"version-history":[{"count":13,"href":"https:\/\/voitelukeskus.fi\/sv\/wp-json\/wp\/v2\/pages\/11\/revisions"}],"predecessor-version":[{"id":2809,"href":"https:\/\/voitelukeskus.fi\/sv\/wp-json\/wp\/v2\/pages\/11\/revisions\/2809"}],"wp:attachment":[{"href":"https:\/\/voitelukeskus.fi\/sv\/wp-json\/wp\/v2\/media?parent=11"}],"curies":[{"name":"wp","href":"https:\/\/api.w.org\/{rel}","templated":true}]}}