{"id":623,"date":"2025-02-03T10:26:06","date_gmt":"2025-02-03T10:26:06","guid":{"rendered":"https:\/\/voitelukeskus.fi\/?post_type=product&#038;p=623"},"modified":"2025-07-16T10:47:05","modified_gmt":"2025-07-16T10:47:05","slug":"k-10-hydro-46-k-vi-190","status":"publish","type":"product","link":"https:\/\/voitelukeskus.fi\/fi\/tuote\/k-10-hydro-46-k-vi-190\/","title":{"rendered":"K-10 HYDRO 46 K SUPER VI 190 hydrauli\u00f6ljy 208L"},"content":{"rendered":"<p>HYDRO K-10 Super VI190 \u00f6ljyt ovat ymp\u00e4rivuotiseen k\u00e4ytt\u00f6\u00f6n vaativissa olosuhteissa tarkoitettuja parafiinisist\u00e4 mineraali\u00f6ljyist\u00e4 valmistettuja super-luokan HVLP- luokan hydrauliikka\u00f6ljyj\u00e4. Ne soveltuvat sek\u00e4 paikallisiin ett\u00e4 liikkuviin hydrauliikkaj\u00e4rjestelmiin jotka toimivat vaihtelevissa olosuhteissa ja l\u00e4mp\u00f6tiloissa.<\/p>\n<p>HYDRO K-10 Super VI190 \u00f6ljyt ovat suunniteltu huomoiden erityisesti pohjoisen olosuhteissa toimivien nykyaikaisten laitteiden asettamat vaatimukset niin paineenkeston kuin kulumiseneston suhteen. Niiden eritt\u00e4in korkea viskositeetti-indeksi mahdollistaa laitteiden k\u00e4ynnistyksen my\u00f6s eritt\u00e4in kylmiss\u00e4 olosuhteissa kuitenkin s\u00e4ilytt\u00e4en \u00f6ljykalvon paksuuden my\u00f6s kuumana.<\/p>\n<p><strong>Tuotteen ominaisuudet:<\/strong><br \/>\n<img fetchpriority=\"high\" decoding=\"async\" class=\"alignnone size-full wp-image-1587\" src=\"https:\/\/voitelukeskus.fi\/wp-content\/uploads\/2025\/02\/V190_ominaisuudet_.jpg\" alt=\"\" width=\"736\" height=\"158\" srcset=\"https:\/\/voitelukeskus.fi\/wp-content\/uploads\/2025\/02\/V190_ominaisuudet_.jpg 736w, https:\/\/voitelukeskus.fi\/wp-content\/uploads\/2025\/02\/V190_ominaisuudet_-300x64.jpg 300w, https:\/\/voitelukeskus.fi\/wp-content\/uploads\/2025\/02\/V190_ominaisuudet_-600x129.jpg 600w\" sizes=\"(max-width: 736px) 100vw, 736px\" \/><\/p>\n","protected":false},"excerpt":{"rendered":"<p><strong>T\u00e4ytt\u00e4v\u00e4t seuraavat vaatimukset \/ luokitukset:<\/strong><br \/>\nSAE MS 1004; ISO Viscosity Grade 46; DIN 51524-2 (HM)\/-3 (HV); ISO 11158 (HM, HV); ASTM USA D6158; ANSI AGMA 9005-E02-RO; AIST 126\/127; JCMAS P041 HK Hydraulic specification; GERMAN STEEL INDUSTRY SEB 181222; BOSCH REXROTH RE 90220; EATON M-2950-S; EATON I-286-S3; GM LS2; MAG CINCINNATI P-68\/-69\/-70; PARKER DENISON HF-0\/-1\/-2; SPERRY VICKERS M-2950-S; SPERRY VICKERS I-286-S3<\/p>\n<p><strong>Pakkauskoot:<\/strong><br \/>\n208 L ja 1000 L<\/p>\n","protected":false},"featured_media":628,"comment_status":"open","ping_status":"closed","template":"","meta":{"_acf_changed":false},"product_brand":[135],"product_cat":[41,36],"product_tag":[65,18,66],"class_list":{"0":"post-623","1":"product","2":"type-product","3":"status-publish","4":"has-post-thumbnail","6":"product_brand-k-10","7":"product_cat-hydraulioljyt","8":"product_cat-oljyt","9":"product_tag-hvlp-hydrauliikkaoljy","10":"product_tag-hydrauliikkaoljy","11":"product_tag-korkean-viskositeetti-indeksin-oljy","13":"first","14":"instock","15":"taxable","16":"shipping-taxable","17":"purchasable","18":"product-type-simple"},"acf":[],"_links":{"self":[{"href":"https:\/\/voitelukeskus.fi\/fi\/wp-json\/wp\/v2\/product\/623","targetHints":{"allow":["GET"]}}],"collection":[{"href":"https:\/\/voitelukeskus.fi\/fi\/wp-json\/wp\/v2\/product"}],"about":[{"href":"https:\/\/voitelukeskus.fi\/fi\/wp-json\/wp\/v2\/types\/product"}],"replies":[{"embeddable":true,"href":"https:\/\/voitelukeskus.fi\/fi\/wp-json\/wp\/v2\/comments?post=623"}],"wp:featuredmedia":[{"embeddable":true,"href":"https:\/\/voitelukeskus.fi\/fi\/wp-json\/wp\/v2\/media\/628"}],"wp:attachment":[{"href":"https:\/\/voitelukeskus.fi\/fi\/wp-json\/wp\/v2\/media?parent=623"}],"wp:term":[{"taxonomy":"product_brand","embeddable":true,"href":"https:\/\/voitelukeskus.fi\/fi\/wp-json\/wp\/v2\/product_brand?post=623"},{"taxonomy":"product_cat","embeddable":true,"href":"https:\/\/voitelukeskus.fi\/fi\/wp-json\/wp\/v2\/product_cat?post=623"},{"taxonomy":"product_tag","embeddable":true,"href":"https:\/\/voitelukeskus.fi\/fi\/wp-json\/wp\/v2\/product_tag?post=623"}],"curies":[{"name":"wp","href":"https:\/\/api.w.org\/{rel}","templated":true}]}}