{"id":4604,"date":"2026-03-09T09:38:32","date_gmt":"2026-03-09T07:38:32","guid":{"rendered":"https:\/\/voitelukeskus.fi\/?post_type=product&#038;p=4604"},"modified":"2026-03-09T09:38:41","modified_gmt":"2026-03-09T07:38:41","slug":"k-10-arctic-scr-urealiuos-10l-12kpl","status":"publish","type":"product","link":"https:\/\/voitelukeskus.fi\/fi\/tuote\/k-10-arctic-scr-urealiuos-10l-12kpl\/","title":{"rendered":"K-10 Arctic SCR++ urealiuos 10L (12kpl)"},"content":{"rendered":"<p><strong>K\u00e4ytt\u00f6ohje:<\/strong><br \/>\nLis\u00e4\u00e4 vain ajoneuvon AdBlue-s\u00e4ili\u00f6\u00f6n.<br \/>\nEi saa sekoittaa polttoaineeseen.<br \/>\nPuhdista t\u00e4ytt\u00f6aukko ennen lis\u00e4yst\u00e4.<\/p>\n","protected":false},"excerpt":{"rendered":"<p><strong>K-10 Arctic SRC++<\/strong> on korkealaatuinen 32,5 % urealiuos dieselajoneuvojen SCR-j\u00e4rjestelmiin NOx-p\u00e4\u00e4st\u00f6jen v\u00e4hent\u00e4miseksi. Tuote sis\u00e4lt\u00e4\u00e4 <strong>kristallisoitumista ehk\u00e4isev\u00e4n lis\u00e4aineen<\/strong>, joka v\u00e4hent\u00e4\u00e4 kiteytymisen ja tukkeutumisen riski\u00e4, sek\u00e4 <strong>j\u00e4hmettymist\u00e4 ehk\u00e4isev\u00e4n kylm\u00e4lis\u00e4aineen<\/strong>, joka parantaa SCR-j\u00e4rjestelm\u00e4n toimivuutta kylmiss\u00e4 olosuhteissa. K-10 Arctic SRC++ tukee j\u00e4rjestelm\u00e4n luotettavaa toimintaa ja puhtaampaa k\u00e4ynti\u00e4.<\/p>\n<p><strong>Myyntier\u00e4<\/strong><br \/>\nToimitetaan 12 kpl myyntieriss\u00e4<\/p>\n","protected":false},"featured_media":4598,"comment_status":"closed","ping_status":"closed","template":"","meta":{"_acf_changed":false},"product_brand":[135],"product_cat":[211],"product_tag":[],"class_list":{"0":"post-4604","1":"product","2":"type-product","3":"status-publish","4":"has-post-thumbnail","6":"product_brand-k-10","7":"product_cat-adblue","9":"first","10":"instock","11":"taxable","12":"shipping-taxable","13":"purchasable","14":"product-type-simple"},"acf":[],"_links":{"self":[{"href":"https:\/\/voitelukeskus.fi\/fi\/wp-json\/wp\/v2\/product\/4604","targetHints":{"allow":["GET"]}}],"collection":[{"href":"https:\/\/voitelukeskus.fi\/fi\/wp-json\/wp\/v2\/product"}],"about":[{"href":"https:\/\/voitelukeskus.fi\/fi\/wp-json\/wp\/v2\/types\/product"}],"replies":[{"embeddable":true,"href":"https:\/\/voitelukeskus.fi\/fi\/wp-json\/wp\/v2\/comments?post=4604"}],"wp:featuredmedia":[{"embeddable":true,"href":"https:\/\/voitelukeskus.fi\/fi\/wp-json\/wp\/v2\/media\/4598"}],"wp:attachment":[{"href":"https:\/\/voitelukeskus.fi\/fi\/wp-json\/wp\/v2\/media?parent=4604"}],"wp:term":[{"taxonomy":"product_brand","embeddable":true,"href":"https:\/\/voitelukeskus.fi\/fi\/wp-json\/wp\/v2\/product_brand?post=4604"},{"taxonomy":"product_cat","embeddable":true,"href":"https:\/\/voitelukeskus.fi\/fi\/wp-json\/wp\/v2\/product_cat?post=4604"},{"taxonomy":"product_tag","embeddable":true,"href":"https:\/\/voitelukeskus.fi\/fi\/wp-json\/wp\/v2\/product_tag?post=4604"}],"curies":[{"name":"wp","href":"https:\/\/api.w.org\/{rel}","templated":true}]}}