{"id":4346,"date":"2025-12-11T13:09:38","date_gmt":"2025-12-11T11:09:38","guid":{"rendered":"https:\/\/voitelukeskus.fi\/tuote\/k-10-central-lionlube-ep-0-18kg\/"},"modified":"2025-12-15T11:35:17","modified_gmt":"2025-12-15T09:35:17","slug":"k-10-central-lionlube-ep-0-18kg","status":"publish","type":"product","link":"https:\/\/voitelukeskus.fi\/fi\/tuote\/k-10-central-lionlube-ep-0-18kg\/","title":{"rendered":"K-10 Central LionLube EP 0 &#8211; 18kg"},"content":{"rendered":"<p><strong>KUN VAADIT PARASTA, VALITSE VOITELU JOKA KEST\u00c4\u00c4!<\/strong><\/p>\n<p>Huippuluokan litium-kalsium-rasva, joka suojaa, voitelee ja kest\u00e4\u00e4. Laadukas keskusvoitelurasva, NLGI0, vaativiin keskusvoiteluj\u00e4rjestelmiin. Uniikki koostumus takaa erinomaisen k\u00e4ytett\u00e4vyyden ja pitk\u00e4 k\u00e4ytt\u00f6ik\u00e4 s\u00e4\u00e4st\u00e4\u00e4 aikaa ja huoltokustannuksia.<\/p>\n<p>\u25cf \u00c4\u00e4rimm\u00e4inen kulumissuoja<br \/>\n\u25cf Korroosion ja hapettumisen esto<br \/>\n\u25cf Toimii kaikissa olosuhteissa (-35\u00b0C &#8211; +125\u00b0C)<\/p>\n","protected":false},"excerpt":{"rendered":"<p><strong>TEHOKAS KORROOSIONESTO &#8211; \u00c4\u00c4RIMM\u00c4IST\u00c4 SUORITUSKYKY\u00c4<\/strong><br \/>\n<strong>Laadukas keskusvoitelurasva, NLGI0<\/strong><\/p>\n<p>Vedenkest\u00e4v\u00e4 litium-kalsiumsaippuaan pohjautuva keskusvoitelurasva, jonka \u00f6ljyn\u00e4 korkeajalosteisen mineraali\u00f6ljyn ja synteettisen esterin seos. Erikoislis\u00e4aineina kiinnitarttuvuutta parantavat sek\u00e4 hapettumista ja korroosiota est\u00e4v\u00e4t lis\u00e4aineet. K\u00e4ytt\u00f6l\u00e4mp\u00f6tila-alue -35\u00b0C &#8211; +125\u00b0C.<\/p>\n<p><strong>Pakkauskoko<\/strong><br \/>\n18 kg<\/p>\n<p><em><strong>VALMISTETTU SUOMESSA &#8211; MADE IN FINLAND<\/strong><\/em><\/p>\n","protected":false},"featured_media":4390,"comment_status":"closed","ping_status":"closed","template":"","meta":{"_acf_changed":false},"product_brand":[135],"product_cat":[169,15],"product_tag":[],"class_list":{"0":"post-4346","1":"product","2":"type-product","3":"status-publish","4":"has-post-thumbnail","6":"product_brand-k-10","7":"product_cat-keskuvoitelurasvat","8":"product_cat-rasvat","10":"first","11":"instock","12":"taxable","13":"shipping-taxable","14":"purchasable","15":"product-type-simple"},"acf":[],"_links":{"self":[{"href":"https:\/\/voitelukeskus.fi\/fi\/wp-json\/wp\/v2\/product\/4346","targetHints":{"allow":["GET"]}}],"collection":[{"href":"https:\/\/voitelukeskus.fi\/fi\/wp-json\/wp\/v2\/product"}],"about":[{"href":"https:\/\/voitelukeskus.fi\/fi\/wp-json\/wp\/v2\/types\/product"}],"replies":[{"embeddable":true,"href":"https:\/\/voitelukeskus.fi\/fi\/wp-json\/wp\/v2\/comments?post=4346"}],"wp:featuredmedia":[{"embeddable":true,"href":"https:\/\/voitelukeskus.fi\/fi\/wp-json\/wp\/v2\/media\/4390"}],"wp:attachment":[{"href":"https:\/\/voitelukeskus.fi\/fi\/wp-json\/wp\/v2\/media?parent=4346"}],"wp:term":[{"taxonomy":"product_brand","embeddable":true,"href":"https:\/\/voitelukeskus.fi\/fi\/wp-json\/wp\/v2\/product_brand?post=4346"},{"taxonomy":"product_cat","embeddable":true,"href":"https:\/\/voitelukeskus.fi\/fi\/wp-json\/wp\/v2\/product_cat?post=4346"},{"taxonomy":"product_tag","embeddable":true,"href":"https:\/\/voitelukeskus.fi\/fi\/wp-json\/wp\/v2\/product_tag?post=4346"}],"curies":[{"name":"wp","href":"https:\/\/api.w.org\/{rel}","templated":true}]}}