{"id":4310,"date":"2025-12-09T10:51:11","date_gmt":"2025-12-09T10:51:11","guid":{"rendered":"https:\/\/voitelukeskus.fi\/?post_type=product&#038;p=4310"},"modified":"2025-12-15T11:34:26","modified_gmt":"2025-12-15T09:34:26","slug":"yushimoto-takumi-li-x2-erikoisrasva-418g","status":"publish","type":"product","link":"https:\/\/voitelukeskus.fi\/fi\/tuote\/yushimoto-takumi-li-x2-erikoisrasva-418g\/","title":{"rendered":"Yushimoto Takumi LI-X2 erikoisrasva \u2013 418g"},"content":{"rendered":"<p><strong>Takumi LI-X2 soveltuu erityisesti:<\/strong><\/p>\n<ul>\n<li>Rulla- ja liukulaakerit<\/li>\n<li>Raskaasti kuormitetut laitteet<\/li>\n<li>Korkeissa l\u00e4mp\u00f6tiloissa toimivat koneet<\/li>\n<li>M\u00e4r\u00e4t, kosteat ja likaantuvat ymp\u00e4rist\u00f6t<\/li>\n<li>Teollisuus, maanrakennus, kuljetusala<\/li>\n<\/ul>\n<p>&nbsp;<\/p>\n<p><strong>Huippuominaisuudet:<\/strong><\/p>\n<ul>\n<li>Eritt\u00e4in suuri paineenkesto<\/li>\n<li>Kest\u00e4\u00e4 korkeita l\u00e4mp\u00f6tiloja<\/li>\n<li>Erinomainen veden- ja korroosionkest\u00e4vyys<\/li>\n<li>Vahva tarttuvuus<\/li>\n<li>Pitk\u00e4ik\u00e4inen ja ik\u00e4\u00e4ntymist\u00e4 kest\u00e4v\u00e4<\/li>\n<li>Pident\u00e4\u00e4 huoltov\u00e4li\u00e4<\/li>\n<li>Mekaanisesti eritt\u00e4in vakaa<\/li>\n<li>Yhteensopiva useiden muovimateriaalien kanssa<\/li>\n<\/ul>\n","protected":false},"excerpt":{"rendered":"<p><strong>Puolisynteettinen EP-rasva \u00e4\u00e4riolosuhteisiin<\/strong><\/p>\n<p>Yushimoto Takumi LI-X2 on korkealuokkainen puolisynteettinen erikoisrasva, suunniteltu pitk\u00e4aikaiseen voiteluun vaativissa olosuhteissa. Se sis\u00e4lt\u00e4\u00e4 tehokkaan yhdistelm\u00e4n kiinteit\u00e4 voiteluaineita, jotka varmistavat poikkeuksellisen suorituskyvyn niin korkeissa l\u00e4mp\u00f6tiloissa kuin raskaissa kuormituksissa.<\/p>\n<p>Tuote sis\u00e4lt\u00e4\u00e4 neonv\u00e4ri indikaatin \u2013 Sinun ja koneesi turvaksi<\/p>\n<p><strong>Pakkauskoot<\/strong><br \/>\n0,418 kg rasvapatruuna<br \/>\nToimitetaan 20 kpl\/laatikko<\/p>\n","protected":false},"featured_media":4309,"comment_status":"closed","ping_status":"closed","template":"","meta":{"_acf_changed":false},"product_brand":[179],"product_cat":[170,15],"product_tag":[],"class_list":{"0":"post-4310","1":"product","2":"type-product","3":"status-publish","4":"has-post-thumbnail","6":"product_brand-yushimoto","7":"product_cat-patruunarasvat","8":"product_cat-rasvat","10":"first","11":"instock","12":"taxable","13":"shipping-taxable","14":"purchasable","15":"product-type-simple"},"acf":[],"_links":{"self":[{"href":"https:\/\/voitelukeskus.fi\/fi\/wp-json\/wp\/v2\/product\/4310","targetHints":{"allow":["GET"]}}],"collection":[{"href":"https:\/\/voitelukeskus.fi\/fi\/wp-json\/wp\/v2\/product"}],"about":[{"href":"https:\/\/voitelukeskus.fi\/fi\/wp-json\/wp\/v2\/types\/product"}],"replies":[{"embeddable":true,"href":"https:\/\/voitelukeskus.fi\/fi\/wp-json\/wp\/v2\/comments?post=4310"}],"wp:featuredmedia":[{"embeddable":true,"href":"https:\/\/voitelukeskus.fi\/fi\/wp-json\/wp\/v2\/media\/4309"}],"wp:attachment":[{"href":"https:\/\/voitelukeskus.fi\/fi\/wp-json\/wp\/v2\/media?parent=4310"}],"wp:term":[{"taxonomy":"product_brand","embeddable":true,"href":"https:\/\/voitelukeskus.fi\/fi\/wp-json\/wp\/v2\/product_brand?post=4310"},{"taxonomy":"product_cat","embeddable":true,"href":"https:\/\/voitelukeskus.fi\/fi\/wp-json\/wp\/v2\/product_cat?post=4310"},{"taxonomy":"product_tag","embeddable":true,"href":"https:\/\/voitelukeskus.fi\/fi\/wp-json\/wp\/v2\/product_tag?post=4310"}],"curies":[{"name":"wp","href":"https:\/\/api.w.org\/{rel}","templated":true}]}}