{"id":4307,"date":"2025-12-09T11:06:32","date_gmt":"2025-12-09T11:06:32","guid":{"rendered":"https:\/\/voitelukeskus.fi\/?post_type=product&#038;p=4307"},"modified":"2025-12-10T10:02:57","modified_gmt":"2025-12-10T08:02:57","slug":"k-10-dirt-master-farmer-huippuluokan-kalustonpesuaine-10l","status":"publish","type":"product","link":"https:\/\/voitelukeskus.fi\/fi\/tuote\/k-10-dirt-master-farmer-huippuluokan-kalustonpesuaine-10l\/","title":{"rendered":"K-10 Dirt Master Farmer huippuluokan kalustonpesuaine 10L"},"content":{"rendered":"<p><strong>VAIN AMMATTIK\u00c4YTT\u00d6\u00d6N.<\/strong><\/p>\n<p><strong>K\u00e4ytt\u00f6ohje annosteluun:<\/strong><br \/>\nLaimenna vedell\u00e4 2-7% liuokseksi (veden l\u00e4mp\u00f6tila oltava: +5.. +30 v\u00e4lill\u00e4).<\/p>\n<p><strong>Vaikutusaika:<\/strong><br \/>\nLevit\u00e4 matalapainesumuttimella tai vaahdottimella viile\u00e4lle pinnalle alhaalta yl\u00f6sp\u00e4in. Anna vaikuttaa 1-2min. Huuhtele pinta huolellisesti painepesurilla, kuumavesi tai h\u00f6yry tehostaa puhdistustehoa.<\/p>\n<p><strong>Tuote on biohajoava.<\/strong><\/p>\n<p>HUOM!<br \/>\n\u00c4l\u00e4 anna tuotteen kuivua pintaan! V\u00e4lt\u00e4 pesua suorassa auringon paisteessa ja ota huomioon my\u00f6s tuulen aiheuttama viima tuotteen kuivumisen est\u00e4miseksi pest\u00e4vill\u00e4 pinnoilla.<\/p>\n<p>pH-arvo 13,6 tiiviste.<br \/>\npH-arvo (1 p-% liuoksena 11)<\/p>\n<p>Sis\u00e4lt\u00f6 Nonionisia tensidej\u00e4 15 \u2013 30 %, terpeeni yhdisteet 1-3%, emulgointikompleksointiaineet ja liuotinyhdisteet 1-5%<br \/>\nNatriumhydroksidi < 5 %.\n\nPakkaus 10L ja 60L\n\n\n\n<\/p>\n","protected":false},"excerpt":{"rendered":"<p><strong>Vahva ja tehokas em\u00e4ksinen pesuainetiiviste maatalouden kaluston pesuun.<\/strong><\/p>\n<p>Tuote puhdistaa tehokkaasti pihkaa, vaseliinia, lannoite- ja \u00f6ljyj\u00e4\u00e4mi\u00e4 vaurioittamatta polykarbonaattilaseja tai muita pintoja. Tuotteen uudenaikaisten rasvatensidi-terpeenien ja biohajoavan liuottimen yhdiste puhdistaa tehokkaasti sitke\u00e4nkin lian.<\/p>\n","protected":false},"featured_media":4289,"comment_status":"closed","ping_status":"closed","template":"","meta":{"_acf_changed":false},"product_brand":[135],"product_cat":[38,90],"product_tag":[],"class_list":{"0":"post-4307","1":"product","2":"type-product","3":"status-publish","4":"has-post-thumbnail","6":"product_brand-k-10","7":"product_cat-huoltokemikaalit-ja-puhdistusaineet","8":"product_cat-pesuaineet","10":"first","11":"instock","12":"taxable","13":"shipping-taxable","14":"purchasable","15":"product-type-simple"},"acf":[],"_links":{"self":[{"href":"https:\/\/voitelukeskus.fi\/fi\/wp-json\/wp\/v2\/product\/4307","targetHints":{"allow":["GET"]}}],"collection":[{"href":"https:\/\/voitelukeskus.fi\/fi\/wp-json\/wp\/v2\/product"}],"about":[{"href":"https:\/\/voitelukeskus.fi\/fi\/wp-json\/wp\/v2\/types\/product"}],"replies":[{"embeddable":true,"href":"https:\/\/voitelukeskus.fi\/fi\/wp-json\/wp\/v2\/comments?post=4307"}],"wp:featuredmedia":[{"embeddable":true,"href":"https:\/\/voitelukeskus.fi\/fi\/wp-json\/wp\/v2\/media\/4289"}],"wp:attachment":[{"href":"https:\/\/voitelukeskus.fi\/fi\/wp-json\/wp\/v2\/media?parent=4307"}],"wp:term":[{"taxonomy":"product_brand","embeddable":true,"href":"https:\/\/voitelukeskus.fi\/fi\/wp-json\/wp\/v2\/product_brand?post=4307"},{"taxonomy":"product_cat","embeddable":true,"href":"https:\/\/voitelukeskus.fi\/fi\/wp-json\/wp\/v2\/product_cat?post=4307"},{"taxonomy":"product_tag","embeddable":true,"href":"https:\/\/voitelukeskus.fi\/fi\/wp-json\/wp\/v2\/product_tag?post=4307"}],"curies":[{"name":"wp","href":"https:\/\/api.w.org\/{rel}","templated":true}]}}