{"id":4305,"date":"2025-12-09T11:07:15","date_gmt":"2025-12-09T11:07:15","guid":{"rendered":"https:\/\/voitelukeskus.fi\/?post_type=product&#038;p=4305"},"modified":"2025-12-10T10:00:48","modified_gmt":"2025-12-10T08:00:48","slug":"k-10-dirt-master-machinery-huippuluokan-pesuaine-10l","status":"publish","type":"product","link":"https:\/\/voitelukeskus.fi\/fi\/tuote\/k-10-dirt-master-machinery-huippuluokan-pesuaine-10l\/","title":{"rendered":"K-10 Dirt Master Machinery huippuluokan pesuaine 10L"},"content":{"rendered":"<p><strong>VAIN AMMATTIK\u00c4YTT\u00d6\u00d6N.<\/strong><\/p>\n<p><strong>K\u00e4ytt\u00f6ohje annosteluun:<\/strong><br \/>\nLaimenna vedell\u00e4 1-8% liuokseksi (veden l\u00e4mp\u00f6tila oltava: +5.. +30 v\u00e4lill\u00e4).<\/p>\n<p><strong>Vaikutusaika:<\/strong><br \/>\nLevit\u00e4 matalapainesumuttimella tai vaahdottimella viile\u00e4lle pinnalle alhaalta yl\u00f6sp\u00e4in. Anna vaikuttaa 1-2min. Huuhtele pinta huolellisesti painepesurilla, kuumavesi tai h\u00f6yry tehostaa puhdistustehoa.<\/p>\n<p><strong>Tuote on biohajoava.<\/strong><\/p>\n<p>HUOM!<br \/>\n\u00c4l\u00e4 anna tuotteen kuivua pintaan! V\u00e4lt\u00e4 pesua suorassa auringon paisteessa ja ota huomioon my\u00f6s tuulen aiheuttama viima tuotteen kuivumisen est\u00e4miseksi pest\u00e4vill\u00e4 pinnoilla. <\/p>\n<p>pH-arvo 13,9 tiiviste.<br \/>\npH-arvo (1 p-% liuoksena 12)<\/p>\n","protected":false},"excerpt":{"rendered":"<p><strong>Eritt\u00e4in vahva ja tehokas em\u00e4ksinen pesuainetiiviste kaivinkoneiden, py\u00f6r\u00e4kuormaajien, maansiirtokoneiden sek\u00e4 muun raskaan kaluston pesuun.<\/strong><\/p>\n<p>Poistaa tehokkaasti hiekka- ja kivip\u00f6lyn, rasvan, \u00f6ljyj\u00e4\u00e4m\u00e4t ja muun vaikean lian vaurioittamatta polykarbonaattilaseja tai muita pintoja. Uudenaikainen koostumus yhdist\u00e4\u00e4 tehokkaat kompleksointiaineet, kaksi liuotinta sek\u00e4 rasvatensidi-terpeeniyhdisteen, jotka liuottavat sitke\u00e4n lian nopeasti ja perusteellisesti.<\/p>\n","protected":false},"featured_media":4295,"comment_status":"closed","ping_status":"closed","template":"","meta":{"_acf_changed":false},"product_brand":[135],"product_cat":[38,90],"product_tag":[],"class_list":{"0":"post-4305","1":"product","2":"type-product","3":"status-publish","4":"has-post-thumbnail","6":"product_brand-k-10","7":"product_cat-huoltokemikaalit-ja-puhdistusaineet","8":"product_cat-pesuaineet","10":"first","11":"instock","12":"taxable","13":"shipping-taxable","14":"purchasable","15":"product-type-simple"},"acf":[],"_links":{"self":[{"href":"https:\/\/voitelukeskus.fi\/fi\/wp-json\/wp\/v2\/product\/4305","targetHints":{"allow":["GET"]}}],"collection":[{"href":"https:\/\/voitelukeskus.fi\/fi\/wp-json\/wp\/v2\/product"}],"about":[{"href":"https:\/\/voitelukeskus.fi\/fi\/wp-json\/wp\/v2\/types\/product"}],"replies":[{"embeddable":true,"href":"https:\/\/voitelukeskus.fi\/fi\/wp-json\/wp\/v2\/comments?post=4305"}],"wp:featuredmedia":[{"embeddable":true,"href":"https:\/\/voitelukeskus.fi\/fi\/wp-json\/wp\/v2\/media\/4295"}],"wp:attachment":[{"href":"https:\/\/voitelukeskus.fi\/fi\/wp-json\/wp\/v2\/media?parent=4305"}],"wp:term":[{"taxonomy":"product_brand","embeddable":true,"href":"https:\/\/voitelukeskus.fi\/fi\/wp-json\/wp\/v2\/product_brand?post=4305"},{"taxonomy":"product_cat","embeddable":true,"href":"https:\/\/voitelukeskus.fi\/fi\/wp-json\/wp\/v2\/product_cat?post=4305"},{"taxonomy":"product_tag","embeddable":true,"href":"https:\/\/voitelukeskus.fi\/fi\/wp-json\/wp\/v2\/product_tag?post=4305"}],"curies":[{"name":"wp","href":"https:\/\/api.w.org\/{rel}","templated":true}]}}