{"id":4302,"date":"2025-12-09T11:08:25","date_gmt":"2025-12-09T11:08:25","guid":{"rendered":"https:\/\/voitelukeskus.fi\/?post_type=product&#038;p=4302"},"modified":"2025-12-09T11:15:22","modified_gmt":"2025-12-09T11:15:22","slug":"k-10-dirt-master-hand-wash","status":"publish","type":"product","link":"https:\/\/voitelukeskus.fi\/fi\/tuote\/k-10-dirt-master-hand-wash\/","title":{"rendered":"K-10 Dirt Master Hand Wash 4&#215;2,5L"},"content":{"rendered":"<p><strong>K-10 Dirt Master HandWash on tehokas mutta hell\u00e4varainen k\u00e4sienpesuaine vaativaan k\u00e4ytt\u00f6\u00f6n.<\/strong> Poistaa tehokkaasti \u00f6ljyn, rasvan, tervan, pike\u00e4, tuoreen maalin, jarrunesteen ja muun vaikean lian. Sis\u00e4lt\u00e4\u00e4 luonnonmukaista, kosmetiikkalaatuista hankausraetta, joka tehostaa k\u00e4sien puhdistusta. Ei sis\u00e4ll\u00e4 liuottimia \u2014 tuote on biohajoava ja ymp\u00e4rist\u00f6yst\u00e4v\u00e4llinen.<\/p>\n<p>Riittoisa koostumus: pieni m\u00e4\u00e4r\u00e4 riitt\u00e4\u00e4. Pesun j\u00e4lkeen k\u00e4det ovat puhtaat, pehme\u00e4t ja hyvin hoidetut. Sis\u00e4lt\u00e4\u00e4 lanoliinia, joka suojaa ja kosteuttaa ihoa. Sopii herkk\u00e4ihoisille, hypoallergeeninen ja p\u00e4ivitt\u00e4iseen k\u00e4ytt\u00f6\u00f6n. <\/p>\n<p>Miellytt\u00e4v\u00e4 mieto sitruksen tuoksu. pH 6,0.<\/p>\n<p><strong>K\u00c4YTT\u00d6OHJE:<\/strong><br \/>\n1. Ota pieni m\u00e4\u00e4r\u00e4 tuotetta k\u00e4siin ja hiero k\u00e4si\u00e4 yhteen.<br \/>\n2. Lis\u00e4\u00e4 hiukan vett\u00e4 ja jatka k\u00e4sien hieromista.<br \/>\n3. Huuhtele k\u00e4det hyvin.<br \/>\nS\u00e4ilyt\u00e4 lasten ulottumattomissa. Jos tarvitaan l\u00e4\u00e4kinn\u00e4llist\u00e4 apua, n\u00e4yt\u00e4 pakkaus tai varoitusetiketti.<\/p>\n<p><strong>AMMATTIK\u00c4YTT\u00d6\u00d6N<\/strong><\/p>\n","protected":false},"excerpt":{"rendered":"<p><strong>K-10 Dirt Master HandWash on tehokas mutta hell\u00e4varainen k\u00e4sienpesuaine vaativaan k\u00e4ytt\u00f6\u00f6n.<\/strong><\/p>\n<p>\u2022 Eritt\u00e4in tehokas k\u00e4sienpesuaine<br \/>\n\u2022 Poistaa vaikean lian ja rasvan<br \/>\n\u2022 Hoitaa k\u00e4si\u00e4 pesun j\u00e4lkeen<br \/>\n\u2022 Liuotinvapaa ja biohajoava<\/p>\n<p><strong>Myyntier\u00e4: 4 x 2,5L<\/strong><\/p>\n","protected":false},"featured_media":4299,"comment_status":"closed","ping_status":"closed","template":"","meta":{"_acf_changed":false},"product_brand":[135],"product_cat":[38,90],"product_tag":[],"class_list":{"0":"post-4302","1":"product","2":"type-product","3":"status-publish","4":"has-post-thumbnail","6":"product_brand-k-10","7":"product_cat-huoltokemikaalit-ja-puhdistusaineet","8":"product_cat-pesuaineet","10":"first","11":"instock","12":"taxable","13":"shipping-taxable","14":"purchasable","15":"product-type-simple"},"acf":[],"_links":{"self":[{"href":"https:\/\/voitelukeskus.fi\/fi\/wp-json\/wp\/v2\/product\/4302","targetHints":{"allow":["GET"]}}],"collection":[{"href":"https:\/\/voitelukeskus.fi\/fi\/wp-json\/wp\/v2\/product"}],"about":[{"href":"https:\/\/voitelukeskus.fi\/fi\/wp-json\/wp\/v2\/types\/product"}],"replies":[{"embeddable":true,"href":"https:\/\/voitelukeskus.fi\/fi\/wp-json\/wp\/v2\/comments?post=4302"}],"wp:featuredmedia":[{"embeddable":true,"href":"https:\/\/voitelukeskus.fi\/fi\/wp-json\/wp\/v2\/media\/4299"}],"wp:attachment":[{"href":"https:\/\/voitelukeskus.fi\/fi\/wp-json\/wp\/v2\/media?parent=4302"}],"wp:term":[{"taxonomy":"product_brand","embeddable":true,"href":"https:\/\/voitelukeskus.fi\/fi\/wp-json\/wp\/v2\/product_brand?post=4302"},{"taxonomy":"product_cat","embeddable":true,"href":"https:\/\/voitelukeskus.fi\/fi\/wp-json\/wp\/v2\/product_cat?post=4302"},{"taxonomy":"product_tag","embeddable":true,"href":"https:\/\/voitelukeskus.fi\/fi\/wp-json\/wp\/v2\/product_tag?post=4302"}],"curies":[{"name":"wp","href":"https:\/\/api.w.org\/{rel}","templated":true}]}}