{"id":3950,"date":"2025-09-10T09:15:01","date_gmt":"2025-09-10T09:15:01","guid":{"rendered":"https:\/\/voitelukeskus.fi\/?post_type=product&#038;p=3950"},"modified":"2025-10-28T07:35:18","modified_gmt":"2025-10-28T07:35:18","slug":"k-10-elite-s-46-hydraulioljy-20l","status":"publish","type":"product","link":"https:\/\/voitelukeskus.fi\/fi\/tuote\/k-10-elite-s-46-hydraulioljy-20l\/","title":{"rendered":"K-10 ELITE S 46 hydrauli\u00f6ljy 20L"},"content":{"rendered":"<p data-start=\"438\" data-end=\"766\">ELITE S \u00f6ljyt ovat ymp\u00e4rivuotiseen k\u00e4ytt\u00f6\u00f6n tarkoitettuja parafiinisist\u00e4 mineraali\u00f6ljyist\u00e4 valmistettuja korkealuokkaisia HVLP-luokan hydrauliikka\u00f6ljyj\u00e4. Ne soveltuvat sek\u00e4 paikallisiin ett\u00e4 liikkuviin hydrauliikkaj\u00e4rjestelmiin, jotka toimivat vaihtelevissa olosuhteissa ja l\u00e4mp\u00f6tiloissa.<\/p>\n<p data-start=\"768\" data-end=\"1006\">ELITE S \u00f6ljyt on suunniteltu huomioiden nykyaikaisten laitteiden asettamat vaatimukset niin paineenkeston kuin kulumiseneston suhteen. Niiden korkea viskositeetti-indeksi mahdollistaa laitteiden k\u00e4ynnistyksen my\u00f6s kylmiss\u00e4 olosuhteissa.<\/p>\n<p data-start=\"768\" data-end=\"1006\"><strong>Tuotteen ominaisuudet:<\/strong><\/p>\n<p data-start=\"768\" data-end=\"1006\"><strong><img fetchpriority=\"high\" decoding=\"async\" class=\"alignnone wp-image-3945\" src=\"https:\/\/voitelukeskus.fi\/wp-content\/uploads\/2025\/09\/K-10-ELITE-S-32-46-tuoteominaisuudet.png\" alt=\"\" width=\"741\" height=\"209\" srcset=\"https:\/\/voitelukeskus.fi\/wp-content\/uploads\/2025\/09\/K-10-ELITE-S-32-46-tuoteominaisuudet.png 2000w, https:\/\/voitelukeskus.fi\/wp-content\/uploads\/2025\/09\/K-10-ELITE-S-32-46-tuoteominaisuudet-300x84.png 300w, https:\/\/voitelukeskus.fi\/wp-content\/uploads\/2025\/09\/K-10-ELITE-S-32-46-tuoteominaisuudet-1024x288.png 1024w, https:\/\/voitelukeskus.fi\/wp-content\/uploads\/2025\/09\/K-10-ELITE-S-32-46-tuoteominaisuudet-768x216.png 768w, https:\/\/voitelukeskus.fi\/wp-content\/uploads\/2025\/09\/K-10-ELITE-S-32-46-tuoteominaisuudet-1536x432.png 1536w, https:\/\/voitelukeskus.fi\/wp-content\/uploads\/2025\/09\/K-10-ELITE-S-32-46-tuoteominaisuudet-18x5.png 18w, https:\/\/voitelukeskus.fi\/wp-content\/uploads\/2025\/09\/K-10-ELITE-S-32-46-tuoteominaisuudet-600x169.png 600w\" sizes=\"(max-width: 741px) 100vw, 741px\" \/><\/strong><\/p>\n<p data-start=\"768\" data-end=\"1006\">\n","protected":false},"excerpt":{"rendered":"<p><strong>T\u00e4ytt\u00e4\u00e4 seuraavat vaatimukset \/ luokitukset:<\/strong><br \/>\nISO 6743-4, ISO-L-HV, DIN 51524-3 (HVLP), AFNOR NF E 48-603(HV), Sperry Vickers I-286-S, US Steel 126 ja 127<\/p>\n<p><strong>Pakkauskoot:<\/strong><br \/>\n20 L ja 208L<\/p>\n","protected":false},"featured_media":3946,"comment_status":"closed","ping_status":"closed","template":"","meta":{"_acf_changed":false},"product_brand":[135],"product_cat":[41,36],"product_tag":[],"class_list":{"0":"post-3950","1":"product","2":"type-product","3":"status-publish","4":"has-post-thumbnail","6":"product_brand-k-10","7":"product_cat-hydraulioljyt","8":"product_cat-oljyt","10":"first","11":"instock","12":"taxable","13":"shipping-taxable","14":"purchasable","15":"product-type-simple"},"acf":[],"_links":{"self":[{"href":"https:\/\/voitelukeskus.fi\/fi\/wp-json\/wp\/v2\/product\/3950","targetHints":{"allow":["GET"]}}],"collection":[{"href":"https:\/\/voitelukeskus.fi\/fi\/wp-json\/wp\/v2\/product"}],"about":[{"href":"https:\/\/voitelukeskus.fi\/fi\/wp-json\/wp\/v2\/types\/product"}],"replies":[{"embeddable":true,"href":"https:\/\/voitelukeskus.fi\/fi\/wp-json\/wp\/v2\/comments?post=3950"}],"wp:featuredmedia":[{"embeddable":true,"href":"https:\/\/voitelukeskus.fi\/fi\/wp-json\/wp\/v2\/media\/3946"}],"wp:attachment":[{"href":"https:\/\/voitelukeskus.fi\/fi\/wp-json\/wp\/v2\/media?parent=3950"}],"wp:term":[{"taxonomy":"product_brand","embeddable":true,"href":"https:\/\/voitelukeskus.fi\/fi\/wp-json\/wp\/v2\/product_brand?post=3950"},{"taxonomy":"product_cat","embeddable":true,"href":"https:\/\/voitelukeskus.fi\/fi\/wp-json\/wp\/v2\/product_cat?post=3950"},{"taxonomy":"product_tag","embeddable":true,"href":"https:\/\/voitelukeskus.fi\/fi\/wp-json\/wp\/v2\/product_tag?post=3950"}],"curies":[{"name":"wp","href":"https:\/\/api.w.org\/{rel}","templated":true}]}}