{"id":3566,"date":"2025-08-05T10:05:55","date_gmt":"2025-08-05T10:05:55","guid":{"rendered":"https:\/\/voitelukeskus.fi\/?post_type=product&#038;p=3566"},"modified":"2025-08-11T10:03:21","modified_gmt":"2025-08-11T10:03:21","slug":"petro-canada-og2-red-400g-30-kpl","status":"publish","type":"product","link":"https:\/\/voitelukeskus.fi\/fi\/tuote\/petro-canada-og2-red-400g-30-kpl\/","title":{"rendered":"Petro-Canada OG2 RED &#8211; 400g 30 kpl"},"content":{"rendered":"<h2>PEERLESS\u2122 LLG &amp; OG Kalsiumsulfonaatti Rasvat<\/h2>\n<div class=\"tuotekuvaus\">\n<p>Petro-Canada PEERLESS\u2122 rasvat ovat premium-tason monik\u00e4ytt\u00f6rasvoja, jotka on suunniteltu v\u00e4hent\u00e4m\u00e4\u00e4n k\u00e4ytt\u00f6kustannuksia ja tarjoamaan laajennettua suojaa korkeissa l\u00e4mp\u00f6tiloissa tai m\u00e4riss\u00e4 k\u00e4ytt\u00f6olosuhteissa. PEERLESS-sarjan \u00e4\u00e4rimm\u00e4isen paineen (EP) korkean l\u00e4mp\u00f6tilan monik\u00e4ytt\u00f6rasvat on erityisesti formuloida toimimaan tehokkaasti m\u00e4riss\u00e4 ja merellisiss\u00e4 ymp\u00e4rist\u00f6iss\u00e4. Erityisen kalsiumsulfonaattikompleksin sakeuttajan ansiosta n\u00e4m\u00e4 rasvat voivat ime\u00e4 kohtuullisia m\u00e4\u00e4ri\u00e4 vett\u00e4 pehmenem\u00e4tt\u00e4, muuttamatta koostumustaan tai menett\u00e4m\u00e4tt\u00e4 korroosionesto-kyky\u00e4\u00e4n.<\/p>\n<div class=\"ominaisuudet\">\n<h3 class=\"bold\">Ominaisuudet ja Hy\u00f6dyt PEERLESS LLG:<\/h3>\n<ul class=\"lista\">\n<li>Pitk\u00e4ik\u00e4isyys korkeissa l\u00e4mp\u00f6tiloissa tarjoaa pitk\u00e4kestoista laitesuojaa.<\/li>\n<li>Erinomainen vedenkest\u00e4vyys tarjoaa hyv\u00e4n ruosteen ja korroosion ehk\u00e4isyn.<\/li>\n<li>Korkea mekaaninen vakaus vaikeissa k\u00e4ytt\u00f6olosuhteissa.<\/li>\n<li>V\u00e4hent\u00e4\u00e4 laakerikulumista ja pident\u00e4\u00e4 laitteiston el\u00e4m\u00e4\u00e4.<\/li>\n<\/ul>\n<\/div>\n<div class=\"ominaisuudet\">\n<h3 class=\"bold\">Ominaisuudet ja Hy\u00f6dyt PEERLESS OG Rasvat:<\/h3>\n<ul class=\"lista\">\n<li>Erinomainen suorituskyky vedess\u00e4 pysyen paikoillaan m\u00e4riss\u00e4 ja merellisiss\u00e4 sovelluksissa.<\/li>\n<li>Laaja l\u00e4mp\u00f6tila- \/ painealue erikoissakeuttajan ansiosta.<\/li>\n<li>Loistava ruosteen ja korroosion suojaus.<\/li>\n<li>Erinomaiset adheesiominaisuudet suojaavat py\u00f6rivi\u00e4 osia ja v\u00e4hent\u00e4v\u00e4t laitekustannuksia.<\/li>\n<\/ul>\n<\/div>\n<div class=\"sovellukset\">\n<h3 class=\"bold\">Sovellukset:<\/h3>\n<p>PEERLESS LLG ja OG Rasvat on suunniteltu tarjoamaan erinomaista voitelua laajalla sovellusalueella, erityisesti korkeissa l\u00e4mp\u00f6tiloissa ja eritt\u00e4in m\u00e4riss\u00e4 k\u00e4ytt\u00f6olosuhteissa. Suositellaan k\u00e4ytett\u00e4v\u00e4ksi monenlaisissa teollisissa ja automaattisissa sovelluksissa, kuten:<\/p>\n<ul class=\"lista\">\n<li>Yleinen valmistus<\/li>\n<li>Mets\u00e4talous<\/li>\n<li>Voimantuotanto<\/li>\n<li>Liikennekalusto<\/li>\n<li>Kaivostoiminta<\/li>\n<\/ul>\n<\/div>\n<\/div>\n","protected":false},"excerpt":{"rendered":"<p>Petro-Canada PEERLESS\u2122 rasvat ovat premium-tason monik\u00e4ytt\u00f6rasvoja, jotka on suunniteltu v\u00e4hent\u00e4m\u00e4\u00e4n k\u00e4ytt\u00f6kustannuksia ja tarjoamaan laajennettua suojaa korkeissa l\u00e4mp\u00f6tiloissa tai m\u00e4riss\u00e4 k\u00e4ytt\u00f6olosuhteissa. PEERLESS-sarjan \u00e4\u00e4rimm\u00e4isen paineen (EP) korkean l\u00e4mp\u00f6tilan monik\u00e4ytt\u00f6rasvat on erityisesti formuloida toimimaan tehokkaasti m\u00e4riss\u00e4 ja merellisiss\u00e4 ymp\u00e4rist\u00f6iss\u00e4. Erityisen kalsiumsulfonaattikompleksin sakeuttajan ansiosta n\u00e4m\u00e4 rasvat voivat ime\u00e4 kohtuullisia m\u00e4\u00e4ri\u00e4 vett\u00e4 pehmenem\u00e4tt\u00e4, muuttamatta koostumustaan tai menett\u00e4m\u00e4tt\u00e4 korroosionesto-kyky\u00e4\u00e4n.<\/p>\n<p><strong>Pakkauskoot<\/strong><br \/>\n0,400 kg rasvapatruuna<br \/>\nToimitetaan 30 kpl\/laatikko<\/p>\n","protected":false},"featured_media":3523,"comment_status":"closed","ping_status":"closed","template":"","meta":{"_acf_changed":false},"product_brand":[140],"product_cat":[170,46,15],"product_tag":[182,180,181,173],"class_list":{"0":"post-3566","1":"product","2":"type-product","3":"status-publish","4":"has-post-thumbnail","6":"product_brand-petro-canada","7":"product_cat-patruunarasvat","8":"product_cat-petro-canada","9":"product_cat-rasvat","10":"product_tag-monikayttorasva","11":"product_tag-og2","12":"product_tag-petro-canada","13":"product_tag-tuubirasva","15":"first","16":"outofstock","17":"taxable","18":"shipping-taxable","19":"purchasable","20":"product-type-simple"},"acf":[],"_links":{"self":[{"href":"https:\/\/voitelukeskus.fi\/fi\/wp-json\/wp\/v2\/product\/3566","targetHints":{"allow":["GET"]}}],"collection":[{"href":"https:\/\/voitelukeskus.fi\/fi\/wp-json\/wp\/v2\/product"}],"about":[{"href":"https:\/\/voitelukeskus.fi\/fi\/wp-json\/wp\/v2\/types\/product"}],"replies":[{"embeddable":true,"href":"https:\/\/voitelukeskus.fi\/fi\/wp-json\/wp\/v2\/comments?post=3566"}],"wp:featuredmedia":[{"embeddable":true,"href":"https:\/\/voitelukeskus.fi\/fi\/wp-json\/wp\/v2\/media\/3523"}],"wp:attachment":[{"href":"https:\/\/voitelukeskus.fi\/fi\/wp-json\/wp\/v2\/media?parent=3566"}],"wp:term":[{"taxonomy":"product_brand","embeddable":true,"href":"https:\/\/voitelukeskus.fi\/fi\/wp-json\/wp\/v2\/product_brand?post=3566"},{"taxonomy":"product_cat","embeddable":true,"href":"https:\/\/voitelukeskus.fi\/fi\/wp-json\/wp\/v2\/product_cat?post=3566"},{"taxonomy":"product_tag","embeddable":true,"href":"https:\/\/voitelukeskus.fi\/fi\/wp-json\/wp\/v2\/product_tag?post=3566"}],"curies":[{"name":"wp","href":"https:\/\/api.w.org\/{rel}","templated":true}]}}