{"id":3539,"date":"2025-07-31T10:29:33","date_gmt":"2025-07-31T10:29:33","guid":{"rendered":"https:\/\/voitelukeskus.fi\/?post_type=product&#038;p=3539"},"modified":"2025-07-31T10:36:33","modified_gmt":"2025-07-31T10:36:33","slug":"valvoline-hvlp-ultramax-46-hydrauliikkaoljy-200l-k-10-lionlube-rasva-20kpl","status":"publish","type":"product","link":"https:\/\/voitelukeskus.fi\/fi\/tuote\/valvoline-hvlp-ultramax-46-hydrauliikkaoljy-200l-k-10-lionlube-rasva-20kpl\/","title":{"rendered":"Valvoline HVLP Ultramax 46 hydrauliikka\u00f6ljy 200L + K-10 LionLube rasva 20kpl"},"content":{"rendered":"<h4 data-start=\"0\" data-end=\"335\"><strong>Nyt huikeaan pakettihintaan!<\/strong><\/h4>\n<h4 data-start=\"0\" data-end=\"335\"><strong>200 litraa Valvoline HVLP Ultramax 46 -hydrauliikka\u00f6ljy\u00e4 + 20 kpl K-10 LionLube -rasvaa.<\/strong><\/h4>\n<h4 data-start=\"0\" data-end=\"335\"><strong>Ilmainen toimitus!<\/strong><\/h4>\n<p>&nbsp;<\/p>\n<p data-start=\"0\" data-end=\"335\"><strong data-start=\"0\" data-end=\"17\">K\u00e4ytt\u00f6kohteet<\/strong><br data-start=\"17\" data-end=\"20\" \/>Valvoline Ultramax HVLP- ja HLP-hydrauliikka\u00f6ljyt on kehitetty tarkoituksellisesti soveltumaan monenlaisiin k\u00e4ytt\u00f6kohteisiin. Niiden kyky kest\u00e4\u00e4 laaja l\u00e4mp\u00f6tila-alue ja raskaita kuormituksia tekee niist\u00e4 ihanteellisia hydrauliikka\u00f6ljyj\u00e4 vaativiin olosuhteisiin, joissa tarvitaan erinomaista suojaa ja suorituskyky\u00e4.<\/p>\n<p data-start=\"337\" data-end=\"622\">\u00d6ljyj\u00e4 suositellaan sek\u00e4 liikkuviin ett\u00e4 kiinteisiin hydrauliikkaj\u00e4rjestelmiin sek\u00e4 teollisuuden, maastoajoneuvojen, maanrakennuksen, tienrakennuksen ja kaivostoiminnan tarpeisiin. Joitakin Valvoline Ultramax HVLP- ja HLP-hydrauliikka\u00f6ljyj\u00e4 voidaan k\u00e4ytt\u00e4\u00e4 my\u00f6s ilmakompressori\u00f6ljyin\u00e4.<\/p>\n<p data-start=\"624\" data-end=\"878\"><strong data-start=\"624\" data-end=\"634\">Hy\u00f6dyt<\/strong><br data-start=\"634\" data-end=\"637\" \/>Valvoline Ultramax HVLP- ja HLP-hydrauliikka\u00f6ljyt on valmistettu korkealaatuisista, ensiluokkaisista perus\u00f6ljyist\u00e4 ja lis\u00e4aineista, jotka tarjoavat poikkeuksellista suojaa ja raskaan k\u00e4yt\u00f6n suorituskyky\u00e4. Niiden keskeisi\u00e4 ominaisuuksia ovat:<\/p>\n<ul data-start=\"880\" data-end=\"1469\">\n<li data-start=\"880\" data-end=\"1057\">\n<p data-start=\"882\" data-end=\"1057\">Erinomainen hapettumiskest\u00e4vyys sek\u00e4 hyv\u00e4t ruosteenesto-, korroosionesto-, vaahtoamisenesto- ja lietteenestoominaisuudet mahdollistavat k\u00e4yt\u00f6n my\u00f6s haastavissa olosuhteissa.<\/p>\n<\/li>\n<li data-start=\"1058\" data-end=\"1203\">\n<p data-start=\"1060\" data-end=\"1203\">Alhainen j\u00e4hmepiste, korkea viskositeetti-indeksi ja erinomainen virtaavuus takaavat vakauden ja v\u00e4hent\u00e4v\u00e4t l\u00e4mp\u00f6tilavaihteluiden vaikutusta.<\/p>\n<\/li>\n<li data-start=\"1204\" data-end=\"1254\">\n<p data-start=\"1206\" data-end=\"1254\">Korkea kuormituskest\u00e4vyys ja paineensietokyky.<\/p>\n<\/li>\n<li data-start=\"1255\" data-end=\"1353\">\n<p data-start=\"1257\" data-end=\"1353\">Erinomainen viskositeetti-l\u00e4mp\u00f6tila-suhde ja hyv\u00e4 viskositeetin pysyvyys pitk\u00e4ll\u00e4 aikav\u00e4lill\u00e4.<\/p>\n<\/li>\n<li data-start=\"1354\" data-end=\"1469\">\n<p data-start=\"1356\" data-end=\"1469\">Loistavat kulumisenesto-ominaisuudet tarjoavat ylivertaista suojaa ja auttavat pident\u00e4m\u00e4\u00e4n laitteiden k\u00e4ytt\u00f6ik\u00e4\u00e4.<\/p>\n<\/li>\n<\/ul>\n","protected":false},"excerpt":{"rendered":"<article class=\"text-token-text-primary w-full focus:outline-none scroll-mt-[calc(var(--header-height)+min(200px,max(70px,20svh)))]\" dir=\"auto\" tabindex=\"-1\" data-turn-id=\"aeb30ab1-bd35-41a4-98cf-04db4abddf11\" data-testid=\"conversation-turn-2\" data-scroll-anchor=\"true\" data-turn=\"assistant\">\n<div class=\"text-base my-auto mx-auto pb-10 [--thread-content-margin:--spacing(4)] @[37rem]:[--thread-content-margin:--spacing(6)] @[72rem]:[--thread-content-margin:--spacing(16)] px-(--thread-content-margin)\">\n<div class=\"[--thread-content-max-width:32rem] @[34rem]:[--thread-content-max-width:40rem] @[64rem]:[--thread-content-max-width:48rem] mx-auto max-w-(--thread-content-max-width) flex-1 group\/turn-messages focus-visible:outline-hidden relative flex w-full min-w-0 flex-col agent-turn\" tabindex=\"-1\">\n<div class=\"flex max-w-full flex-col grow\">\n<div class=\"min-h-8 text-message relative flex w-full flex-col items-end gap-2 text-start break-words whitespace-normal [.text-message+&amp;]:mt-5\" dir=\"auto\" data-message-author-role=\"assistant\" data-message-id=\"23469ec8-e922-493d-aeb9-c20a21f6eb21\" data-message-model-slug=\"gpt-4o\">\n<div class=\"flex w-full flex-col gap-1 empty:hidden first:pt-[3px]\">\n<div class=\"markdown prose dark:prose-invert w-full break-words light\">\n<p data-start=\"0\" data-end=\"478\" data-is-last-node=\"\" data-is-only-node=\"\">Valvoline Ultramax HVLP- ja HLP-hydrauliikka\u00f6ljyt ovat ensiluokkaisia, raskaan k\u00e4yt\u00f6n hydrauliikka\u00f6ljyj\u00e4, jotka on suunniteltu tarjoamaan erinomaista suojaa kulumista vastaan. N\u00e4m\u00e4 suorituskykyiset \u00f6ljyt on kehitetty kest\u00e4m\u00e4\u00e4n \u00e4\u00e4ril\u00e4mp\u00f6tiloja, ja niit\u00e4 voidaan k\u00e4ytt\u00e4\u00e4 laajasti erilaisissa hydrauliikkaj\u00e4rjestelmiss\u00e4 teollisuus-, tie- ja kaivosrakentamisen sek\u00e4 maanrakennuskoneissa. Valvoline Ultramax HVLP- ja HLP-hydrauliikka\u00f6ljyj\u00e4 on saatavana eri ISO-viskositeettiluokissa.<\/p>\n<\/div>\n<\/div>\n<\/div>\n<\/div>\n<\/div>\n<\/div>\n<\/article>\n<div class=\"pointer-events-none h-px w-px\" aria-hidden=\"true\" data-edge=\"true\"><\/div>\n","protected":false},"featured_media":3532,"comment_status":"closed","ping_status":"closed","template":"","meta":{"_acf_changed":false},"product_brand":[135],"product_cat":[41,36,170,15,49],"product_tag":[],"class_list":{"0":"post-3539","1":"product","2":"type-product","3":"status-publish","4":"has-post-thumbnail","6":"product_brand-k-10","7":"product_cat-hydraulioljyt","8":"product_cat-oljyt","9":"product_cat-patruunarasvat","10":"product_cat-rasvat","11":"product_cat-valvoline","13":"first","14":"instock","15":"taxable","16":"shipping-taxable","17":"purchasable","18":"product-type-simple"},"acf":[],"_links":{"self":[{"href":"https:\/\/voitelukeskus.fi\/fi\/wp-json\/wp\/v2\/product\/3539","targetHints":{"allow":["GET"]}}],"collection":[{"href":"https:\/\/voitelukeskus.fi\/fi\/wp-json\/wp\/v2\/product"}],"about":[{"href":"https:\/\/voitelukeskus.fi\/fi\/wp-json\/wp\/v2\/types\/product"}],"replies":[{"embeddable":true,"href":"https:\/\/voitelukeskus.fi\/fi\/wp-json\/wp\/v2\/comments?post=3539"}],"wp:featuredmedia":[{"embeddable":true,"href":"https:\/\/voitelukeskus.fi\/fi\/wp-json\/wp\/v2\/media\/3532"}],"wp:attachment":[{"href":"https:\/\/voitelukeskus.fi\/fi\/wp-json\/wp\/v2\/media?parent=3539"}],"wp:term":[{"taxonomy":"product_brand","embeddable":true,"href":"https:\/\/voitelukeskus.fi\/fi\/wp-json\/wp\/v2\/product_brand?post=3539"},{"taxonomy":"product_cat","embeddable":true,"href":"https:\/\/voitelukeskus.fi\/fi\/wp-json\/wp\/v2\/product_cat?post=3539"},{"taxonomy":"product_tag","embeddable":true,"href":"https:\/\/voitelukeskus.fi\/fi\/wp-json\/wp\/v2\/product_tag?post=3539"}],"curies":[{"name":"wp","href":"https:\/\/api.w.org\/{rel}","templated":true}]}}