{"id":3514,"date":"2025-07-23T10:07:44","date_gmt":"2025-07-23T10:07:44","guid":{"rendered":"https:\/\/voitelukeskus.fi\/?post_type=product&#038;p=3514"},"modified":"2026-03-02T08:34:00","modified_gmt":"2026-03-02T06:34:00","slug":"k-10-power-4t-pienmoottoribensiini-12-kpl","status":"publish","type":"product","link":"https:\/\/voitelukeskus.fi\/fi\/tuote\/k-10-power-4t-pienmoottoribensiini-12-kpl\/","title":{"rendered":"K-10 Power 4T pienmoottoribensiini 12 KPL"},"content":{"rendered":"<p>K-10 Power 4T on korkealaatuinen nelitahtimoottorien alkylaattibensiini, joka on suunniteltu erityisesti pienten polttomoottorien tarpeisiin. Se sopii moniin harraste- ja ammattik\u00e4yt\u00f6n laitteisiin, kuten moottori- ja raivaussahoihin, siimaleikkureihin, motocross-py\u00f6riin, mopoihin ja muihin pieniin nelitahtimoottoreihin.<\/p>\n<p>Polttoaine v\u00e4hent\u00e4\u00e4 moottorin likaantumista, laskee k\u00e4yntil\u00e4mp\u00f6tilaa ja ehk\u00e4isee kiinnileikkautumista, mik\u00e4 pident\u00e4\u00e4 moottorin k\u00e4ytt\u00f6ik\u00e4\u00e4. Lis\u00e4ksi sen pakokaasut sis\u00e4lt\u00e4v\u00e4t v\u00e4hemm\u00e4n nokea ja haitallisia aineita, mik\u00e4 parantaa ymp\u00e4rist\u00f6n ja hengitysilman laatua. K-10 Power 4T-pienmoottoribensiini s\u00e4ilyy pitk\u00e4\u00e4n.<\/p>\n<p>Suositellaan tankattavaksi pitk\u00e4aikaiss\u00e4ilytyksess\u00e4, mik\u00e4 takaa h\u00e4iri\u00f6tt\u00f6m\u00e4n toiminnan ja helpot k\u00e4ynnistykset s\u00e4ilytyksen j\u00e4lkeen.<\/p>\n","protected":false},"excerpt":{"rendered":"<p><strong>Korkealaatuinen pienmoottoribensiini nelitahtimoottoreille<\/strong><\/p>\n<ul>\n<li>Lis\u00e4\u00e4 suorituskyky\u00e4<\/li>\n<li>Laskee k\u00e4yntil\u00e4mp\u00f6tilaa<\/li>\n<li>Palaa puhtaasti, v\u00e4hent\u00e4\u00e4 moottorin likaantumista<\/li>\n<li>Pident\u00e4\u00e4 moottorin k\u00e4ytt\u00f6ik\u00e4\u00e4<\/li>\n<li>Erinomainen s\u00e4ilyvyys<\/li>\n<\/ul>\n","protected":false},"featured_media":3099,"comment_status":"closed","ping_status":"closed","template":"","meta":{"_acf_changed":false},"product_brand":[135],"product_cat":[177],"product_tag":[178],"class_list":{"0":"post-3514","1":"product","2":"type-product","3":"status-publish","4":"has-post-thumbnail","6":"product_brand-k-10","7":"product_cat-pienmoottoribensiinit","8":"product_tag-korkealaatuinen-pienmoottoribensiini","10":"first","11":"instock","12":"taxable","13":"shipping-taxable","14":"purchasable","15":"product-type-simple"},"acf":[],"_links":{"self":[{"href":"https:\/\/voitelukeskus.fi\/fi\/wp-json\/wp\/v2\/product\/3514","targetHints":{"allow":["GET"]}}],"collection":[{"href":"https:\/\/voitelukeskus.fi\/fi\/wp-json\/wp\/v2\/product"}],"about":[{"href":"https:\/\/voitelukeskus.fi\/fi\/wp-json\/wp\/v2\/types\/product"}],"replies":[{"embeddable":true,"href":"https:\/\/voitelukeskus.fi\/fi\/wp-json\/wp\/v2\/comments?post=3514"}],"wp:featuredmedia":[{"embeddable":true,"href":"https:\/\/voitelukeskus.fi\/fi\/wp-json\/wp\/v2\/media\/3099"}],"wp:attachment":[{"href":"https:\/\/voitelukeskus.fi\/fi\/wp-json\/wp\/v2\/media?parent=3514"}],"wp:term":[{"taxonomy":"product_brand","embeddable":true,"href":"https:\/\/voitelukeskus.fi\/fi\/wp-json\/wp\/v2\/product_brand?post=3514"},{"taxonomy":"product_cat","embeddable":true,"href":"https:\/\/voitelukeskus.fi\/fi\/wp-json\/wp\/v2\/product_cat?post=3514"},{"taxonomy":"product_tag","embeddable":true,"href":"https:\/\/voitelukeskus.fi\/fi\/wp-json\/wp\/v2\/product_tag?post=3514"}],"curies":[{"name":"wp","href":"https:\/\/api.w.org\/{rel}","templated":true}]}}