{"id":3510,"date":"2025-07-16T10:59:06","date_gmt":"2025-07-16T10:59:06","guid":{"rendered":"https:\/\/voitelukeskus.fi\/?post_type=product&#038;p=3510"},"modified":"2025-07-16T11:00:27","modified_gmt":"2025-07-16T11:00:27","slug":"k-10-elite-r-s-46-vi-175-hydraulioljy-1000l","status":"publish","type":"product","link":"https:\/\/voitelukeskus.fi\/fi\/tuote\/k-10-elite-r-s-46-vi-175-hydraulioljy-1000l\/","title":{"rendered":"K-10 ELITE R-S 46 VI 175 hydrauli\u00f6ljy 1000L"},"content":{"rendered":"<p>ELITE R-S \u00f6ljyt ovat ymp\u00e4rivuotiseen k\u00e4ytt\u00f6\u00f6n tarkoitettuja parafiinisist\u00e4 mineraali\u00f6ljyist\u00e4 valmistettuja korkealuokkaisia HVLP- luokan hydrauliikka\u00f6ljyj\u00e4. Ne soveltuvat sek\u00e4 paikallisiin ett\u00e4 liikkuviin hydrauliikkaj\u00e4rjestelmiin jotka toimivat vaihtelevissa olosuhteissa ja l\u00e4mp\u00f6tiloissa.<\/p>\n<p>ELITE R-S \u00f6ljyt ovat suunniteltu huomoiden nykyaikaisten laitteiden asettamat vaatimukset niin paineenkeston kuin kulumiseneston suhteen. Niiden korkea viskositeetti-indeksi mahdollistaa laitteiden k\u00e4ynnistyksen my\u00f6s kylmiss\u00e4 olosuhteissa.<\/p>\n<p><strong>Tuotteen ominaisuudet:<\/strong><br \/>\n<img fetchpriority=\"high\" decoding=\"async\" class=\"alignnone size-full wp-image-1605\" src=\"https:\/\/voitelukeskus.fi\/wp-content\/uploads\/2025\/04\/V175_ominaisuudet_.jpg\" alt=\"\" width=\"793\" height=\"198\" srcset=\"https:\/\/voitelukeskus.fi\/wp-content\/uploads\/2025\/04\/V175_ominaisuudet_.jpg 793w, https:\/\/voitelukeskus.fi\/wp-content\/uploads\/2025\/04\/V175_ominaisuudet_-300x75.jpg 300w, https:\/\/voitelukeskus.fi\/wp-content\/uploads\/2025\/04\/V175_ominaisuudet_-768x192.jpg 768w, https:\/\/voitelukeskus.fi\/wp-content\/uploads\/2025\/04\/V175_ominaisuudet_-600x150.jpg 600w\" sizes=\"(max-width: 793px) 100vw, 793px\" \/><\/p>\n","protected":false},"excerpt":{"rendered":"<p><strong>T\u00e4ytt\u00e4\u00e4 seuraavat vaatimukset \/ luokitukset:<\/strong><br \/>\nISO 6743-4; ISO-L-HV: DIN 51524-3 (HVLP); AFNOR NF E 48-603(HV); Sperry Vickers I-286-S; US Steel 126 ja 127<\/p>\n<p><strong>Pakkauskoot:<\/strong><br \/>\n208 L ja 1000 L<\/p>\n","protected":false},"featured_media":1591,"comment_status":"closed","ping_status":"closed","template":"","meta":{"_acf_changed":false},"product_brand":[135],"product_cat":[41,36],"product_tag":[65,18,66],"class_list":{"0":"post-3510","1":"product","2":"type-product","3":"status-publish","4":"has-post-thumbnail","6":"product_brand-k-10","7":"product_cat-hydraulioljyt","8":"product_cat-oljyt","9":"product_tag-hvlp-hydrauliikkaoljy","10":"product_tag-hydrauliikkaoljy","11":"product_tag-korkean-viskositeetti-indeksin-oljy","13":"first","14":"instock","15":"featured","16":"taxable","17":"shipping-taxable","18":"purchasable","19":"product-type-simple"},"acf":[],"_links":{"self":[{"href":"https:\/\/voitelukeskus.fi\/fi\/wp-json\/wp\/v2\/product\/3510","targetHints":{"allow":["GET"]}}],"collection":[{"href":"https:\/\/voitelukeskus.fi\/fi\/wp-json\/wp\/v2\/product"}],"about":[{"href":"https:\/\/voitelukeskus.fi\/fi\/wp-json\/wp\/v2\/types\/product"}],"replies":[{"embeddable":true,"href":"https:\/\/voitelukeskus.fi\/fi\/wp-json\/wp\/v2\/comments?post=3510"}],"wp:featuredmedia":[{"embeddable":true,"href":"https:\/\/voitelukeskus.fi\/fi\/wp-json\/wp\/v2\/media\/1591"}],"wp:attachment":[{"href":"https:\/\/voitelukeskus.fi\/fi\/wp-json\/wp\/v2\/media?parent=3510"}],"wp:term":[{"taxonomy":"product_brand","embeddable":true,"href":"https:\/\/voitelukeskus.fi\/fi\/wp-json\/wp\/v2\/product_brand?post=3510"},{"taxonomy":"product_cat","embeddable":true,"href":"https:\/\/voitelukeskus.fi\/fi\/wp-json\/wp\/v2\/product_cat?post=3510"},{"taxonomy":"product_tag","embeddable":true,"href":"https:\/\/voitelukeskus.fi\/fi\/wp-json\/wp\/v2\/product_tag?post=3510"}],"curies":[{"name":"wp","href":"https:\/\/api.w.org\/{rel}","templated":true}]}}