{"id":3499,"date":"2025-07-16T10:25:00","date_gmt":"2025-07-16T10:25:00","guid":{"rendered":"https:\/\/voitelukeskus.fi\/?post_type=product&#038;p=3499"},"modified":"2025-07-16T10:25:31","modified_gmt":"2025-07-16T10:25:31","slug":"pemco-589-80w-90-vaihteisto-ja-vetopyorasto-oljy-208l","status":"publish","type":"product","link":"https:\/\/voitelukeskus.fi\/fi\/tuote\/pemco-589-80w-90-vaihteisto-ja-vetopyorasto-oljy-208l\/","title":{"rendered":"Pemco 589 80W-90 vaihteisto- ja vetopy\u00f6r\u00e4st\u00f6-\u00f6ljy 208L"},"content":{"rendered":"<p>Vaihteisto- ja vetopy\u00f6r\u00e4st\u00f6-\u00f6ljy joka on kehitetty kest\u00e4m\u00e4\u00e4n my\u00f6s hypoidi py\u00f6r\u00e4st\u00f6jen \u00e4\u00e4rimm\u00e4isi\u00e4 pintapaineita. Se soveltuu kaikentyyppisille vaihteistoille ja vetopy\u00f6r\u00e4st\u00f6ille my\u00f6s lukkoperille (LS).<\/p>\n<p><strong>Tuotteen ominaisuudet:<\/strong><br \/>\n<img fetchpriority=\"high\" decoding=\"async\" class=\"alignnone size-full wp-image-1136\" src=\"https:\/\/www.hitech.fi\/hitech\/wp-content\/uploads\/2023\/12\/PM_589_ominaisuudet_FIN.jpg\" alt=\"\" width=\"634\" height=\"157\" \/><\/p>\n","protected":false},"excerpt":{"rendered":"<p><strong>T\u00e4ytt\u00e4\u00e4 vaatimukset:<\/strong><br \/>\nSAE 80W-90<br \/>\nAPI GL-5 LS (Limited Slip)<br \/>\nAPI GL-4<br \/>\nAPI MT-1<br \/>\nMACK GO-J<br \/>\nMAN 342<br \/>\nFORD WSD-M2C200-C<\/p>\n<p><strong>Pakkauskoot:<\/strong><br \/>\n20L, 208 L ja 1000L<\/p>\n","protected":false},"featured_media":1631,"comment_status":"closed","ping_status":"closed","template":"","meta":{"_acf_changed":false},"product_brand":[134],"product_cat":[36,42],"product_tag":[131,21,166],"class_list":{"0":"post-3499","1":"product","2":"type-product","3":"status-publish","4":"has-post-thumbnail","6":"product_brand-pemco","7":"product_cat-oljyt","8":"product_cat-vaihteisto-ja-voimansiirtooljyt","9":"product_tag-pemco","10":"product_tag-vaihteistooljy","11":"product_tag-voimansiirto","13":"first","14":"instock","15":"taxable","16":"shipping-taxable","17":"purchasable","18":"product-type-simple"},"acf":[],"_links":{"self":[{"href":"https:\/\/voitelukeskus.fi\/fi\/wp-json\/wp\/v2\/product\/3499","targetHints":{"allow":["GET"]}}],"collection":[{"href":"https:\/\/voitelukeskus.fi\/fi\/wp-json\/wp\/v2\/product"}],"about":[{"href":"https:\/\/voitelukeskus.fi\/fi\/wp-json\/wp\/v2\/types\/product"}],"replies":[{"embeddable":true,"href":"https:\/\/voitelukeskus.fi\/fi\/wp-json\/wp\/v2\/comments?post=3499"}],"wp:featuredmedia":[{"embeddable":true,"href":"https:\/\/voitelukeskus.fi\/fi\/wp-json\/wp\/v2\/media\/1631"}],"wp:attachment":[{"href":"https:\/\/voitelukeskus.fi\/fi\/wp-json\/wp\/v2\/media?parent=3499"}],"wp:term":[{"taxonomy":"product_brand","embeddable":true,"href":"https:\/\/voitelukeskus.fi\/fi\/wp-json\/wp\/v2\/product_brand?post=3499"},{"taxonomy":"product_cat","embeddable":true,"href":"https:\/\/voitelukeskus.fi\/fi\/wp-json\/wp\/v2\/product_cat?post=3499"},{"taxonomy":"product_tag","embeddable":true,"href":"https:\/\/voitelukeskus.fi\/fi\/wp-json\/wp\/v2\/product_tag?post=3499"}],"curies":[{"name":"wp","href":"https:\/\/api.w.org\/{rel}","templated":true}]}}