{"id":3496,"date":"2025-07-16T09:22:26","date_gmt":"2025-07-16T09:22:26","guid":{"rendered":"https:\/\/voitelukeskus.fi\/?post_type=product&#038;p=3496"},"modified":"2025-07-16T09:23:45","modified_gmt":"2025-07-16T09:23:45","slug":"pemco-575-75w-140-vetopyorasto-oljy-208l","status":"publish","type":"product","link":"https:\/\/voitelukeskus.fi\/fi\/tuote\/pemco-575-75w-140-vetopyorasto-oljy-208l\/","title":{"rendered":"Pemco 575 75W-140 vetopy\u00f6r\u00e4st\u00f6-\u00f6ljy 208L"},"content":{"rendered":"<p>Ymp\u00e4rivuotiseen k\u00e4ytt\u00f6\u00f6n tarkoitettu synteettinen vetopy\u00f6r\u00e4st\u00f6-\u00f6ljy kaikentyyppisille vetopy\u00f6r\u00e4st\u00f6ille, my\u00f6s lukkoperiin joiden \u00f6ljyvaatimuksena on &#8221;Limited Slip Oil API GL5\u201d.<\/p>\n<p><strong>Tuotteen ominaisuudet:<\/strong><br \/>\n<img fetchpriority=\"high\" decoding=\"async\" class=\"alignnone size-full wp-image-1148\" src=\"https:\/\/www.hitech.fi\/hitech\/wp-content\/uploads\/2023\/12\/PM_575_ominaisuudet_FIN.jpg\" alt=\"\" width=\"635\" height=\"135\" \/><\/p>\n","protected":false},"excerpt":{"rendered":"<p><strong>T\u00e4ytt\u00e4\u00e4 vaatimukset:<\/strong><br \/>\nSAE 75W-140<br \/>\nAPI GL-5 LS (Limited Slip)<br \/>\nMIL L 2105 D<br \/>\nMAN 342<br \/>\nSCANIA STO 1:0<\/p>\n<p><strong>Pakkauskoot:<\/strong><br \/>\n20L ja 208 L<\/p>\n","protected":false},"featured_media":1384,"comment_status":"closed","ping_status":"closed","template":"","meta":{"_acf_changed":false},"product_brand":[134],"product_cat":[36,42],"product_tag":[131,21,166],"class_list":{"0":"post-3496","1":"product","2":"type-product","3":"status-publish","4":"has-post-thumbnail","6":"product_brand-pemco","7":"product_cat-oljyt","8":"product_cat-vaihteisto-ja-voimansiirtooljyt","9":"product_tag-pemco","10":"product_tag-vaihteistooljy","11":"product_tag-voimansiirto","13":"first","14":"instock","15":"taxable","16":"shipping-taxable","17":"purchasable","18":"product-type-simple"},"acf":[],"_links":{"self":[{"href":"https:\/\/voitelukeskus.fi\/fi\/wp-json\/wp\/v2\/product\/3496","targetHints":{"allow":["GET"]}}],"collection":[{"href":"https:\/\/voitelukeskus.fi\/fi\/wp-json\/wp\/v2\/product"}],"about":[{"href":"https:\/\/voitelukeskus.fi\/fi\/wp-json\/wp\/v2\/types\/product"}],"replies":[{"embeddable":true,"href":"https:\/\/voitelukeskus.fi\/fi\/wp-json\/wp\/v2\/comments?post=3496"}],"wp:featuredmedia":[{"embeddable":true,"href":"https:\/\/voitelukeskus.fi\/fi\/wp-json\/wp\/v2\/media\/1384"}],"wp:attachment":[{"href":"https:\/\/voitelukeskus.fi\/fi\/wp-json\/wp\/v2\/media?parent=3496"}],"wp:term":[{"taxonomy":"product_brand","embeddable":true,"href":"https:\/\/voitelukeskus.fi\/fi\/wp-json\/wp\/v2\/product_brand?post=3496"},{"taxonomy":"product_cat","embeddable":true,"href":"https:\/\/voitelukeskus.fi\/fi\/wp-json\/wp\/v2\/product_cat?post=3496"},{"taxonomy":"product_tag","embeddable":true,"href":"https:\/\/voitelukeskus.fi\/fi\/wp-json\/wp\/v2\/product_tag?post=3496"}],"curies":[{"name":"wp","href":"https:\/\/api.w.org\/{rel}","templated":true}]}}