{"id":3495,"date":"2025-07-16T08:57:42","date_gmt":"2025-07-16T08:57:42","guid":{"rendered":"https:\/\/voitelukeskus.fi\/?post_type=product&#038;p=3495"},"modified":"2025-07-16T08:59:18","modified_gmt":"2025-07-16T08:59:18","slug":"pemco-diesel-g-12-shpd-10w-30-raskaankaluston-moottorioljy-208l","status":"publish","type":"product","link":"https:\/\/voitelukeskus.fi\/fi\/tuote\/pemco-diesel-g-12-shpd-10w-30-raskaankaluston-moottorioljy-208l\/","title":{"rendered":"Pemco Diesel G-12 SHPD 10W-30 raskaankaluston moottori\u00f6ljy 208L"},"content":{"rendered":"<p>Energiatehokas osasynteettinen moottori\u00f6ljy ilman hiukkasuodatinta (DPF) oleville ahdetuille ja ahtamattomille raskaan kaluston dieselmoottoreille ymp\u00e4rivuotiseen k\u00e4ytt\u00f6\u00f6n.<\/p>\n<p><strong>Tuotteen ominaisuudet:<\/strong><br \/>\n<img fetchpriority=\"high\" decoding=\"async\" class=\"alignnone size-full wp-image-1093\" src=\"https:\/\/www.hitech.fi\/hitech\/wp-content\/uploads\/2023\/12\/G-12_ominaisuudet.jpg\" alt=\"\" width=\"634\" height=\"167\" \/><\/p>\n","protected":false},"excerpt":{"rendered":"<p><strong>T\u00e4ytt\u00e4\u00e4 seuraavat luokitukset:<\/strong><br \/>\nSAE 10W-30; API CI-4 Plus; API CI-4\/CH-4\/SL; ACEA E7, A3\/B4; VOLVO VDS-3; MAN M 3275; MB 228.3\/228.1; MTU Type 2; MACK EO-N\/EO-M Plus; RENAULT RLD-2; JASO DH-1; CUMMINS CES 20076\/077\/078; CATERPILLAR ECF-2; CATERPILLAR ECF-1a; GLOBAL DHD-1; DETROIT DIESEL 93K215; DEUTZ DQC-III<\/p>\n<p><strong>Pakkauskoot:<\/strong><br \/>\n20L ja 208L<\/p>\n","protected":false},"featured_media":1368,"comment_status":"closed","ping_status":"closed","template":"","meta":{"_acf_changed":false},"product_brand":[134],"product_cat":[36,40],"product_tag":[162,131,133],"class_list":{"0":"post-3495","1":"product","2":"type-product","3":"status-publish","4":"has-post-thumbnail","6":"product_brand-pemco","7":"product_cat-oljyt","8":"product_cat-raskaan-kaluston-moottorioljyt","9":"product_tag-10w-30","10":"product_tag-pemco","11":"product_tag-raskaan-kaluston-moottorioljyt","13":"first","14":"instock","15":"taxable","16":"shipping-taxable","17":"purchasable","18":"product-type-simple"},"acf":[],"_links":{"self":[{"href":"https:\/\/voitelukeskus.fi\/fi\/wp-json\/wp\/v2\/product\/3495","targetHints":{"allow":["GET"]}}],"collection":[{"href":"https:\/\/voitelukeskus.fi\/fi\/wp-json\/wp\/v2\/product"}],"about":[{"href":"https:\/\/voitelukeskus.fi\/fi\/wp-json\/wp\/v2\/types\/product"}],"replies":[{"embeddable":true,"href":"https:\/\/voitelukeskus.fi\/fi\/wp-json\/wp\/v2\/comments?post=3495"}],"wp:featuredmedia":[{"embeddable":true,"href":"https:\/\/voitelukeskus.fi\/fi\/wp-json\/wp\/v2\/media\/1368"}],"wp:attachment":[{"href":"https:\/\/voitelukeskus.fi\/fi\/wp-json\/wp\/v2\/media?parent=3495"}],"wp:term":[{"taxonomy":"product_brand","embeddable":true,"href":"https:\/\/voitelukeskus.fi\/fi\/wp-json\/wp\/v2\/product_brand?post=3495"},{"taxonomy":"product_cat","embeddable":true,"href":"https:\/\/voitelukeskus.fi\/fi\/wp-json\/wp\/v2\/product_cat?post=3495"},{"taxonomy":"product_tag","embeddable":true,"href":"https:\/\/voitelukeskus.fi\/fi\/wp-json\/wp\/v2\/product_tag?post=3495"}],"curies":[{"name":"wp","href":"https:\/\/api.w.org\/{rel}","templated":true}]}}