{"id":3491,"date":"2025-07-16T08:40:04","date_gmt":"2025-07-16T08:40:04","guid":{"rendered":"https:\/\/voitelukeskus.fi\/?post_type=product&#038;p=3491"},"modified":"2025-07-16T08:52:32","modified_gmt":"2025-07-16T08:52:32","slug":"pemco-multifarm-stou-10w-30-yleiskaytto-oljy-200l","status":"publish","type":"product","link":"https:\/\/voitelukeskus.fi\/fi\/tuote\/pemco-multifarm-stou-10w-30-yleiskaytto-oljy-200l\/","title":{"rendered":"Pemco Multifarm STOU 10W-30 yleisk\u00e4ytt\u00f6-\u00f6ljy 208L"},"content":{"rendered":"<p>Osa-synteettinen maatalouden yleis\u00f6ljy moottoreille ja vaihteistoille ymp\u00e4rivuotiseen k\u00e4ytt\u00f6\u00f6n. Soveltuu my\u00f6s traktoreiden m\u00e4rk\u00e4jarruille sek\u00e4 hydraulikkaan. Tuote on kehitetty erityisesti maatalouskoneiden vaatimukset huomioiden. Tuote kuuluu STOU (Super Traktor Oil Universal) luokkaan.<\/p>\n<p><strong>Tuotteen ominaisuudet:<\/strong><br \/>\n<img fetchpriority=\"high\" decoding=\"async\" class=\"alignnone size-full wp-image-1149\" src=\"https:\/\/www.hitech.fi\/hitech\/wp-content\/uploads\/2023\/12\/PM_STOU_10w30_ominaisuudet_FIN.jpg\" alt=\"\" width=\"636\" height=\"170\" \/><\/p>\n","protected":false},"excerpt":{"rendered":"<p><strong>T\u00e4ytt\u00e4\u00e4 seuraavat vaatimukset \/ luokitukset:<\/strong><\/p>\n<p>SAE 10W-30<br \/>\nAPI CG-4\/CF-4\/CF\/CE\/CD\/SF<br \/>\nAPI GL-4<br \/>\nACEA E3<br \/>\nDIN 51524-3 HVLP<\/p>\n<p>ZF TE-ML 06A; ZF TE-ML 06B (INC. 06R); ZF TE-ML 06C; ZF TE-ML 07B; FORD NEW HOLLAND 82009201; FORD NEW HOLLAND 82009202; FORD NEW HOLLAND 82009203; FORD WSS-M2C159-B; FORD WSS-M2C159-C; FORD ESN-M2C86-B; FORD ESN-M2C86-C; FORD ESN-M2C134-D; JOHN DEERE J27; JOHN DEERE J20C; JOHN DEERE J20D; MASSEY FERGUSON M 1139; MASSEY FERGUSON M 1144; MASSEY FERGUSON M 1135; MASSEY FERGUSON M 1143; MASSEY FERGUSON M 1145; MB 227.1; MB 228.1; ALLISON C-4; NEW HOLLAND MAT 3525; NEW HOLLAND MAT 3526; SPERRY VICKERS M-2950-S; SPERRY VICKERS I-286-S; EATON I-286-S; EATON M-2950-S; CASE I H MS 1204; CASE I H MS 1206; CASE I H MS 1207; CASE I H MS 1209; CASE NEW HOLLAND MAT 3526; CASE NEW HOLLAND MAT 3525; CATERPILLAR TO-2; SAUER SUNDSTRAND DANFOSS Hydrostatic trans fluid; VOLVO WB 101; Others VOLVO WB 101, suitable for wet brakes<\/p>\n<p><strong>Pakkauskoot:<\/strong><br \/>\n20 L ja 208 L<\/p>\n","protected":false},"featured_media":1372,"comment_status":"closed","ping_status":"closed","template":"","meta":{"_acf_changed":false},"product_brand":[134],"product_cat":[36,119],"product_tag":[162,131,163],"class_list":{"0":"post-3491","1":"product","2":"type-product","3":"status-publish","4":"has-post-thumbnail","6":"product_brand-pemco","7":"product_cat-oljyt","8":"product_cat-yleiskaytto-oljyt","9":"product_tag-10w-30","10":"product_tag-pemco","11":"product_tag-stou","13":"first","14":"instock","15":"taxable","16":"shipping-taxable","17":"purchasable","18":"product-type-simple"},"acf":[],"_links":{"self":[{"href":"https:\/\/voitelukeskus.fi\/fi\/wp-json\/wp\/v2\/product\/3491","targetHints":{"allow":["GET"]}}],"collection":[{"href":"https:\/\/voitelukeskus.fi\/fi\/wp-json\/wp\/v2\/product"}],"about":[{"href":"https:\/\/voitelukeskus.fi\/fi\/wp-json\/wp\/v2\/types\/product"}],"replies":[{"embeddable":true,"href":"https:\/\/voitelukeskus.fi\/fi\/wp-json\/wp\/v2\/comments?post=3491"}],"wp:featuredmedia":[{"embeddable":true,"href":"https:\/\/voitelukeskus.fi\/fi\/wp-json\/wp\/v2\/media\/1372"}],"wp:attachment":[{"href":"https:\/\/voitelukeskus.fi\/fi\/wp-json\/wp\/v2\/media?parent=3491"}],"wp:term":[{"taxonomy":"product_brand","embeddable":true,"href":"https:\/\/voitelukeskus.fi\/fi\/wp-json\/wp\/v2\/product_brand?post=3491"},{"taxonomy":"product_cat","embeddable":true,"href":"https:\/\/voitelukeskus.fi\/fi\/wp-json\/wp\/v2\/product_cat?post=3491"},{"taxonomy":"product_tag","embeddable":true,"href":"https:\/\/voitelukeskus.fi\/fi\/wp-json\/wp\/v2\/product_tag?post=3491"}],"curies":[{"name":"wp","href":"https:\/\/api.w.org\/{rel}","templated":true}]}}