{"id":3480,"date":"2025-07-15T09:00:53","date_gmt":"2025-07-15T09:00:53","guid":{"rendered":"https:\/\/voitelukeskus.fi\/?post_type=product&#038;p=3480"},"modified":"2025-07-15T09:01:36","modified_gmt":"2025-07-15T09:01:36","slug":"elite-super-af-red-punainen-100-200l","status":"publish","type":"product","link":"https:\/\/voitelukeskus.fi\/fi\/tuote\/elite-super-af-red-punainen-100-200l\/","title":{"rendered":"ELITE Super AF Red &#8211; Punainen 100% 200L"},"content":{"rendered":"<p><strong>Super AF Red on muun muassa seuraavien moottorivalmistajien hyv\u00e4ksym\u00e4:<\/strong><br \/>\nASTM D3306 Type I, ASTM D6210 Type I-FF, GB 29743-2013, JIS K 2234, SAE J1034, SAE J1941, Caterpillar Motoren GCM34, Deutz DQC CB-14, DFS 93K217, Fiat 9.55523, Ford WSS-M97B44-D, GMW 3420 (DEX-COOL), Komatsu 07.892 (AF-NAC), MAN 324 Typ SNF, MB 325.3 (concentrate), MB 326.3 (ready to use), Skoda 61-0-0257, STJLR.03.5212, Volvo VCS-2 \/ VCS-1, VW TL-774-F (G12+), VW TL-774-D (G12).<\/p>\n<p>Tuote ei sis\u00e4ll\u00e4 nitriittej\u00e4, amiineja, silikaatteja, boraatteja tai fosfaatteja.<\/p>\n<p>Tuote sis\u00e4lt\u00e4\u00e4: Monoetyleeniglykolia, inhibiittej\u00e4, v\u00e4riainetta<\/p>\n<p>Suositeltava vaihtov\u00e4li 3 \u2013 5 vuotta. Pakkaskest\u00e4vyys veteen sekoitettuna 1:1 = -38 \u00b0C<\/p>\n","protected":false},"excerpt":{"rendered":"<p>Super AF Red on nykyaikainen ja korkealaatuinen, pitk\u00e4n vaihtov\u00e4lin j\u00e4\u00e4hdytinneste. Super AF Red antaa erinomaisen korroosio- ja j\u00e4\u00e4tymissuojan moottoreille ja j\u00e4\u00e4hdytinj\u00e4rjestelmille. Uudentyyppisen lis\u00e4aineistuksen johdosta se soveltuu erinomaisesti nykyaikaisiin moottoreihin ja j\u00e4\u00e4hdytysj\u00e4rjestelmiin, joissa k\u00e4ytet\u00e4\u00e4n perinteisten materiaalien ohella alumiinia, kuparia, messinki\u00e4 sek\u00e4 muovi- ja kevytmetalliseoksia.<\/p>\n<p><strong>Pakkauskoot: <\/strong><br \/>\n10L \/ 20L \/ 200L \/ 1000L IBC<\/p>\n","protected":false},"featured_media":1482,"comment_status":"closed","ping_status":"closed","template":"","meta":{"_acf_changed":false},"product_brand":[152],"product_cat":[38,129],"product_tag":[],"class_list":{"0":"post-3480","1":"product","2":"type-product","3":"status-publish","4":"has-post-thumbnail","6":"product_brand-elite","7":"product_cat-huoltokemikaalit-ja-puhdistusaineet","8":"product_cat-jaahdytinnesteet","10":"first","11":"instock","12":"taxable","13":"shipping-taxable","14":"purchasable","15":"product-type-simple"},"acf":[],"_links":{"self":[{"href":"https:\/\/voitelukeskus.fi\/fi\/wp-json\/wp\/v2\/product\/3480","targetHints":{"allow":["GET"]}}],"collection":[{"href":"https:\/\/voitelukeskus.fi\/fi\/wp-json\/wp\/v2\/product"}],"about":[{"href":"https:\/\/voitelukeskus.fi\/fi\/wp-json\/wp\/v2\/types\/product"}],"replies":[{"embeddable":true,"href":"https:\/\/voitelukeskus.fi\/fi\/wp-json\/wp\/v2\/comments?post=3480"}],"wp:featuredmedia":[{"embeddable":true,"href":"https:\/\/voitelukeskus.fi\/fi\/wp-json\/wp\/v2\/media\/1482"}],"wp:attachment":[{"href":"https:\/\/voitelukeskus.fi\/fi\/wp-json\/wp\/v2\/media?parent=3480"}],"wp:term":[{"taxonomy":"product_brand","embeddable":true,"href":"https:\/\/voitelukeskus.fi\/fi\/wp-json\/wp\/v2\/product_brand?post=3480"},{"taxonomy":"product_cat","embeddable":true,"href":"https:\/\/voitelukeskus.fi\/fi\/wp-json\/wp\/v2\/product_cat?post=3480"},{"taxonomy":"product_tag","embeddable":true,"href":"https:\/\/voitelukeskus.fi\/fi\/wp-json\/wp\/v2\/product_tag?post=3480"}],"curies":[{"name":"wp","href":"https:\/\/api.w.org\/{rel}","templated":true}]}}