{"id":3472,"date":"2025-07-15T08:41:03","date_gmt":"2025-07-15T08:41:03","guid":{"rendered":"https:\/\/voitelukeskus.fi\/?post_type=product&#038;p=3472"},"modified":"2025-07-15T08:42:09","modified_gmt":"2025-07-15T08:42:09","slug":"elite-ultra-protect-pinnottava-shampoo-20l","status":"publish","type":"product","link":"https:\/\/voitelukeskus.fi\/fi\/tuote\/elite-ultra-protect-pinnottava-shampoo-20l\/","title":{"rendered":"ELITE Ultra Protect pinnottava shampoo 20L"},"content":{"rendered":"<p><strong>K\u00e4ytt\u00f6ohje<\/strong><\/p>\n<p>Laimenna vedell\u00e4 levitystavasta riippuen. Harjapesukoneissa 1:100-2:100. Harjataan kiinni auton pintaan, jotta hankalammatkin kolot saadaan peitetty\u00e4. K\u00e4sivahauksessa laimennetaan 2:100-3:100 ja levitet\u00e4\u00e4n sienell\u00e4 auton pintaan huippuluokan vahauksen saavuttamiseksi. K\u00e4sittelyn j\u00e4lkeen loppuhuuhtelu. Ei suositella levitett\u00e4v\u00e4ksi yli + 35 \u00b0C (k\u00e4denl\u00e4mp\u00f6iselle) pinnalle. V\u00e4lt\u00e4 aina pesua kuumissa olosuhteissa ja auringonpaisteessa.<\/p>\n","protected":false},"excerpt":{"rendered":"<p><strong>Laadukas ja nopeak\u00e4ytt\u00f6inen m\u00e4rk\u00e4vaha<\/strong>, joka antaa suojaavan pinnan sek\u00e4 helpottaa tulevia pesuja.Laadukas nanoteknologiaan perustuva keraaminen m\u00e4rk\u00e4vaha pikavahaukseen harjapesukoneissa ja k\u00e4sivahauksessa.<\/p>\n<p>Suojaa maalipinnan maantiesuolalta ja muilta ep\u00e4puhtauksilta.Miellytt\u00e4v\u00e4 kirsikantuoksu tulee esiin kuivausprosessin aikana.<\/p>\n<p><strong>Pakkauskoot:<\/strong><br \/>\n10L ja 20L<\/p>\n","protected":false},"featured_media":1509,"comment_status":"closed","ping_status":"closed","template":"","meta":{"_acf_changed":false},"product_brand":[152],"product_cat":[38,90],"product_tag":[],"class_list":{"0":"post-3472","1":"product","2":"type-product","3":"status-publish","4":"has-post-thumbnail","6":"product_brand-elite","7":"product_cat-huoltokemikaalit-ja-puhdistusaineet","8":"product_cat-pesuaineet","10":"first","11":"instock","12":"taxable","13":"shipping-taxable","14":"purchasable","15":"product-type-simple"},"acf":[],"_links":{"self":[{"href":"https:\/\/voitelukeskus.fi\/fi\/wp-json\/wp\/v2\/product\/3472","targetHints":{"allow":["GET"]}}],"collection":[{"href":"https:\/\/voitelukeskus.fi\/fi\/wp-json\/wp\/v2\/product"}],"about":[{"href":"https:\/\/voitelukeskus.fi\/fi\/wp-json\/wp\/v2\/types\/product"}],"replies":[{"embeddable":true,"href":"https:\/\/voitelukeskus.fi\/fi\/wp-json\/wp\/v2\/comments?post=3472"}],"wp:featuredmedia":[{"embeddable":true,"href":"https:\/\/voitelukeskus.fi\/fi\/wp-json\/wp\/v2\/media\/1509"}],"wp:attachment":[{"href":"https:\/\/voitelukeskus.fi\/fi\/wp-json\/wp\/v2\/media?parent=3472"}],"wp:term":[{"taxonomy":"product_brand","embeddable":true,"href":"https:\/\/voitelukeskus.fi\/fi\/wp-json\/wp\/v2\/product_brand?post=3472"},{"taxonomy":"product_cat","embeddable":true,"href":"https:\/\/voitelukeskus.fi\/fi\/wp-json\/wp\/v2\/product_cat?post=3472"},{"taxonomy":"product_tag","embeddable":true,"href":"https:\/\/voitelukeskus.fi\/fi\/wp-json\/wp\/v2\/product_tag?post=3472"}],"curies":[{"name":"wp","href":"https:\/\/api.w.org\/{rel}","templated":true}]}}