{"id":3469,"date":"2025-07-10T10:59:09","date_gmt":"2025-07-10T10:59:09","guid":{"rendered":"https:\/\/voitelukeskus.fi\/?post_type=product&#038;p=3469"},"modified":"2025-07-10T11:01:33","modified_gmt":"2025-07-10T11:01:33","slug":"teho-betwex-betonin-ja-kalkinpoistoaine-200l","status":"publish","type":"product","link":"https:\/\/voitelukeskus.fi\/fi\/tuote\/teho-betwex-betonin-ja-kalkinpoistoaine-200l\/","title":{"rendered":"TEHO BetWex Betonin- ja kalkinpoistoaine 200L"},"content":{"rendered":"<p><strong>K\u00e4ytt\u00f6ohje<\/strong>:<\/p>\n<p>Laimenna vedell\u00e4 likaisuusasteesta ja levitystavasta riippuen.<br \/>\nAnnostele 1:1 \u2013 1:10. Levit\u00e4 haponkest\u00e4v\u00e4ll\u00e4 matalapaineruiskulla.<br \/>\nAnna vaikuttaa kunnes lika, kovettumat tai saostumat irtoavat, noin 2 \u2013 10 min. K\u00e4yt\u00e4 tarvittaessa harjaa apuna.<br \/>\nHuuhtele puhtaalla painevedell\u00e4 ja viimeistele neutralisoivalla em\u00e4ksisell\u00e4 pesuaineella. Varmista aina pinnan kest\u00e4vyys ensin pienelle alalle. Ei suositella luonnonkiveen, alumiini-, messinki- tai ruostumattomille ter\u00e4spinnoille.<\/p>\n<p>K\u00e4ytett\u00e4v\u00e4 suojak\u00e4sineit\u00e4.<\/p>\n","protected":false},"excerpt":{"rendered":"<p><strong>BetWex on j\u00e4re\u00e4 tehoaine, joka puree jopa kiinni palaneeseen betoniin ja kalkkiin.<\/strong> BetWex on tarkoitettu eritt\u00e4in vaativaan betonin- ja kalkin poistoon.<br \/>\nTuotteen happopitoiset ainesosat irrottavat tehokkaasti betonin ja kalkkikovettumat, jopa kiinni palaneet. BetWex poistaa tehokkaasti my\u00f6s lev\u00e4n ja merin\u00e4kin.<\/p>\n<p><strong>K\u00e4ytt\u00f6kohteet<\/strong><br \/>\nBetoniautot, -lattiat sek\u00e4 ty\u00f6v\u00e4lineet, roska-autot sek\u00e4 muut kohteet, joissa tarvitaan betonin- ja kalkinpoistoa. Soveltuu my\u00f6s meren aiheuttamien ep\u00e4puhtauksien puhdistukseen.<\/p>\n<p><strong>Pakkauskoot:<\/strong><br \/>\n20L, 200L<\/p>\n","protected":false},"featured_media":1438,"comment_status":"closed","ping_status":"closed","template":"","meta":{"_acf_changed":false},"product_brand":[136],"product_cat":[38,90],"product_tag":[],"class_list":{"0":"post-3469","1":"product","2":"type-product","3":"status-publish","4":"has-post-thumbnail","6":"product_brand-teho","7":"product_cat-huoltokemikaalit-ja-puhdistusaineet","8":"product_cat-pesuaineet","10":"first","11":"instock","12":"taxable","13":"shipping-taxable","14":"purchasable","15":"product-type-simple"},"acf":[],"_links":{"self":[{"href":"https:\/\/voitelukeskus.fi\/fi\/wp-json\/wp\/v2\/product\/3469","targetHints":{"allow":["GET"]}}],"collection":[{"href":"https:\/\/voitelukeskus.fi\/fi\/wp-json\/wp\/v2\/product"}],"about":[{"href":"https:\/\/voitelukeskus.fi\/fi\/wp-json\/wp\/v2\/types\/product"}],"replies":[{"embeddable":true,"href":"https:\/\/voitelukeskus.fi\/fi\/wp-json\/wp\/v2\/comments?post=3469"}],"wp:featuredmedia":[{"embeddable":true,"href":"https:\/\/voitelukeskus.fi\/fi\/wp-json\/wp\/v2\/media\/1438"}],"wp:attachment":[{"href":"https:\/\/voitelukeskus.fi\/fi\/wp-json\/wp\/v2\/media?parent=3469"}],"wp:term":[{"taxonomy":"product_brand","embeddable":true,"href":"https:\/\/voitelukeskus.fi\/fi\/wp-json\/wp\/v2\/product_brand?post=3469"},{"taxonomy":"product_cat","embeddable":true,"href":"https:\/\/voitelukeskus.fi\/fi\/wp-json\/wp\/v2\/product_cat?post=3469"},{"taxonomy":"product_tag","embeddable":true,"href":"https:\/\/voitelukeskus.fi\/fi\/wp-json\/wp\/v2\/product_tag?post=3469"}],"curies":[{"name":"wp","href":"https:\/\/api.w.org\/{rel}","templated":true}]}}