{"id":3467,"date":"2025-07-10T09:52:36","date_gmt":"2025-07-10T09:52:36","guid":{"rendered":"https:\/\/voitelukeskus.fi\/?post_type=product&#038;p=3467"},"modified":"2025-12-10T10:12:20","modified_gmt":"2025-12-10T08:12:20","slug":"teho-roadex-strong-kalustonpesuaine-1000l","status":"publish","type":"product","link":"https:\/\/voitelukeskus.fi\/fi\/tuote\/teho-roadex-strong-kalustonpesuaine-1000l\/","title":{"rendered":"TEHO Roadex Strong -kalustonpesuaine 1000L"},"content":{"rendered":"<p><strong>Eritt\u00e4in tehokas ajoneuvojen ja raskaankaluston pesuainetiiviste <em>talvipesuun<\/em> ja <em>vaikean lian irroitukseen<\/em>. J\u00e4tt\u00e4\u00e4 kiilt\u00e4v\u00e4n pesutuloksen.<\/strong><\/p>\n<p>Soveltuu erinomaisesti autojen, koneiden, rekkojen, pressujen, vanteiden ja s\u00e4ili\u00f6iden pesuun. Voidaan k\u00e4ytt\u00e4\u00e4 harjallisissa ja harjattomissa pesuautomaateissa, painepesuripesussa, sek\u00e4 k\u00e4sinpesussa. Soveltuu my\u00f6s lattioiden ja ty\u00f6tilojen, sek\u00e4 moottorien ja mekaanisten laitteiden pesuun.<\/p>\n<p><strong>TEHO Roadex Strong<\/strong> irroittaa tehokkaasti maantielt\u00e4 kertyv\u00e4\u00e4 likaa, suolaa, \u00f6ljy\u00e4, diesel ja hy\u00f6nteisten j\u00e4\u00e4mi\u00e4. Vaahdotinta k\u00e4ytett\u00e4ess\u00e4 muodostaa paksun vaahdon, joka huuhtuu helposti. Normaalik\u00e4yt\u00f6ss\u00e4 ei vahingoita maalattuja pintoja. Tuote on biohajoava.<\/p>\n<p>&nbsp;<\/p>\n<p><strong>HUOM. AMMATTIK\u00c4YTT\u00d6\u00d6N!<\/strong><\/p>\n<p><strong>K\u00c4YTT\u00d6OHJE:<\/strong><\/p>\n<ol>\n<li>K\u00e4ytet\u00e4\u00e4n normaaleissa pesukohteissa 1-5% k\u00e4ytt\u00f6liuoksena, ongelmallisessa liassa 5-10% seossuhteella. Vahanpoisto ennen vahausta 10-15%.<\/li>\n<li>Levitet\u00e4\u00e4n ruiskuttamalla tai vaahdottamalla pest\u00e4v\u00e4lle pinnalle alhaalta yl\u00f6sp\u00e4in.<\/li>\n<li>Annetaan vaikuttaa 1-5 minuuttia.<\/li>\n<li>Huuhdotaan painepesurilla (120 bar) tai harjakoneella pesun yhteydess\u00e4. Painepesurilla huuhdottaessa ensin alhaalta yl\u00f6sp\u00e4in ja lopuksi ylh\u00e4\u00e4lt\u00e4 alasp\u00e4in.<\/li>\n<li>HUOM! \u00c4l\u00e4 anna pesuaineen kuivaa pest\u00e4v\u00e4\u00e4n pintaan. Ei suositella levitt\u00e4v\u00e4ksi pinnoille joiden l\u00e4mp\u00f6tila on yli +35\u00b0C tai kontaktiaikaa tulee lyhent\u00e4\u00e4.<\/li>\n<li>K\u00e4sinpesussa sekoita 10-20 litran \u00e4mp\u00e4riin pesuainetta 1 &#8211; 4 korkillista tuotetta. K\u00e4yt\u00e4 sient\u00e4 tai pesukinnasta, huuhtele lopuksi painepesurilla tai vesiletkulla runsaalla vedell\u00e4.<\/li>\n<\/ol>\n<p><strong>pH: <\/strong>13,5 (Tiiviste\/Koncentrat\/Concentrate)<\/p>\n<p>Tuotenumero: 2299<\/p>\n<p>Ammattik\u00e4ytt\u00f6\u00f6n.<\/p>\n","protected":false},"excerpt":{"rendered":"<p><strong>TEHO Roadex Strong<\/strong> on eritt\u00e4in tehokas ajoneuvojen ja raskaankaluston pesuainetiiviste talvipesuun ja vaikean lian irroitukseen. J\u00e4tt\u00e4\u00e4 kiilt\u00e4v\u00e4n pesutuloksen.<\/p>\n<p><strong>Pakkauskoot:<\/strong><br \/>\n20L, 200L ja 1000L<\/p>\n","protected":false},"featured_media":1135,"comment_status":"closed","ping_status":"closed","template":"","meta":{"_acf_changed":false},"product_brand":[136],"product_cat":[38,90],"product_tag":[],"class_list":{"0":"post-3467","1":"product","2":"type-product","3":"status-publish","4":"has-post-thumbnail","6":"product_brand-teho","7":"product_cat-huoltokemikaalit-ja-puhdistusaineet","8":"product_cat-pesuaineet","10":"first","11":"instock","12":"taxable","13":"shipping-taxable","14":"purchasable","15":"product-type-simple"},"acf":[],"_links":{"self":[{"href":"https:\/\/voitelukeskus.fi\/fi\/wp-json\/wp\/v2\/product\/3467","targetHints":{"allow":["GET"]}}],"collection":[{"href":"https:\/\/voitelukeskus.fi\/fi\/wp-json\/wp\/v2\/product"}],"about":[{"href":"https:\/\/voitelukeskus.fi\/fi\/wp-json\/wp\/v2\/types\/product"}],"replies":[{"embeddable":true,"href":"https:\/\/voitelukeskus.fi\/fi\/wp-json\/wp\/v2\/comments?post=3467"}],"wp:featuredmedia":[{"embeddable":true,"href":"https:\/\/voitelukeskus.fi\/fi\/wp-json\/wp\/v2\/media\/1135"}],"wp:attachment":[{"href":"https:\/\/voitelukeskus.fi\/fi\/wp-json\/wp\/v2\/media?parent=3467"}],"wp:term":[{"taxonomy":"product_brand","embeddable":true,"href":"https:\/\/voitelukeskus.fi\/fi\/wp-json\/wp\/v2\/product_brand?post=3467"},{"taxonomy":"product_cat","embeddable":true,"href":"https:\/\/voitelukeskus.fi\/fi\/wp-json\/wp\/v2\/product_cat?post=3467"},{"taxonomy":"product_tag","embeddable":true,"href":"https:\/\/voitelukeskus.fi\/fi\/wp-json\/wp\/v2\/product_tag?post=3467"}],"curies":[{"name":"wp","href":"https:\/\/api.w.org\/{rel}","templated":true}]}}