{"id":3462,"date":"2025-07-10T09:45:35","date_gmt":"2025-07-10T09:45:35","guid":{"rendered":"https:\/\/voitelukeskus.fi\/?post_type=product&#038;p=3462"},"modified":"2025-07-10T09:48:34","modified_gmt":"2025-07-10T09:48:34","slug":"elite-ice-stop-jaansulatus-ja-jaatymisenestoaine-1000l","status":"publish","type":"product","link":"https:\/\/voitelukeskus.fi\/fi\/tuote\/elite-ice-stop-jaansulatus-ja-jaatymisenestoaine-1000l\/","title":{"rendered":"Elite Ice-Stop j\u00e4\u00e4nsulatus- ja j\u00e4\u00e4tymisenestoaine 1000L"},"content":{"rendered":"<p><strong>K\u00e4ytt\u00f6kohteet: <\/strong><\/p>\n<p>Kuorma-autojenlavat, Katot ja r\u00e4nnit, Viem\u00e4reiden kannet, Sillat, Parkkialueet, Lastausalueet, Portaat, Laivat ja satama-alueet, jne&#8230;<\/p>\n","protected":false},"excerpt":{"rendered":"<p><strong>Eritt\u00e4in tehokas nestem\u00e4inen, biohajoava j\u00e4\u00e4nsulatus- ja j\u00e4\u00e4tymisenestoaine.<\/strong><\/p>\n<p>Eritt\u00e4in tehokas nestem\u00e4inen j\u00e4\u00e4nsulatusaine ja ennaltaehk\u00e4isev\u00e4 j\u00e4\u00e4tymisen estoaine kohteisiin, joissa ei voida k\u00e4ytt\u00e4\u00e4 perinteisi\u00e4 j\u00e4\u00e4nsulatusrakeita.<\/p>\n<p>Tuote on vaaraton luonnolle ja se on biohajoava, eik\u00e4 vahingoita pohjavesi\u00e4. Sulattaa ja ennalta ehk\u00e4isee j\u00e4\u00e4tymisen, sek\u00e4 hylkii likaa. Turvallinen k\u00e4ytt\u00e4\u00e4 kaikilla pinnoilla, ei ruostuta metallia eik\u00e4 sy\u00f6vyt\u00e4 betonia. Suunniteltu Pohjoismaisiin olosuhteisiin ja toimii kaikissa pakkas l\u00e4mp\u00f6tiloissa.<\/p>\n<p><strong>Pakkauskoot: <\/strong><br \/>\n20L, 200L, 1000L IBC<\/p>\n","protected":false},"featured_media":1464,"comment_status":"closed","ping_status":"closed","template":"","meta":{"_acf_changed":false},"product_brand":[152],"product_cat":[38,100],"product_tag":[],"class_list":{"0":"post-3462","1":"product","2":"type-product","3":"status-publish","4":"has-post-thumbnail","6":"product_brand-elite","7":"product_cat-huoltokemikaalit-ja-puhdistusaineet","8":"product_cat-jaansulatus-ja-ehkaisy","10":"first","11":"instock","12":"taxable","13":"shipping-taxable","14":"purchasable","15":"product-type-simple"},"acf":[],"_links":{"self":[{"href":"https:\/\/voitelukeskus.fi\/fi\/wp-json\/wp\/v2\/product\/3462","targetHints":{"allow":["GET"]}}],"collection":[{"href":"https:\/\/voitelukeskus.fi\/fi\/wp-json\/wp\/v2\/product"}],"about":[{"href":"https:\/\/voitelukeskus.fi\/fi\/wp-json\/wp\/v2\/types\/product"}],"replies":[{"embeddable":true,"href":"https:\/\/voitelukeskus.fi\/fi\/wp-json\/wp\/v2\/comments?post=3462"}],"wp:featuredmedia":[{"embeddable":true,"href":"https:\/\/voitelukeskus.fi\/fi\/wp-json\/wp\/v2\/media\/1464"}],"wp:attachment":[{"href":"https:\/\/voitelukeskus.fi\/fi\/wp-json\/wp\/v2\/media?parent=3462"}],"wp:term":[{"taxonomy":"product_brand","embeddable":true,"href":"https:\/\/voitelukeskus.fi\/fi\/wp-json\/wp\/v2\/product_brand?post=3462"},{"taxonomy":"product_cat","embeddable":true,"href":"https:\/\/voitelukeskus.fi\/fi\/wp-json\/wp\/v2\/product_cat?post=3462"},{"taxonomy":"product_tag","embeddable":true,"href":"https:\/\/voitelukeskus.fi\/fi\/wp-json\/wp\/v2\/product_tag?post=3462"}],"curies":[{"name":"wp","href":"https:\/\/api.w.org\/{rel}","templated":true}]}}