{"id":3454,"date":"2025-07-09T11:24:30","date_gmt":"2025-07-09T11:24:30","guid":{"rendered":"https:\/\/voitelukeskus.fi\/?post_type=product&#038;p=3454"},"modified":"2025-11-21T10:42:44","modified_gmt":"2025-11-21T10:42:44","slug":"k-10-diesel-booster-50ml-x-50kpl","status":"publish","type":"product","link":"https:\/\/voitelukeskus.fi\/fi\/tuote\/k-10-diesel-booster-50ml-x-50kpl\/","title":{"rendered":"K-10 Diesel Booster 50ml x 50kpl"},"content":{"rendered":"<p><strong>Suositellaan k\u00e4ytett\u00e4v\u00e4ksi kaikissa dieselmoottoreissa ja kaikkien diesel laatujen kanssa:<\/strong><br \/>\n\u25cf Kuorma-autot<br \/>\n\u25cf Ty\u00f6koneet ja traktorit<br \/>\n\u25cf Henkil\u00f6- ja pakettiautot<br \/>\n\u25cf Diesel ja poltto\u00f6ljyl\u00e4mmittimet<\/p>\n<p><strong>K\u00e4ytt\u00f6-ohje:<\/strong><br \/>\n1. Lis\u00e4\u00e4 tankkiin\/s\u00e4ili\u00f6\u00f6n ennen tankkausta.<br \/>\n2. Annostelu:<br \/>\n\u2022 Suositus jatkuvassa k\u00e4yt\u00f6ss\u00e4 1:500 eli 2 l tuotetta 1000 l polttoainetta<br \/>\n\u2022 Tehok\u00e4sittely ja puhdistus 1:300 eli 3,3 l tuotetta 1000 polttoainetta (1-2 tankillisen ajan)<br \/>\n\u2022 Ei suositella k\u00e4ytett\u00e4v\u00e4ksi vahvempana kuin 1:300 seoksena<\/p>\n","protected":false},"excerpt":{"rendered":"<p><strong>K-10 Diesel Booster on tehokas ja korkealaatuinenlis\u00e4aine kaikille dieselmoottoreille.<\/strong><\/p>\n<p>Se puhdistaa ja voitelee ruiskutusj\u00e4rjestelm\u00e4n,tehostaa palotapahtumaa ja nostaa setaanilukua,v\u00e4hent\u00e4\u00e4 pakokaasup\u00e4\u00e4st\u00f6j\u00e4, parantaapolttoainetaloutta ja optimoi moottorinsuorituskyky\u00e4.<\/p>\n<p>Aine poistaa vett\u00e4 sek\u00e4 est\u00e4\u00e4 polttoainej\u00e4rjestelm\u00e4n hapettumista ja bakteerikasvustojen syntymist\u00e4. Turvallinen k\u00e4ytt\u00e4\u00e4 uusissa ja vanhoissa dieselmoottoreissa. Suositellaan s\u00e4\u00e4nn\u00f6llist\u00e4 k\u00e4ytt\u00f6\u00e4.<\/p>\n<p><strong>Pakkauskoot:<\/strong><br \/>\n5L kanisteri<br \/>\n50ml annostelupullo (Myyntier\u00e4 50kpl\/ltk)<\/p>\n","protected":false},"featured_media":1633,"comment_status":"closed","ping_status":"closed","template":"","meta":{"_acf_changed":false},"product_brand":[135],"product_cat":[126,45],"product_tag":[167],"class_list":{"0":"post-3454","1":"product","2":"type-product","3":"status-publish","4":"has-post-thumbnail","6":"product_brand-k-10","7":"product_cat-lisaaineet","8":"product_cat-lisaaineet-dieseliin-ja-adblue-sailioon","9":"product_tag-diesel-lisaaineet","11":"first","12":"instock","13":"featured","14":"taxable","15":"shipping-taxable","16":"purchasable","17":"product-type-simple"},"acf":[],"_links":{"self":[{"href":"https:\/\/voitelukeskus.fi\/fi\/wp-json\/wp\/v2\/product\/3454","targetHints":{"allow":["GET"]}}],"collection":[{"href":"https:\/\/voitelukeskus.fi\/fi\/wp-json\/wp\/v2\/product"}],"about":[{"href":"https:\/\/voitelukeskus.fi\/fi\/wp-json\/wp\/v2\/types\/product"}],"replies":[{"embeddable":true,"href":"https:\/\/voitelukeskus.fi\/fi\/wp-json\/wp\/v2\/comments?post=3454"}],"wp:featuredmedia":[{"embeddable":true,"href":"https:\/\/voitelukeskus.fi\/fi\/wp-json\/wp\/v2\/media\/1633"}],"wp:attachment":[{"href":"https:\/\/voitelukeskus.fi\/fi\/wp-json\/wp\/v2\/media?parent=3454"}],"wp:term":[{"taxonomy":"product_brand","embeddable":true,"href":"https:\/\/voitelukeskus.fi\/fi\/wp-json\/wp\/v2\/product_brand?post=3454"},{"taxonomy":"product_cat","embeddable":true,"href":"https:\/\/voitelukeskus.fi\/fi\/wp-json\/wp\/v2\/product_cat?post=3454"},{"taxonomy":"product_tag","embeddable":true,"href":"https:\/\/voitelukeskus.fi\/fi\/wp-json\/wp\/v2\/product_tag?post=3454"}],"curies":[{"name":"wp","href":"https:\/\/api.w.org\/{rel}","templated":true}]}}