{"id":3451,"date":"2025-07-09T11:17:14","date_gmt":"2025-07-09T11:17:14","guid":{"rendered":"https:\/\/voitelukeskus.fi\/?post_type=product&#038;p=3451"},"modified":"2025-10-15T10:58:23","modified_gmt":"2025-10-15T10:58:23","slug":"k-10-artic-scr-urea-booster-50ml-x-50kpl","status":"publish","type":"product","link":"https:\/\/voitelukeskus.fi\/fi\/tuote\/k-10-artic-scr-urea-booster-50ml-x-50kpl\/","title":{"rendered":"K-10 Artic SCR Urea Booster 50ml x 50kpl"},"content":{"rendered":"<p><strong>K\u00c4YTT\u00d6OHJE<\/strong><\/p>\n<p><em><strong>1000 L varastos\u00e4ili\u00f6\u00f6n lis\u00e4tess\u00e4:<\/strong><\/em><br \/>\nLis\u00e4\u00e4 SCR Crystal Terminator varastos\u00e4ili\u00f6\u00f6n (1 L \/1000 L).<br \/>\nLis\u00e4\u00e4 Ice Protector varastos\u00e4ili\u00f6\u00f6n (3 L \/1000 L).<\/p>\n<p><em><strong>50ml annostelum\u00e4\u00e4r\u00e4:<\/strong><\/em><br \/>\n50 ml pullo riitt\u00e4\u00e4 k\u00e4sittelem\u00e4\u00e4n 20 litraa AdBlue-nestett\u00e4<\/p>\n","protected":false},"excerpt":{"rendered":"<p>K-10 Arctic Artic SCR Urea Booster koostuu kahdesta eri tuotteesta, jotka lis\u00e4t\u00e4\u00e4n molemmat 1000 L AdBlue -varastos\u00e4ili\u00f6\u00f6n pakkaskest\u00e4vyyden parantamiseksi:<\/p>\n<p>SCR Crystal Terminator on ajoneuvojen SCR-j\u00e4rjestelm\u00e4n lis\u00e4aine, joka est\u00e4\u00e4 urealiuoksen kristallisoitumista ja hajottaa jo syntyneit\u00e4 kristalleja.<\/p>\n<p>SCR Ice Protector on ajoneuvojen SCR-j\u00e4rjestelm\u00e4n lis\u00e4aine, joka nostaa AdBlue -urealiuoksen j\u00e4\u00e4tymispistett\u00e4 -11\u00b0C asteesta -17,5\u00b0C asteeseen.<\/p>\n<p>Lis\u00e4ksi my\u00f6s 50ml valmis annostelupullo mihin lis\u00e4tty yll\u00e4 olevat ominaisuudet.<\/p>\n<p><strong>Myyntier\u00e4t:<\/strong><br \/>\n3L+1L &#8211; 1000 L AdBlue -varastos\u00e4ili\u00f6\u00f6n<br \/>\n50ml &#8211; Valmis annostelupullo (Myyntier\u00e4 50kpl\/ltk)<\/p>\n","protected":false},"featured_media":1725,"comment_status":"closed","ping_status":"closed","template":"","meta":{"_acf_changed":false},"product_brand":[135],"product_cat":[126,45],"product_tag":[174],"class_list":{"0":"post-3451","1":"product","2":"type-product","3":"status-publish","4":"has-post-thumbnail","6":"product_brand-k-10","7":"product_cat-lisaaineet","8":"product_cat-lisaaineet-dieseliin-ja-adblue-sailioon","9":"product_tag-adblue-lisaaine","11":"first","12":"instock","13":"taxable","14":"shipping-taxable","15":"purchasable","16":"product-type-simple"},"acf":[],"_links":{"self":[{"href":"https:\/\/voitelukeskus.fi\/fi\/wp-json\/wp\/v2\/product\/3451","targetHints":{"allow":["GET"]}}],"collection":[{"href":"https:\/\/voitelukeskus.fi\/fi\/wp-json\/wp\/v2\/product"}],"about":[{"href":"https:\/\/voitelukeskus.fi\/fi\/wp-json\/wp\/v2\/types\/product"}],"replies":[{"embeddable":true,"href":"https:\/\/voitelukeskus.fi\/fi\/wp-json\/wp\/v2\/comments?post=3451"}],"wp:featuredmedia":[{"embeddable":true,"href":"https:\/\/voitelukeskus.fi\/fi\/wp-json\/wp\/v2\/media\/1725"}],"wp:attachment":[{"href":"https:\/\/voitelukeskus.fi\/fi\/wp-json\/wp\/v2\/media?parent=3451"}],"wp:term":[{"taxonomy":"product_brand","embeddable":true,"href":"https:\/\/voitelukeskus.fi\/fi\/wp-json\/wp\/v2\/product_brand?post=3451"},{"taxonomy":"product_cat","embeddable":true,"href":"https:\/\/voitelukeskus.fi\/fi\/wp-json\/wp\/v2\/product_cat?post=3451"},{"taxonomy":"product_tag","embeddable":true,"href":"https:\/\/voitelukeskus.fi\/fi\/wp-json\/wp\/v2\/product_tag?post=3451"}],"curies":[{"name":"wp","href":"https:\/\/api.w.org\/{rel}","templated":true}]}}