{"id":3439,"date":"2025-07-07T04:18:13","date_gmt":"2025-07-07T04:18:13","guid":{"rendered":"https:\/\/voitelukeskus.fi\/?post_type=product&#038;p=3439"},"modified":"2025-07-09T10:16:21","modified_gmt":"2025-07-09T10:16:21","slug":"yushimoto-takumi-mpx-erikoisrasva-418g-lubeshuttle","status":"publish","type":"product","link":"https:\/\/voitelukeskus.fi\/fi\/tuote\/yushimoto-takumi-mpx-erikoisrasva-418g-lubeshuttle\/","title":{"rendered":"Yushimoto Takumi MPX erikoisrasva \u2013 418g (Lubeshuttle)"},"content":{"rendered":"<p><strong>Takumi MPX soveltuu erityisesti:<\/strong><\/p>\n<ul>\n<li>Raskaasti kuormitettujen ja hitaasti py\u00f6rivien vierint\u00e4- ja liukulaakereiden, sek\u00e4 liukujohteiden voiteluun<\/li>\n<li>Nivelten voiteluun<\/li>\n<li>Torninostureiden k\u00e4\u00e4nt\u00f6kehien pitk\u00e4aikaiseen voiteluun<\/li>\n<li>Murskauslaitosten, kuljetinhihnojen ja ep\u00e4keskopuristimien laakerien voiteluun<\/li>\n<\/ul>\n<p>&nbsp;<\/p>\n<p><strong>Huippuominaisuudet:<\/strong><\/p>\n<ul>\n<li><strong>Eritt\u00e4in suuri paineenkesto<\/strong><\/li>\n<li><strong>Kest\u00e4\u00e4 korkeita l\u00e4mp\u00f6tiloja<\/strong><\/li>\n<li><strong>Loistava hapettumiskest\u00e4vyys ja korroosiosuoja<\/strong><\/li>\n<li><strong>Vedenkest\u00e4v\u00e4 ja mekaanisesti vakaa<\/strong><\/li>\n<li><strong>Pitk\u00e4ik\u00e4inen ja ik\u00e4\u00e4ntymist\u00e4 kest\u00e4v\u00e4<\/strong><\/li>\n<li><strong>Pident\u00e4\u00e4 huoltov\u00e4li\u00e4<\/strong><\/li>\n<li><strong>Poikkeuksellinen tarttuvuus \u2013 pysyy paikallaan vaativissakin oloissa<\/strong><\/li>\n<\/ul>\n","protected":false},"excerpt":{"rendered":"<p><strong>\u00c4\u00e4rimm\u00e4isiin olosuhteisiin suunniteltu erikoisrasva<\/strong><\/p>\n<p>Yushimoto Takumi MPX on tehokas ja kest\u00e4v\u00e4 huippuluokan erikoisvoitelurasva, joka perustuu puolisynteettiseen perus\u00f6ljyyn. Se tarjoaa poikkeuksellisen suuren kuormankestokyvyn ja erinomaisen tarttuvuuden, muodostaen tiiviin, vett\u00e4 ja p\u00f6ly\u00e4 hylkiv\u00e4n suojakalvon, joka takaa pitk\u00e4kestoisen suojan vaativissakin olosuhteissa, pident\u00e4\u00e4 huoltov\u00e4lej\u00e4 ja v\u00e4hent\u00e4\u00e4 seisokkien riski\u00e4.<\/p>\n<p><strong>Pakkauskoot<\/strong><br \/>\n0,418 kg rasvapatruuna (Lubeshuttle)<br \/>\nToimitetaan 20 kpl\/laatikko<\/p>\n","protected":false},"featured_media":3446,"comment_status":"closed","ping_status":"closed","template":"","meta":{"_acf_changed":false},"product_brand":[179],"product_cat":[170,15],"product_tag":[],"class_list":{"0":"post-3439","1":"product","2":"type-product","3":"status-publish","4":"has-post-thumbnail","6":"product_brand-yushimoto","7":"product_cat-patruunarasvat","8":"product_cat-rasvat","10":"first","11":"instock","12":"taxable","13":"shipping-taxable","14":"purchasable","15":"product-type-simple"},"acf":[],"_links":{"self":[{"href":"https:\/\/voitelukeskus.fi\/fi\/wp-json\/wp\/v2\/product\/3439","targetHints":{"allow":["GET"]}}],"collection":[{"href":"https:\/\/voitelukeskus.fi\/fi\/wp-json\/wp\/v2\/product"}],"about":[{"href":"https:\/\/voitelukeskus.fi\/fi\/wp-json\/wp\/v2\/types\/product"}],"replies":[{"embeddable":true,"href":"https:\/\/voitelukeskus.fi\/fi\/wp-json\/wp\/v2\/comments?post=3439"}],"wp:featuredmedia":[{"embeddable":true,"href":"https:\/\/voitelukeskus.fi\/fi\/wp-json\/wp\/v2\/media\/3446"}],"wp:attachment":[{"href":"https:\/\/voitelukeskus.fi\/fi\/wp-json\/wp\/v2\/media?parent=3439"}],"wp:term":[{"taxonomy":"product_brand","embeddable":true,"href":"https:\/\/voitelukeskus.fi\/fi\/wp-json\/wp\/v2\/product_brand?post=3439"},{"taxonomy":"product_cat","embeddable":true,"href":"https:\/\/voitelukeskus.fi\/fi\/wp-json\/wp\/v2\/product_cat?post=3439"},{"taxonomy":"product_tag","embeddable":true,"href":"https:\/\/voitelukeskus.fi\/fi\/wp-json\/wp\/v2\/product_tag?post=3439"}],"curies":[{"name":"wp","href":"https:\/\/api.w.org\/{rel}","templated":true}]}}