{"id":2941,"date":"2025-05-27T04:11:42","date_gmt":"2025-05-27T04:11:42","guid":{"rendered":"https:\/\/voitelukeskus.fi\/?post_type=product&#038;p=2941"},"modified":"2026-03-17T12:00:36","modified_gmt":"2026-03-17T10:00:36","slug":"stardust-pcl-red-2-400g-lubeshuttle","status":"publish","type":"product","link":"https:\/\/voitelukeskus.fi\/fi\/tuote\/stardust-pcl-red-2-400g-lubeshuttle\/","title":{"rendered":"Stardust PCL Red 2 &#8211; 400g (Lubeshuttle)"},"content":{"rendered":"<p>Stardust PCL RED 2 on korkealuokkainen hydrokeraamisia ainesosia sis\u00e4lt\u00e4v\u00e4 korkeapainerasva. Rasva suojaa kulumiselta, ruostumiselta ja korroosiolta sek\u00e4 ehk\u00e4isee vesihuuhtoutumista ja hapettumista korkeissakin l\u00e4mp\u00f6tiloissa. Rasva sis\u00e4lt\u00e4\u00e4 uuden aikaisia keraamisia ainesosia, jotka antavat lis\u00e4suojaa kulumista vastaan.<\/p>\n<p>PCL RED 2 on raskaaseen k\u00e4ytt\u00f6\u00f6n tarkoitettu, monipuolinen ajoneuvorasva, joka sopii henkil\u00f6- ja kuorma-autoihin, maataloustraktoreihin, maanrakennus- ja kaivosteollisuuden koneisiin sek\u00e4 muuhun liikkuvaan kalustoon. Rasvan suositeltava k\u00e4ytt\u00f6l\u00e4mp\u00f6tila-alue on -30\u00b0C&#8230;+130\u00b0C.<\/p>\n<p>Koska Stardust PCL RED 2 -rasvan sis\u00e4lt\u00e4m\u00e4 keraaminen kuparisulfidi parantaa kulumisenestokyky\u00e4, se sopii erityisesti raskaasti kuormitettujen ja t\u00e4rin\u00e4lle tai liukumiselle altistuvien laakereiden voiteluun.<\/p>\n<p><strong>Ominaisuudet:<\/strong><br \/>\n<img decoding=\"async\" class=\"alignnone size-full wp-image-1635\" src=\"https:\/\/www.hitech.fi\/hitech\/wp-content\/uploads\/2024\/02\/Stardust_PCL_RED2_ominaisuudet.jpg\" alt=\"\" \/><\/p>\n","protected":false},"excerpt":{"rendered":"<p><strong>Korkealuokkainen monik\u00e4ytt\u00f6rasva, NLGI 2<\/strong><\/p>\n<p>Eritt\u00e4in laadukas hydrokeraamisia ainesosia sis\u00e4lt\u00e4v\u00e4 korkeapainerasva, joka antaa lis\u00e4suojaa kulumista vastaan. Kalsium-pohjainen ja vedenkest\u00e4v\u00e4. K\u00e4ytt\u00f6l\u00e4mp\u00f6tila-alue -30 \u00b0C \u2013 +120 \u00b0C.<\/p>\n<p><strong>Pakkauskoot<\/strong><br \/>\n0,4 kg rasvapatruuna (Lubeshuttle)<br \/>\nToimitetaan 20 kpl\/laatikko<\/p>\n","protected":false},"featured_media":1417,"comment_status":"closed","ping_status":"closed","template":"","meta":{"_acf_changed":false},"product_brand":[137],"product_cat":[170,15],"product_tag":[171,173],"class_list":{"0":"post-2941","1":"product","2":"type-product","3":"status-publish","4":"has-post-thumbnail","6":"product_brand-stradust","7":"product_cat-patruunarasvat","8":"product_cat-rasvat","9":"product_tag-korkeapainerasvat","10":"product_tag-tuubirasva","12":"first","13":"instock","14":"taxable","15":"shipping-taxable","16":"purchasable","17":"product-type-simple"},"acf":[],"_links":{"self":[{"href":"https:\/\/voitelukeskus.fi\/fi\/wp-json\/wp\/v2\/product\/2941","targetHints":{"allow":["GET"]}}],"collection":[{"href":"https:\/\/voitelukeskus.fi\/fi\/wp-json\/wp\/v2\/product"}],"about":[{"href":"https:\/\/voitelukeskus.fi\/fi\/wp-json\/wp\/v2\/types\/product"}],"replies":[{"embeddable":true,"href":"https:\/\/voitelukeskus.fi\/fi\/wp-json\/wp\/v2\/comments?post=2941"}],"wp:featuredmedia":[{"embeddable":true,"href":"https:\/\/voitelukeskus.fi\/fi\/wp-json\/wp\/v2\/media\/1417"}],"wp:attachment":[{"href":"https:\/\/voitelukeskus.fi\/fi\/wp-json\/wp\/v2\/media?parent=2941"}],"wp:term":[{"taxonomy":"product_brand","embeddable":true,"href":"https:\/\/voitelukeskus.fi\/fi\/wp-json\/wp\/v2\/product_brand?post=2941"},{"taxonomy":"product_cat","embeddable":true,"href":"https:\/\/voitelukeskus.fi\/fi\/wp-json\/wp\/v2\/product_cat?post=2941"},{"taxonomy":"product_tag","embeddable":true,"href":"https:\/\/voitelukeskus.fi\/fi\/wp-json\/wp\/v2\/product_tag?post=2941"}],"curies":[{"name":"wp","href":"https:\/\/api.w.org\/{rel}","templated":true}]}}