{"id":2131,"date":"2025-05-14T07:20:14","date_gmt":"2025-05-14T07:20:14","guid":{"rendered":"https:\/\/voitelukeskus.fi\/?post_type=product&#038;p=2131"},"modified":"2025-08-12T09:12:17","modified_gmt":"2025-08-12T09:12:17","slug":"k-10-lionlube-litium-kalsium-418g","status":"publish","type":"product","link":"https:\/\/voitelukeskus.fi\/fi\/tuote\/k-10-lionlube-litium-kalsium-418g\/","title":{"rendered":"K-10 LionLube Litium Kalsium &#8211; 418g"},"content":{"rendered":"<p><strong>KUN VAADIT PARASTA \u2013 VALITSE VOITELU, JOKA KEST\u00c4\u00c4!<\/strong><\/p>\n<p>Huippuluokan litium-kalsium-rasva, joka suojaa, voitelee ja kest\u00e4\u00e4. Kehitetty vaativiin olosuhteisiin. Uniikki koostumus takaa erinomaisen k\u00e4ytett\u00e4vyyden ja pitk\u00e4 k\u00e4ytt\u00f6ik\u00e4 s\u00e4\u00e4st\u00e4\u00e4 aikaa ja huoltokustannuksia.<\/p>\n<p>\u25cf \u00c4\u00e4rimm\u00e4inen kulumissuoja<br \/>\n\u25cf Korroosion- ja hapettumisenesto<br \/>\n\u25cf Toimii kaikissa olosuhteissa (-35\u00b0C \u2013 +125\u00b0C)<\/p>\n<p><img fetchpriority=\"high\" decoding=\"async\" class=\"alignnone size-full wp-image-2132\" src=\"https:\/\/voitelukeskus.fi\/wp-content\/uploads\/2025\/05\/K-10_LionLube_ominaisuudet.jpg\" alt=\"\" width=\"574\" height=\"252\" srcset=\"https:\/\/voitelukeskus.fi\/wp-content\/uploads\/2025\/05\/K-10_LionLube_ominaisuudet.jpg 574w, https:\/\/voitelukeskus.fi\/wp-content\/uploads\/2025\/05\/K-10_LionLube_ominaisuudet-300x132.jpg 300w\" sizes=\"(max-width: 574px) 100vw, 574px\" \/><\/p>\n","protected":false},"excerpt":{"rendered":"<p><strong>TEHOKAS KORROOSIONESTO &#8211; \u00c4\u00c4RIMM\u00c4IST\u00c4 SUORITUSKYKY\u00c4<\/strong><br \/>\n<strong>Laadukas monik\u00e4ytt\u00f6rasva, NLGI2<\/strong><\/p>\n<p>Vedenkest\u00e4v\u00e4 litium-kalsiumsaippua pohjainen yleisrasva jonka \u00f6ljyn\u00e4 korkeajalosteisen mineraali\u00f6ljyn ja synteettisen esterin seoa. Erikois lis\u00e4aineina kiinnitarttuvuutta parantavat sek\u00e4 hapettumista- ja korroosiotaest\u00e4v\u00e4t lis\u00e4aineet. K\u00e4ytt\u00f6l\u00e4mp\u00f6tila -alue -35\u00b0C \u2013 +125\u00b0C.<\/p>\n<p><strong>Pakkauskoot<\/strong><br \/>\n0,418 kg rasvapatruuna<br \/>\nToimitetaan 20 kpl\/laatikko<\/p>\n<p><em><strong>VALMISTETTU SUOMESSA &#8211; MADE IN FINLAND<\/strong><\/em><\/p>\n","protected":false},"featured_media":2146,"comment_status":"closed","ping_status":"closed","template":"","meta":{"_acf_changed":false},"product_brand":[135],"product_cat":[170,15],"product_tag":[],"class_list":{"0":"post-2131","1":"product","2":"type-product","3":"status-publish","4":"has-post-thumbnail","6":"product_brand-k-10","7":"product_cat-patruunarasvat","8":"product_cat-rasvat","10":"first","11":"instock","12":"featured","13":"taxable","14":"shipping-taxable","15":"purchasable","16":"product-type-simple"},"acf":[],"_links":{"self":[{"href":"https:\/\/voitelukeskus.fi\/fi\/wp-json\/wp\/v2\/product\/2131","targetHints":{"allow":["GET"]}}],"collection":[{"href":"https:\/\/voitelukeskus.fi\/fi\/wp-json\/wp\/v2\/product"}],"about":[{"href":"https:\/\/voitelukeskus.fi\/fi\/wp-json\/wp\/v2\/types\/product"}],"replies":[{"embeddable":true,"href":"https:\/\/voitelukeskus.fi\/fi\/wp-json\/wp\/v2\/comments?post=2131"}],"wp:featuredmedia":[{"embeddable":true,"href":"https:\/\/voitelukeskus.fi\/fi\/wp-json\/wp\/v2\/media\/2146"}],"wp:attachment":[{"href":"https:\/\/voitelukeskus.fi\/fi\/wp-json\/wp\/v2\/media?parent=2131"}],"wp:term":[{"taxonomy":"product_brand","embeddable":true,"href":"https:\/\/voitelukeskus.fi\/fi\/wp-json\/wp\/v2\/product_brand?post=2131"},{"taxonomy":"product_cat","embeddable":true,"href":"https:\/\/voitelukeskus.fi\/fi\/wp-json\/wp\/v2\/product_cat?post=2131"},{"taxonomy":"product_tag","embeddable":true,"href":"https:\/\/voitelukeskus.fi\/fi\/wp-json\/wp\/v2\/product_tag?post=2131"}],"curies":[{"name":"wp","href":"https:\/\/api.w.org\/{rel}","templated":true}]}}