{"id":1513,"date":"2025-03-24T09:28:13","date_gmt":"2025-03-24T09:28:13","guid":{"rendered":"https:\/\/voitelukeskus.fi\/?post_type=product&#038;p=1513"},"modified":"2025-06-05T08:50:34","modified_gmt":"2025-06-05T08:50:34","slug":"pemco-350-5w-30-kevyenkaluston-moottorioljy","status":"publish","type":"product","link":"https:\/\/voitelukeskus.fi\/fi\/tuote\/pemco-350-5w-30-kevyenkaluston-moottorioljy\/","title":{"rendered":"Pemco 350 5W-30 kevyenkaluston moottori\u00f6ljy"},"content":{"rendered":"<p>Innovatiivinen bi-synteettinen (PAO+esteri) preemium luokan moottori\u00f6ljy uudenaikaisille ahdetuille tai ahtamattomille bensiini- ja dieselmoottoreille. Suunnitelun perustana on ollut VW:n ja DAIMLER:in moottori\u00f6ljyille asettamat vaatimukset.<\/p>\n<p><strong>Tuotteen ominaisuudet:<\/strong><br \/>\n<img fetchpriority=\"high\" decoding=\"async\" class=\"alignnone size-full wp-image-1144\" src=\"https:\/\/www.hitech.fi\/hitech\/wp-content\/uploads\/2023\/12\/PM_350_ominaisuudet_FIN.jpg\" alt=\"\" width=\"638\" height=\"171\" \/><\/p>\n","protected":false},"excerpt":{"rendered":"<p><strong>T\u00e4ytt\u00e4\u00e4 vaatimukset:<\/strong><br \/>\nSAE 5W-30; API SN; ACEA C3; MB 229.51; VOLKSWAGEN 504 00; VOLKSWAGEN 507 00; VOLKSWAGEN TL 52 195; BMW LL-04; PORSCHE C30<\/p>\n<p><strong>Pakkauskoot:<\/strong><br \/>\n208L<\/p>\n","protected":false},"featured_media":1519,"comment_status":"closed","ping_status":"closed","template":"","meta":{"_acf_changed":false},"product_brand":[134],"product_cat":[39,36],"product_tag":[159,157,131],"class_list":{"0":"post-1513","1":"product","2":"type-product","3":"status-publish","4":"has-post-thumbnail","6":"product_brand-pemco","7":"product_cat-henkiloautojen-moottorioljyt","8":"product_cat-oljyt","9":"product_tag-5w-30","10":"product_tag-kevyen-kaluston-moottorioljy","11":"product_tag-pemco","13":"first","14":"instock","15":"taxable","16":"shipping-taxable","17":"product-type-simple"},"acf":[],"_links":{"self":[{"href":"https:\/\/voitelukeskus.fi\/fi\/wp-json\/wp\/v2\/product\/1513","targetHints":{"allow":["GET"]}}],"collection":[{"href":"https:\/\/voitelukeskus.fi\/fi\/wp-json\/wp\/v2\/product"}],"about":[{"href":"https:\/\/voitelukeskus.fi\/fi\/wp-json\/wp\/v2\/types\/product"}],"replies":[{"embeddable":true,"href":"https:\/\/voitelukeskus.fi\/fi\/wp-json\/wp\/v2\/comments?post=1513"}],"wp:featuredmedia":[{"embeddable":true,"href":"https:\/\/voitelukeskus.fi\/fi\/wp-json\/wp\/v2\/media\/1519"}],"wp:attachment":[{"href":"https:\/\/voitelukeskus.fi\/fi\/wp-json\/wp\/v2\/media?parent=1513"}],"wp:term":[{"taxonomy":"product_brand","embeddable":true,"href":"https:\/\/voitelukeskus.fi\/fi\/wp-json\/wp\/v2\/product_brand?post=1513"},{"taxonomy":"product_cat","embeddable":true,"href":"https:\/\/voitelukeskus.fi\/fi\/wp-json\/wp\/v2\/product_cat?post=1513"},{"taxonomy":"product_tag","embeddable":true,"href":"https:\/\/voitelukeskus.fi\/fi\/wp-json\/wp\/v2\/product_tag?post=1513"}],"curies":[{"name":"wp","href":"https:\/\/api.w.org\/{rel}","templated":true}]}}