{"id":1511,"date":"2025-03-24T09:28:13","date_gmt":"2025-03-24T09:28:13","guid":{"rendered":"https:\/\/voitelukeskus.fi\/?post_type=product&#038;p=1511"},"modified":"2025-06-05T08:51:44","modified_gmt":"2025-06-05T08:51:44","slug":"pemco-340-5w-40-kevyenkaluston-moottorioljy","status":"publish","type":"product","link":"https:\/\/voitelukeskus.fi\/fi\/tuote\/pemco-340-5w-40-kevyenkaluston-moottorioljy\/","title":{"rendered":"Pemco 340 5W-40 kevyenkaluston moottori\u00f6ljy"},"content":{"rendered":"<p>Huippuluokan synteettinen moottori\u00f6ljy nykyaikaisille ahdetuille sek\u00e4 ahtamattomille bensiini ja dieselmoottoreille. Suunnittelun perustana on eurooppalaisten autonvalmistajien moottori\u00f6ljyille asettamat vaatimukset.<\/p>\n<p><strong>Tuotteen ominaisuudet:<\/strong><br \/>\n<img fetchpriority=\"high\" decoding=\"async\" class=\"alignnone size-full wp-image-1138\" src=\"https:\/\/www.hitech.fi\/hitech\/wp-content\/uploads\/2023\/12\/PM_340_ominaisuudet_FIN.jpg\" alt=\"\" width=\"638\" height=\"169\" \/><\/p>\n","protected":false},"excerpt":{"rendered":"<p><strong>T\u00e4ytt\u00e4\u00e4 vaatimukset:<\/strong><br \/>\nSAE 5W-40; API SN\/CH-4; ACEA A3\/B4; MB 229.5\/229.3\/226.5; JASO MA2; VOLKSWAGEN 502 00\/505 00; PORSCHE A40; RENAULT RN0710\/0700; BMW LL-01\/-98; PSA B71 2296; FIAT 9.55535-H2\/-Z2; CHRYSLER MS-10850\/-10896\/-12991; GM LL-A-025; GM LL-B-025<\/p>\n<p><strong>Pakkauskoot:<\/strong><br \/>\n208L<\/p>\n","protected":false},"featured_media":1515,"comment_status":"closed","ping_status":"closed","template":"","meta":{"_acf_changed":false},"product_brand":[134],"product_cat":[39,36],"product_tag":[158,157,131],"class_list":{"0":"post-1511","1":"product","2":"type-product","3":"status-publish","4":"has-post-thumbnail","6":"product_brand-pemco","7":"product_cat-henkiloautojen-moottorioljyt","8":"product_cat-oljyt","9":"product_tag-5w-40","10":"product_tag-kevyen-kaluston-moottorioljy","11":"product_tag-pemco","13":"first","14":"instock","15":"taxable","16":"shipping-taxable","17":"product-type-simple"},"acf":[],"_links":{"self":[{"href":"https:\/\/voitelukeskus.fi\/fi\/wp-json\/wp\/v2\/product\/1511","targetHints":{"allow":["GET"]}}],"collection":[{"href":"https:\/\/voitelukeskus.fi\/fi\/wp-json\/wp\/v2\/product"}],"about":[{"href":"https:\/\/voitelukeskus.fi\/fi\/wp-json\/wp\/v2\/types\/product"}],"replies":[{"embeddable":true,"href":"https:\/\/voitelukeskus.fi\/fi\/wp-json\/wp\/v2\/comments?post=1511"}],"wp:featuredmedia":[{"embeddable":true,"href":"https:\/\/voitelukeskus.fi\/fi\/wp-json\/wp\/v2\/media\/1515"}],"wp:attachment":[{"href":"https:\/\/voitelukeskus.fi\/fi\/wp-json\/wp\/v2\/media?parent=1511"}],"wp:term":[{"taxonomy":"product_brand","embeddable":true,"href":"https:\/\/voitelukeskus.fi\/fi\/wp-json\/wp\/v2\/product_brand?post=1511"},{"taxonomy":"product_cat","embeddable":true,"href":"https:\/\/voitelukeskus.fi\/fi\/wp-json\/wp\/v2\/product_cat?post=1511"},{"taxonomy":"product_tag","embeddable":true,"href":"https:\/\/voitelukeskus.fi\/fi\/wp-json\/wp\/v2\/product_tag?post=1511"}],"curies":[{"name":"wp","href":"https:\/\/api.w.org\/{rel}","templated":true}]}}