{"id":1491,"date":"2025-03-24T09:23:38","date_gmt":"2025-03-24T09:23:38","guid":{"rendered":"https:\/\/voitelukeskus.fi\/?post_type=product&#038;p=1491"},"modified":"2025-06-06T10:06:48","modified_gmt":"2025-06-06T10:06:48","slug":"pemco-m-o-sae-10w-yksiasteoljy","status":"publish","type":"product","link":"https:\/\/voitelukeskus.fi\/fi\/tuote\/pemco-m-o-sae-10w-yksiasteoljy\/","title":{"rendered":"Pemco M.O SAE 10W yksiaste\u00f6ljy"},"content":{"rendered":"<p>Korkealaatuinen yksiasteinen mineraali\u00f6ljypohjainen moottori\u00f6ljy diesel moottoreille ja hydrauliikkaj\u00e4rjestelmille kun vaatimuksena on 10W-luokan moottori\u00f6ljy. Se on erityisesti suunniteltu VOLVON ja CATERPILLARIN j\u00e4rjestelmiin.<\/p>\n<p><strong>Tuotteen ominaisuudet:<\/strong><br \/>\n<img fetchpriority=\"high\" decoding=\"async\" class=\"alignnone size-full wp-image-1505\" src=\"https:\/\/www.hitech.fi\/hitech\/wp-content\/uploads\/2023\/12\/PM_3101_ominaisuudet_FIN.jpg\" alt=\"\" width=\"728\" height=\"213\" \/><\/p>\n","protected":false},"excerpt":{"rendered":"<p>SAE 10W<br \/>\nAPI CH-4<br \/>\nMIL L 2104 C<br \/>\nCATERPILLAR Series 3<br \/>\nDAVID BROWN DB OM 616<br \/>\nMACK EO-J<br \/>\nVOLVO B20<\/p>\n<p><strong>Pakkauskoot:<\/strong><br \/>\n208L<\/p>\n","protected":false},"featured_media":1501,"comment_status":"closed","ping_status":"closed","template":"","meta":{"_acf_changed":false},"product_brand":[134],"product_cat":[36,122],"product_tag":[131,154,153],"class_list":{"0":"post-1491","1":"product","2":"type-product","3":"status-publish","4":"has-post-thumbnail","6":"product_brand-pemco","7":"product_cat-oljyt","8":"product_cat-yksiasteoljyt","9":"product_tag-pemco","10":"product_tag-suora-10w","11":"product_tag-yksiasteoljy","13":"first","14":"instock","15":"taxable","16":"shipping-taxable","17":"product-type-simple"},"acf":[],"_links":{"self":[{"href":"https:\/\/voitelukeskus.fi\/fi\/wp-json\/wp\/v2\/product\/1491","targetHints":{"allow":["GET"]}}],"collection":[{"href":"https:\/\/voitelukeskus.fi\/fi\/wp-json\/wp\/v2\/product"}],"about":[{"href":"https:\/\/voitelukeskus.fi\/fi\/wp-json\/wp\/v2\/types\/product"}],"replies":[{"embeddable":true,"href":"https:\/\/voitelukeskus.fi\/fi\/wp-json\/wp\/v2\/comments?post=1491"}],"wp:featuredmedia":[{"embeddable":true,"href":"https:\/\/voitelukeskus.fi\/fi\/wp-json\/wp\/v2\/media\/1501"}],"wp:attachment":[{"href":"https:\/\/voitelukeskus.fi\/fi\/wp-json\/wp\/v2\/media?parent=1491"}],"wp:term":[{"taxonomy":"product_brand","embeddable":true,"href":"https:\/\/voitelukeskus.fi\/fi\/wp-json\/wp\/v2\/product_brand?post=1491"},{"taxonomy":"product_cat","embeddable":true,"href":"https:\/\/voitelukeskus.fi\/fi\/wp-json\/wp\/v2\/product_cat?post=1491"},{"taxonomy":"product_tag","embeddable":true,"href":"https:\/\/voitelukeskus.fi\/fi\/wp-json\/wp\/v2\/product_tag?post=1491"}],"curies":[{"name":"wp","href":"https:\/\/api.w.org\/{rel}","templated":true}]}}