{"id":1490,"date":"2025-03-24T09:23:37","date_gmt":"2025-03-24T09:23:37","guid":{"rendered":"https:\/\/voitelukeskus.fi\/?post_type=product&#038;p=1490"},"modified":"2025-06-05T08:53:17","modified_gmt":"2025-06-05T08:53:17","slug":"pemco-diesel-g-21-shpd-10w-30-raskaankaluston-moottorioljy","status":"publish","type":"product","link":"https:\/\/voitelukeskus.fi\/fi\/tuote\/pemco-diesel-g-21-shpd-10w-30-raskaankaluston-moottorioljy\/","title":{"rendered":"Pemco Diesel G-21 SHPD 10W-30 raskaankaluston moottori\u00f6ljy"},"content":{"rendered":"<p>Uuden esteri\u00e4 sis\u00e4lt\u00e4v\u00e4n teknologian ymp\u00e4rivuotiseen k\u00e4ytt\u00f6\u00f6n tarkoitettu synteettinen raskaan kaluston dieselmoottori\u00f6ljy. Tuotteella on Volvo, MACK sek\u00e4 RENAULT autonvalmistajien my\u00f6nt\u00e4m\u00e4t hyv\u00e4ksynn\u00e4 sek\u00e4 laboratoorio- ett\u00e4 kentt\u00e4testien l\u00e4p\u00e4isemisest\u00e4.<\/p>\n<p><strong>Tuotteen ominaisuudet:<\/strong><br \/>\n<img fetchpriority=\"high\" decoding=\"async\" class=\"alignnone size-full wp-image-1500\" src=\"https:\/\/www.hitech.fi\/hitech\/wp-content\/uploads\/2023\/12\/PM_721_ominaisuudet_FIN.jpg\" alt=\"\" width=\"730\" height=\"193\" \/><\/p>\n","protected":false},"excerpt":{"rendered":"<p><strong>T\u00e4ytt\u00e4\u00e4 seuraavat vaatimukset:<\/strong><\/p>\n<p><strong>Luokitus:<\/strong><br \/>\nSAE 10W-30; API CK-4\/SN; API CJ-4\/CI-4 Plus; ACEA E8; ACEA E11; JASO DH-2; CUMMINS CES 20086; CUMMINS CES 20087; RENAULT Truck RLD-4; FORD WSS-M2C171-F1; MB 228.31; DETROIT DIESEL DDC93K222; DETROIT DIESEL DDC93K223; MTU Type 2.1; CATERPILLAR ECF-3; ALLISON TES-439; MAN M 3775; MAN M 3575<\/p>\n<p><strong>Hyv\u00e4ksynn\u00e4t:<\/strong><br \/>\nVOLVO VDS-4.5 Approval; RENAULT VI RLD-3 Approval; MACK EOS-4.5 Approval<\/p>\n<p><strong>Pakkauskoot:<\/strong><br \/>\n208L<\/p>\n","protected":false},"featured_media":1498,"comment_status":"closed","ping_status":"closed","template":"","meta":{"_acf_changed":false},"product_brand":[134],"product_cat":[36,40],"product_tag":[162,131,133],"class_list":{"0":"post-1490","1":"product","2":"type-product","3":"status-publish","4":"has-post-thumbnail","6":"product_brand-pemco","7":"product_cat-oljyt","8":"product_cat-raskaan-kaluston-moottorioljyt","9":"product_tag-10w-30","10":"product_tag-pemco","11":"product_tag-raskaan-kaluston-moottorioljyt","13":"first","14":"instock","15":"taxable","16":"shipping-taxable","17":"purchasable","18":"product-type-simple"},"acf":[],"_links":{"self":[{"href":"https:\/\/voitelukeskus.fi\/fi\/wp-json\/wp\/v2\/product\/1490","targetHints":{"allow":["GET"]}}],"collection":[{"href":"https:\/\/voitelukeskus.fi\/fi\/wp-json\/wp\/v2\/product"}],"about":[{"href":"https:\/\/voitelukeskus.fi\/fi\/wp-json\/wp\/v2\/types\/product"}],"replies":[{"embeddable":true,"href":"https:\/\/voitelukeskus.fi\/fi\/wp-json\/wp\/v2\/comments?post=1490"}],"wp:featuredmedia":[{"embeddable":true,"href":"https:\/\/voitelukeskus.fi\/fi\/wp-json\/wp\/v2\/media\/1498"}],"wp:attachment":[{"href":"https:\/\/voitelukeskus.fi\/fi\/wp-json\/wp\/v2\/media?parent=1490"}],"wp:term":[{"taxonomy":"product_brand","embeddable":true,"href":"https:\/\/voitelukeskus.fi\/fi\/wp-json\/wp\/v2\/product_brand?post=1490"},{"taxonomy":"product_cat","embeddable":true,"href":"https:\/\/voitelukeskus.fi\/fi\/wp-json\/wp\/v2\/product_cat?post=1490"},{"taxonomy":"product_tag","embeddable":true,"href":"https:\/\/voitelukeskus.fi\/fi\/wp-json\/wp\/v2\/product_tag?post=1490"}],"curies":[{"name":"wp","href":"https:\/\/api.w.org\/{rel}","templated":true}]}}