{"id":1460,"date":"2025-03-24T08:55:55","date_gmt":"2025-03-24T08:55:55","guid":{"rendered":"https:\/\/voitelukeskus.fi\/?post_type=product&#038;p=1460"},"modified":"2025-06-06T10:13:02","modified_gmt":"2025-06-06T10:13:02","slug":"pemco-330-5w-30-kevyenkaluston-moottorioljy","status":"publish","type":"product","link":"https:\/\/voitelukeskus.fi\/fi\/tuote\/pemco-330-5w-30-kevyenkaluston-moottorioljy\/","title":{"rendered":"Pemco 330 5W-30 kevyenkaluston moottori\u00f6ljy"},"content":{"rendered":"<p>Esteri\u00e4 sis\u00e4lt\u00e4v\u00e4 innovatiivinen synteettinen moottori\u00f6ljy nykyaikaisille bensiini- ja dieselmoottoreille. Suunnittelun l\u00e4ht\u00f6kohtana on ollut eurooppalaisten autonvalimistajien asettamat vaatimukset moottori\u00f6ljylle.<\/p>\n<p><strong>Tuotteen ominaisuudet:<\/strong><br \/>\n<img decoding=\"async\" class=\"alignnone size-full wp-image-3670\" src=\"https:\/\/www.hitech.fi\/hitech\/wp-content\/uploads\/2024\/06\/PM_0330_ominaisuudet.jpg\" alt=\"\" \/><\/p>\n","protected":false},"excerpt":{"rendered":"<p><strong>T\u00e4ytt\u00e4\u00e4 seuraavat vaatimukset:<\/strong><br \/>\nSAE 5W-30; API SN\/CH-4; ACEA A3\/B4; VW 502 00; VW 505 00; VW 503 01; VW 501 01; MB 229.3; MB 229.5; BMW Longlife-98; RENAULT RN0700; RENAULT RN0710; FORD WSS-M2C913-B<\/p>\n<p><strong>Pakkauskoot:<\/strong><br \/>\n208L<\/p>\n","protected":false},"featured_media":1435,"comment_status":"closed","ping_status":"closed","template":"","meta":{"_acf_changed":false},"product_brand":[134],"product_cat":[39,36],"product_tag":[159,157,131],"class_list":{"0":"post-1460","1":"product","2":"type-product","3":"status-publish","4":"has-post-thumbnail","6":"product_brand-pemco","7":"product_cat-henkiloautojen-moottorioljyt","8":"product_cat-oljyt","9":"product_tag-5w-30","10":"product_tag-kevyen-kaluston-moottorioljy","11":"product_tag-pemco","13":"first","14":"instock","15":"taxable","16":"shipping-taxable","17":"product-type-simple"},"acf":[],"_links":{"self":[{"href":"https:\/\/voitelukeskus.fi\/fi\/wp-json\/wp\/v2\/product\/1460","targetHints":{"allow":["GET"]}}],"collection":[{"href":"https:\/\/voitelukeskus.fi\/fi\/wp-json\/wp\/v2\/product"}],"about":[{"href":"https:\/\/voitelukeskus.fi\/fi\/wp-json\/wp\/v2\/types\/product"}],"replies":[{"embeddable":true,"href":"https:\/\/voitelukeskus.fi\/fi\/wp-json\/wp\/v2\/comments?post=1460"}],"wp:featuredmedia":[{"embeddable":true,"href":"https:\/\/voitelukeskus.fi\/fi\/wp-json\/wp\/v2\/media\/1435"}],"wp:attachment":[{"href":"https:\/\/voitelukeskus.fi\/fi\/wp-json\/wp\/v2\/media?parent=1460"}],"wp:term":[{"taxonomy":"product_brand","embeddable":true,"href":"https:\/\/voitelukeskus.fi\/fi\/wp-json\/wp\/v2\/product_brand?post=1460"},{"taxonomy":"product_cat","embeddable":true,"href":"https:\/\/voitelukeskus.fi\/fi\/wp-json\/wp\/v2\/product_cat?post=1460"},{"taxonomy":"product_tag","embeddable":true,"href":"https:\/\/voitelukeskus.fi\/fi\/wp-json\/wp\/v2\/product_tag?post=1460"}],"curies":[{"name":"wp","href":"https:\/\/api.w.org\/{rel}","templated":true}]}}