{"id":1459,"date":"2025-03-24T08:55:55","date_gmt":"2025-03-24T08:55:55","guid":{"rendered":"https:\/\/voitelukeskus.fi\/?post_type=product&#038;p=1459"},"modified":"2025-07-15T10:33:07","modified_gmt":"2025-07-15T10:33:07","slug":"elite-raakaliuotin-voimakas-esipesuliuotin","status":"publish","type":"product","link":"https:\/\/voitelukeskus.fi\/fi\/tuote\/elite-raakaliuotin-voimakas-esipesuliuotin\/","title":{"rendered":"ELITE Raakaliuotin voimakas esipesuliuotin 20L"},"content":{"rendered":"<p><strong>K\u00e4ytt\u00f6-ohje:<\/strong><br \/>\nK\u00e4ytet\u00e4\u00e4n laimentamattomana. Levit\u00e4 matalapaineruiskulla kuivalle pinnalle. Anna vaikuttaa 1 \u2013 3 min. Levit\u00e4 p\u00e4\u00e4lle kalustonpesuaine ja anna vaikuttaa viel\u00e4 5 min. Huuhtele lopuksi runsaalla vesim\u00e4\u00e4rill\u00e4. Ei saa levitt\u00e4\u00e4 yli 35 \u00b0C (k\u00e4denl\u00e4mp\u00f6iselle) pinnalle.<\/p>\n","protected":false},"excerpt":{"rendered":"<p>Elite Raakaliuotin on eritt\u00e4in tehokas esipesuaine likaiselle kalustolle. Puhdistaa tehokkaasti rasvaiset osat, pien, polttoaine roiskeet maalinpinnoilta ja vaikean maantielian. Huuhtoutuu helposti tuotteen sis\u00e4lt\u00e4m\u00e4n emulgointiaineen ansiosta.<\/p>\n<p>Ei vahingoita maali- eik\u00e4 lakkapintoja, metalleja, alumiinia eik\u00e4 lasia. Korroosio inhibiittorin ansioista ei my\u00f6sk\u00e4\u00e4n vahingoita kevytmetalleja esimerkiksi moottorin pesussa. Toimii erinomaisesti my\u00f6s kylmiss\u00e4 olosuhteissa. Soveltuu my\u00f6s harjakoneiden harjojen perusteelliseen puhdistukseen sek\u00e4 osien puhdistukseen.<br \/>\nJ\u00e4\u00e4tymispiste -12 \u00b0C.<\/p>\n<p><strong>Pakkauskoot:<\/strong><br \/>\n20L, 200L, 1000L IBC<\/p>\n","protected":false},"featured_media":1484,"comment_status":"closed","ping_status":"closed","template":"","meta":{"_acf_changed":false},"product_brand":[152],"product_cat":[38,90],"product_tag":[],"class_list":{"0":"post-1459","1":"product","2":"type-product","3":"status-publish","4":"has-post-thumbnail","6":"product_brand-elite","7":"product_cat-huoltokemikaalit-ja-puhdistusaineet","8":"product_cat-pesuaineet","10":"first","11":"instock","12":"taxable","13":"shipping-taxable","14":"purchasable","15":"product-type-simple"},"acf":[],"_links":{"self":[{"href":"https:\/\/voitelukeskus.fi\/fi\/wp-json\/wp\/v2\/product\/1459","targetHints":{"allow":["GET"]}}],"collection":[{"href":"https:\/\/voitelukeskus.fi\/fi\/wp-json\/wp\/v2\/product"}],"about":[{"href":"https:\/\/voitelukeskus.fi\/fi\/wp-json\/wp\/v2\/types\/product"}],"replies":[{"embeddable":true,"href":"https:\/\/voitelukeskus.fi\/fi\/wp-json\/wp\/v2\/comments?post=1459"}],"wp:featuredmedia":[{"embeddable":true,"href":"https:\/\/voitelukeskus.fi\/fi\/wp-json\/wp\/v2\/media\/1484"}],"wp:attachment":[{"href":"https:\/\/voitelukeskus.fi\/fi\/wp-json\/wp\/v2\/media?parent=1459"}],"wp:term":[{"taxonomy":"product_brand","embeddable":true,"href":"https:\/\/voitelukeskus.fi\/fi\/wp-json\/wp\/v2\/product_brand?post=1459"},{"taxonomy":"product_cat","embeddable":true,"href":"https:\/\/voitelukeskus.fi\/fi\/wp-json\/wp\/v2\/product_cat?post=1459"},{"taxonomy":"product_tag","embeddable":true,"href":"https:\/\/voitelukeskus.fi\/fi\/wp-json\/wp\/v2\/product_tag?post=1459"}],"curies":[{"name":"wp","href":"https:\/\/api.w.org\/{rel}","templated":true}]}}