{"id":1458,"date":"2025-03-24T08:55:55","date_gmt":"2025-03-24T08:55:55","guid":{"rendered":"https:\/\/voitelukeskus.fi\/?post_type=product&#038;p=1458"},"modified":"2025-07-15T08:54:03","modified_gmt":"2025-07-15T08:54:03","slug":"elite-super-af-yellow-keltainen-100","status":"publish","type":"product","link":"https:\/\/voitelukeskus.fi\/fi\/tuote\/elite-super-af-yellow-keltainen-100\/","title":{"rendered":"ELITE Super AF Yellow &#8211; Keltainen 100% 10L"},"content":{"rendered":"<p>Super AF Yellow on muun muassa seuraavien moottorivalmistajien hyv\u00e4ksym\u00e4:<br \/>\nFord WSS-M97B44-D, Mercedes-Benz 325.3, Renault 41-01-001, General Motors GM 6277M, Volvo VCS, Volkswagen VAG TL 774 D &amp; F, MAN 324 SNF.<\/p>\n<p>Tuote ei sis\u00e4ll\u00e4 nitriittej\u00e4, amiineja, silikaatteja, boraatteja tai fosfaatteja.<\/p>\n<p>Tuote sis\u00e4lt\u00e4\u00e4: Monoetyleeniglykolia, inhibiittej\u00e4, v\u00e4riainetta.<\/p>\n<p>Suositeltava vaihtov\u00e4li 3 \u2013 5 vuotta. Pakkaskest\u00e4vyys veteen sekoitettuna 1:1 = -38 \u00b0C<\/p>\n","protected":false},"excerpt":{"rendered":"<p>Super AF Yellow on nykyaikainen ja korkealaatuinen, pitk\u00e4n vaihtov\u00e4lin j\u00e4\u00e4hdytinneste. Super Af Yellow antaa erinomaisen korroosio- ja j\u00e4\u00e4tymissuojan moottoreille ja j\u00e4\u00e4hdytinj\u00e4rjestelmille. Uudentyyppisen lis\u00e4aineistuksen<br \/>\njohdosta se soveltuu erinomaisesti nykyaikaisiin moottoreihin ja j\u00e4\u00e4hdytysj\u00e4rjestelmiin, joissa k\u00e4ytet\u00e4\u00e4n perinteisten materiaalien ohella alumiinia, kuparia, messinki\u00e4 sek\u00e4 muovi- ja kevytmetalliseoksia.<\/p>\n<p><strong>Pakkauskoot: <\/strong><br \/>\n10L \/ 200L \/ 1000L IBC<\/p>\n","protected":false},"featured_media":1483,"comment_status":"closed","ping_status":"closed","template":"","meta":{"_acf_changed":false},"product_brand":[152],"product_cat":[38,129],"product_tag":[],"class_list":{"0":"post-1458","1":"product","2":"type-product","3":"status-publish","4":"has-post-thumbnail","6":"product_brand-elite","7":"product_cat-huoltokemikaalit-ja-puhdistusaineet","8":"product_cat-jaahdytinnesteet","10":"first","11":"instock","12":"taxable","13":"shipping-taxable","14":"purchasable","15":"product-type-simple"},"acf":[],"_links":{"self":[{"href":"https:\/\/voitelukeskus.fi\/fi\/wp-json\/wp\/v2\/product\/1458","targetHints":{"allow":["GET"]}}],"collection":[{"href":"https:\/\/voitelukeskus.fi\/fi\/wp-json\/wp\/v2\/product"}],"about":[{"href":"https:\/\/voitelukeskus.fi\/fi\/wp-json\/wp\/v2\/types\/product"}],"replies":[{"embeddable":true,"href":"https:\/\/voitelukeskus.fi\/fi\/wp-json\/wp\/v2\/comments?post=1458"}],"wp:featuredmedia":[{"embeddable":true,"href":"https:\/\/voitelukeskus.fi\/fi\/wp-json\/wp\/v2\/media\/1483"}],"wp:attachment":[{"href":"https:\/\/voitelukeskus.fi\/fi\/wp-json\/wp\/v2\/media?parent=1458"}],"wp:term":[{"taxonomy":"product_brand","embeddable":true,"href":"https:\/\/voitelukeskus.fi\/fi\/wp-json\/wp\/v2\/product_brand?post=1458"},{"taxonomy":"product_cat","embeddable":true,"href":"https:\/\/voitelukeskus.fi\/fi\/wp-json\/wp\/v2\/product_cat?post=1458"},{"taxonomy":"product_tag","embeddable":true,"href":"https:\/\/voitelukeskus.fi\/fi\/wp-json\/wp\/v2\/product_tag?post=1458"}],"curies":[{"name":"wp","href":"https:\/\/api.w.org\/{rel}","templated":true}]}}