{"id":1456,"date":"2025-03-24T08:55:54","date_gmt":"2025-03-24T08:55:54","guid":{"rendered":"https:\/\/voitelukeskus.fi\/?post_type=product&#038;p=1456"},"modified":"2025-07-15T10:20:17","modified_gmt":"2025-07-15T10:20:17","slug":"elite-super-af-green-vihrea-100","status":"publish","type":"product","link":"https:\/\/voitelukeskus.fi\/fi\/tuote\/elite-super-af-green-vihrea-100\/","title":{"rendered":"ELITE Super AF Green &#8211; Vihre\u00e4 100% 10L"},"content":{"rendered":"<p>Tuote sis\u00e4lt\u00e4\u00e4: Monoetyleeniglykolia, inhibiittej\u00e4, v\u00e4riainetta. Suositeltava vaihtov\u00e4li 1 \u2013 2 vuotta.<\/p>\n<p>Pakkaskest\u00e4vyys veteen sekoitettuna 1:1 = -36 \u00b0C<\/p>\n","protected":false},"excerpt":{"rendered":"<p>Super AF Green j\u00e4\u00e4hdytinneste on perinteinen ja korkealaatuinen.<\/p>\n<p>J\u00e4\u00e4hdytinneste antaa erinomaisen korroosio -ja j\u00e4\u00e4tymissuojan moottoreille ja j\u00e4\u00e4hdytinj\u00e4rjestelmille. Se soveltuu j\u00e4\u00e4hdytinnesteeksi sek\u00e4 autoihin ett\u00e4 ty\u00f6koneisiin. Ylitt\u00e4\u00e4 standardin BS 6580: 1992 vaatimukset. Ei sis\u00e4ll\u00e4 nitriittej\u00e4, amiineja tai fosfaatteja.<\/p>\n<p><strong>Pakkauskoot: <\/strong><br \/>\n10L \/ 200L \/ 1000L IBC<\/p>\n","protected":false},"featured_media":1481,"comment_status":"closed","ping_status":"closed","template":"","meta":{"_acf_changed":false},"product_brand":[152],"product_cat":[38,129],"product_tag":[],"class_list":{"0":"post-1456","1":"product","2":"type-product","3":"status-publish","4":"has-post-thumbnail","6":"product_brand-elite","7":"product_cat-huoltokemikaalit-ja-puhdistusaineet","8":"product_cat-jaahdytinnesteet","10":"first","11":"instock","12":"taxable","13":"shipping-taxable","14":"purchasable","15":"product-type-simple"},"acf":[],"_links":{"self":[{"href":"https:\/\/voitelukeskus.fi\/fi\/wp-json\/wp\/v2\/product\/1456","targetHints":{"allow":["GET"]}}],"collection":[{"href":"https:\/\/voitelukeskus.fi\/fi\/wp-json\/wp\/v2\/product"}],"about":[{"href":"https:\/\/voitelukeskus.fi\/fi\/wp-json\/wp\/v2\/types\/product"}],"replies":[{"embeddable":true,"href":"https:\/\/voitelukeskus.fi\/fi\/wp-json\/wp\/v2\/comments?post=1456"}],"wp:featuredmedia":[{"embeddable":true,"href":"https:\/\/voitelukeskus.fi\/fi\/wp-json\/wp\/v2\/media\/1481"}],"wp:attachment":[{"href":"https:\/\/voitelukeskus.fi\/fi\/wp-json\/wp\/v2\/media?parent=1456"}],"wp:term":[{"taxonomy":"product_brand","embeddable":true,"href":"https:\/\/voitelukeskus.fi\/fi\/wp-json\/wp\/v2\/product_brand?post=1456"},{"taxonomy":"product_cat","embeddable":true,"href":"https:\/\/voitelukeskus.fi\/fi\/wp-json\/wp\/v2\/product_cat?post=1456"},{"taxonomy":"product_tag","embeddable":true,"href":"https:\/\/voitelukeskus.fi\/fi\/wp-json\/wp\/v2\/product_tag?post=1456"}],"curies":[{"name":"wp","href":"https:\/\/api.w.org\/{rel}","templated":true}]}}