{"id":1440,"date":"2025-03-24T08:55:52","date_gmt":"2025-03-24T08:55:52","guid":{"rendered":"https:\/\/voitelukeskus.fi\/?post_type=product&#038;p=1440"},"modified":"2025-09-11T05:02:17","modified_gmt":"2025-09-11T05:02:17","slug":"elite-1000-rasvanpoistaja","status":"publish","type":"product","link":"https:\/\/voitelukeskus.fi\/fi\/tuote\/elite-1000-rasvanpoistaja\/","title":{"rendered":"Elite 1000 rasvanpoistaja"},"content":{"rendered":"<p><strong>K\u00e4ytt\u00f6ohje: <\/strong><\/p>\n<p>K\u00e4ytet\u00e4\u00e4n sellaisenaan, ei laimennetavedell\u00e4.<\/p>\n","protected":false},"excerpt":{"rendered":"<p><strong>Tehokas rasvan ja lian poistaja. &#8221;Brake Cleaner&#8221;<\/strong> Irrottaa itsepintaisimmatkin \u00f6ljy-, rasva-, asfaltti ja muut ep\u00e4puhtaudet kaikilta kovilta pinnoilta.<\/p>\n<p>Sopii hyvin my\u00f6s maalattavien ja liimattavien kohteiden sek\u00e4 jarruja kytkinpintojen perusteelliseenpuhdistukseen.<\/p>\n<p>Ei sis\u00e4ll\u00e4 asetonia.<\/p>\n<p><strong>Pakkauskoko:<\/strong><br \/>\n20L<\/p>\n","protected":false},"featured_media":1463,"comment_status":"closed","ping_status":"closed","template":"","meta":{"_acf_changed":false},"product_brand":[152],"product_cat":[38,90],"product_tag":[],"class_list":{"0":"post-1440","1":"product","2":"type-product","3":"status-publish","4":"has-post-thumbnail","6":"product_brand-elite","7":"product_cat-huoltokemikaalit-ja-puhdistusaineet","8":"product_cat-pesuaineet","10":"first","11":"instock","12":"taxable","13":"shipping-taxable","14":"purchasable","15":"product-type-simple"},"acf":[],"_links":{"self":[{"href":"https:\/\/voitelukeskus.fi\/fi\/wp-json\/wp\/v2\/product\/1440","targetHints":{"allow":["GET"]}}],"collection":[{"href":"https:\/\/voitelukeskus.fi\/fi\/wp-json\/wp\/v2\/product"}],"about":[{"href":"https:\/\/voitelukeskus.fi\/fi\/wp-json\/wp\/v2\/types\/product"}],"replies":[{"embeddable":true,"href":"https:\/\/voitelukeskus.fi\/fi\/wp-json\/wp\/v2\/comments?post=1440"}],"wp:featuredmedia":[{"embeddable":true,"href":"https:\/\/voitelukeskus.fi\/fi\/wp-json\/wp\/v2\/media\/1463"}],"wp:attachment":[{"href":"https:\/\/voitelukeskus.fi\/fi\/wp-json\/wp\/v2\/media?parent=1440"}],"wp:term":[{"taxonomy":"product_brand","embeddable":true,"href":"https:\/\/voitelukeskus.fi\/fi\/wp-json\/wp\/v2\/product_brand?post=1440"},{"taxonomy":"product_cat","embeddable":true,"href":"https:\/\/voitelukeskus.fi\/fi\/wp-json\/wp\/v2\/product_cat?post=1440"},{"taxonomy":"product_tag","embeddable":true,"href":"https:\/\/voitelukeskus.fi\/fi\/wp-json\/wp\/v2\/product_tag?post=1440"}],"curies":[{"name":"wp","href":"https:\/\/api.w.org\/{rel}","templated":true}]}}