{"id":1411,"date":"2025-03-24T08:54:18","date_gmt":"2025-03-24T08:54:18","guid":{"rendered":"https:\/\/voitelukeskus.fi\/?post_type=product&#038;p=1411"},"modified":"2025-12-10T10:06:13","modified_gmt":"2025-12-10T08:06:13","slug":"elite-power-acid-erikoishappo","status":"publish","type":"product","link":"https:\/\/voitelukeskus.fi\/fi\/tuote\/elite-power-acid-erikoishappo\/","title":{"rendered":"Elite Power Acid erikoishappo"},"content":{"rendered":"<p><strong>K\u00e4ytt\u00f6ohje:<\/strong><\/p>\n<p>Laimenna vedell\u00e4 likaisuusasteesta riippuen 1:5 \u2013 1:10.<br \/>\nHuom! kaada ensin vesi sitten happo. Levit\u00e4 matalapaineruiskulla ja anna vaikuttaa 1 \u2013 10 min. Hankaa vaikeat kohdat harjaa\/sient\u00e4 apuna k\u00e4ytt\u00e4en. Huuhtele puhtaalla painevedell\u00e4 ja viimeistele em\u00e4ksisell\u00e4 pesuaineella. Pinnan neutralisointi hapon j\u00e4lkeen em\u00e4ksisell\u00e4 pesuaineella on eritt\u00e4in t\u00e4rke\u00e4\u00e4! Ei suositella sinkittyjen pintojen puhdistukseen. Ei sovellu kromi\/korkeakiillotetuille pinnoille.<\/p>\n<p>Varmista aina pinnan kest\u00e4vyys ensin pienelle alueelle.<\/p>\n<p>K\u00e4ytett\u00e4v\u00e4 suojak\u00e4sineit\u00e4.<\/p>\n","protected":false},"excerpt":{"rendered":"<p><strong>Power Acid on monik\u00e4ytt\u00f6inen t\u00e4sm\u00e4tuote, joka tehopuhdistaa onnistuneesti erilaiset metalli- ja ter\u00e4spinnat ja antaa niille uuden ilmeen!<\/strong><\/p>\n<p>Power Acid vaikuttaa nopeasti poistaen esimerkiksi jarrup\u00f6lyt vanteista. Se soveltuu erityisesti alumiinipinnoille, metalliteollisuuden kivi-, kaakeli- sek\u00e4 muille haponkest\u00e4ville pinnoille hapettumien poistoon.<\/p>\n<p>Power Acidilla voi poistaa my\u00f6s suojarasvat, leikkuunesteet yms. k\u00e4sitelt\u00e4vilt\u00e4 pinnoilta. Lis\u00e4ksi se peitt\u00e4\u00e4 osien pinnat varmistaen esimerkiksi maalien hyv\u00e4n tartunnan. Soveltuu laimeammalla (2 \u2013 5 %) seoksella hallinlattioiden pesuun.<\/p>\n<p>Tuotteen pH tiivisteen\u00e4 &lt; 1.<\/p>\n<p><strong>Pakkauskoko:<\/strong><br \/>\n20L<\/p>\n","protected":false},"featured_media":1437,"comment_status":"closed","ping_status":"closed","template":"","meta":{"_acf_changed":false},"product_brand":[152],"product_cat":[38,90],"product_tag":[],"class_list":{"0":"post-1411","1":"product","2":"type-product","3":"status-publish","4":"has-post-thumbnail","6":"product_brand-elite","7":"product_cat-huoltokemikaalit-ja-puhdistusaineet","8":"product_cat-pesuaineet","10":"first","11":"instock","12":"taxable","13":"shipping-taxable","14":"purchasable","15":"product-type-simple"},"acf":[],"_links":{"self":[{"href":"https:\/\/voitelukeskus.fi\/fi\/wp-json\/wp\/v2\/product\/1411","targetHints":{"allow":["GET"]}}],"collection":[{"href":"https:\/\/voitelukeskus.fi\/fi\/wp-json\/wp\/v2\/product"}],"about":[{"href":"https:\/\/voitelukeskus.fi\/fi\/wp-json\/wp\/v2\/types\/product"}],"replies":[{"embeddable":true,"href":"https:\/\/voitelukeskus.fi\/fi\/wp-json\/wp\/v2\/comments?post=1411"}],"wp:featuredmedia":[{"embeddable":true,"href":"https:\/\/voitelukeskus.fi\/fi\/wp-json\/wp\/v2\/media\/1437"}],"wp:attachment":[{"href":"https:\/\/voitelukeskus.fi\/fi\/wp-json\/wp\/v2\/media?parent=1411"}],"wp:term":[{"taxonomy":"product_brand","embeddable":true,"href":"https:\/\/voitelukeskus.fi\/fi\/wp-json\/wp\/v2\/product_brand?post=1411"},{"taxonomy":"product_cat","embeddable":true,"href":"https:\/\/voitelukeskus.fi\/fi\/wp-json\/wp\/v2\/product_cat?post=1411"},{"taxonomy":"product_tag","embeddable":true,"href":"https:\/\/voitelukeskus.fi\/fi\/wp-json\/wp\/v2\/product_tag?post=1411"}],"curies":[{"name":"wp","href":"https:\/\/api.w.org\/{rel}","templated":true}]}}