{"id":1410,"date":"2025-03-24T08:54:18","date_gmt":"2025-03-24T08:54:18","guid":{"rendered":"https:\/\/voitelukeskus.fi\/?post_type=product&#038;p=1410"},"modified":"2025-07-16T08:26:25","modified_gmt":"2025-07-16T08:26:25","slug":"teho-multi-pro-6-liuotinpohjainen-voiteluaine","status":"publish","type":"product","link":"https:\/\/voitelukeskus.fi\/fi\/tuote\/teho-multi-pro-6-liuotinpohjainen-voiteluaine\/","title":{"rendered":"TEHO Multi Pro 6 Liuotinpohjainen voiteluaine"},"content":{"rendered":"<p><strong>TEHO Multi Pro on eritt\u00e4in tehokas liuotinpohjainen tunkeutuva voiteluaine, joka voitelee ja poistaa kosteuden.<\/strong> Tunkeutuu nopeasti ja auttaa avaamaan sy\u00f6pyneet, ruostuneet ja kiinni juuttuneet osat, kuten mutterit ja pultit, putkiliitokset, venttiilit, lukot jne. Syrj\u00e4ytt\u00e4\u00e4 kosteuden s\u00e4hk\u00f6laitteissa ja on s\u00e4hk\u00f6\u00e4 johtamaton. Suojaa tehokkaasti korroosiolta ja voidaan k\u00e4ytt\u00e4\u00e4 my\u00f6s suoja\u00f6ljyn\u00e4 metallipinnoilla. Ei sis\u00e4ll\u00e4 silikonia.<\/p>\n<p>Suositellaan k\u00e4ytett\u00e4v\u00e4ksi korjaamoissa, teollisuudessa, kiinteist\u00f6huollossa ja kaikkialla, miss\u00e4 tarvitaan tehokasta kiinnijuuttuneiden osien avaajaa, voiteluainetta ja suoja\u00f6ljy\u00e4. Erinomainen tuote s\u00e4hk\u00f6pistokkeiden kosteuden ja hapettumien poistoon.<\/p>\n<p><strong>HUOM. AMMATTIK\u00c4YTT\u00d6\u00d6N!<\/strong><\/p>\n<p><strong>K\u00c4YTT\u00d6OHJE:<\/strong><\/p>\n<p>1. Ravista purkkia<br \/>\n2. Ruiskutetaan runsaasti kohteeseen.<br \/>\n3. Anna vaikuttaa<br \/>\n4. Jumiutuneita osia voidaan kevyesti naputtaa esim. vasaralla.<br \/>\n5. Releiss\u00e4, tulpan johdoissa ja virranjakajissa syrj\u00e4ytt\u00e4\u00e4 tehokkaasti kosteuden.<br \/>\n6. Suojaa kierteiden juuttumista my\u00f6s ennaltaehk\u00e4isev\u00e4sti.<br \/>\nTuotenumero: 5006<\/p>\n<p>Ammattik\u00e4ytt\u00f6\u00f6n.<\/p>\n","protected":false},"excerpt":{"rendered":"<p><strong>Eritt\u00e4in tehokas liuotinpohjainen voiteluaine:<\/strong><\/p>\n<p><strong>1.<\/strong> Tunkeutuu<br \/>\n<strong>2.<\/strong> Voitelee<br \/>\n<strong>3.<\/strong> Avaa sy\u00f6pyneet, ruostuneet ja kiinnijuuttuneet osat<br \/>\n<strong>4.<\/strong> Syrj\u00e4ytt\u00e4\u00e4 kosteuden s\u00e4hk\u00f6laitteista<br \/>\n<strong>5.<\/strong> S\u00e4hk\u00f6\u00e4 johtamaton<br \/>\n<strong>6.<\/strong> Suojaa korroosiolta<\/p>\n<p><strong>Tuote on pakattu aerosolipulloon, jonka nettotilavuus on 600ml. Myyntier\u00e4 on yksi (1) laatikko, joka sis\u00e4lt\u00e4\u00e4 12 pulloa. <\/strong><\/p>\n","protected":false},"featured_media":1436,"comment_status":"closed","ping_status":"closed","template":"","meta":{"_acf_changed":false},"product_brand":[136],"product_cat":[78,38],"product_tag":[],"class_list":{"0":"post-1410","1":"product","2":"type-product","3":"status-publish","4":"has-post-thumbnail","6":"product_brand-teho","7":"product_cat-aerosolit-ja-sprayt","8":"product_cat-huoltokemikaalit-ja-puhdistusaineet","10":"first","11":"instock","12":"taxable","13":"shipping-taxable","14":"purchasable","15":"product-type-simple"},"acf":[],"_links":{"self":[{"href":"https:\/\/voitelukeskus.fi\/fi\/wp-json\/wp\/v2\/product\/1410","targetHints":{"allow":["GET"]}}],"collection":[{"href":"https:\/\/voitelukeskus.fi\/fi\/wp-json\/wp\/v2\/product"}],"about":[{"href":"https:\/\/voitelukeskus.fi\/fi\/wp-json\/wp\/v2\/types\/product"}],"replies":[{"embeddable":true,"href":"https:\/\/voitelukeskus.fi\/fi\/wp-json\/wp\/v2\/comments?post=1410"}],"wp:featuredmedia":[{"embeddable":true,"href":"https:\/\/voitelukeskus.fi\/fi\/wp-json\/wp\/v2\/media\/1436"}],"wp:attachment":[{"href":"https:\/\/voitelukeskus.fi\/fi\/wp-json\/wp\/v2\/media?parent=1410"}],"wp:term":[{"taxonomy":"product_brand","embeddable":true,"href":"https:\/\/voitelukeskus.fi\/fi\/wp-json\/wp\/v2\/product_brand?post=1410"},{"taxonomy":"product_cat","embeddable":true,"href":"https:\/\/voitelukeskus.fi\/fi\/wp-json\/wp\/v2\/product_cat?post=1410"},{"taxonomy":"product_tag","embeddable":true,"href":"https:\/\/voitelukeskus.fi\/fi\/wp-json\/wp\/v2\/product_tag?post=1410"}],"curies":[{"name":"wp","href":"https:\/\/api.w.org\/{rel}","templated":true}]}}