{"id":1409,"date":"2025-03-24T08:54:18","date_gmt":"2025-03-24T08:54:18","guid":{"rendered":"https:\/\/voitelukeskus.fi\/?post_type=product&#038;p=1409"},"modified":"2025-06-05T09:00:25","modified_gmt":"2025-06-05T09:00:25","slug":"pemco-430-atf-diii-automaattivaihteistooljy","status":"publish","type":"product","link":"https:\/\/voitelukeskus.fi\/fi\/tuote\/pemco-430-atf-diii-automaattivaihteistooljy\/","title":{"rendered":"Pemco 430 ATF DIII Automaattivaihteisto\u00f6ljy"},"content":{"rendered":"<p>Ymp\u00e4rivuotiseen k\u00e4ytt\u00f6\u00f6n tarkoitettu synteettinen automaattivaihteisto\u00f6ljy (ATF). Se soveltuu automattivaihteistoiden lis\u00e4ksi hydraulisillemuuntajille, ohjaustehostajille sek\u00e4 muille nesteohjatuille j\u00e4rjestelmille kun vaatimuksena on ATF -luokan \u00f6ljy, my\u00f6s laitteiden toimiessa raskaimmissa k\u00e4ytt\u00f6olosuhteissa. Se takaa vaihteiston sulavan sek\u00e4 taloudellisen toiminnan sek\u00e4 v\u00e4h\u00e4isen kuluman. Taaten n\u00e4in vaihteiston mahdollisimman hyv\u00e4n toimivuuden sek\u00e4 keston koko huoltov\u00e4lin ajan. Sen kehityksess\u00e4 on erityisesti huomoitu GM ja Ford yhti\u00f6iden asettamat vaatimukset automaattivaihteisto\u00f6ljyille.<\/p>\n<p><strong>Tuotteen ominaisuudet:<\/strong><br \/>\n<img decoding=\"async\" class=\"alignnone size-full wp-image-1686\" src=\"https:\/\/www.hitech.fi\/hitech\/wp-content\/uploads\/2024\/02\/PM_430_ominaisuudet_FIN.jpg\" alt=\"\" \/><\/p>\n","protected":false},"excerpt":{"rendered":"<p><strong>T\u00e4ytt\u00e4\u00e4 seuraavat vaatimukset:<\/strong><\/p>\n<p>GM Dexron III H; GM Dexron III G; GM Dexron III F; FORD Mercon V; FORD ESP-M2C138-CJ; FORD ESP-M2C166-H; ZF TE-ML 09; ZF TE-ML 11; ZF TE-ML 14; MB 236.1; ALLISON C4; VOITH H55.6335xx (G607); CATERPILLAR TO-2<\/p>\n<p><strong>Pakkauskoot:<\/strong><br \/>\n208 L<\/p>\n","protected":false},"featured_media":1435,"comment_status":"closed","ping_status":"closed","template":"","meta":{"_acf_changed":false},"product_brand":[134],"product_cat":[36,42],"product_tag":[],"class_list":{"0":"post-1409","1":"product","2":"type-product","3":"status-publish","4":"has-post-thumbnail","6":"product_brand-pemco","7":"product_cat-oljyt","8":"product_cat-vaihteisto-ja-voimansiirtooljyt","10":"first","11":"instock","12":"taxable","13":"shipping-taxable","14":"purchasable","15":"product-type-simple"},"acf":[],"_links":{"self":[{"href":"https:\/\/voitelukeskus.fi\/fi\/wp-json\/wp\/v2\/product\/1409","targetHints":{"allow":["GET"]}}],"collection":[{"href":"https:\/\/voitelukeskus.fi\/fi\/wp-json\/wp\/v2\/product"}],"about":[{"href":"https:\/\/voitelukeskus.fi\/fi\/wp-json\/wp\/v2\/types\/product"}],"replies":[{"embeddable":true,"href":"https:\/\/voitelukeskus.fi\/fi\/wp-json\/wp\/v2\/comments?post=1409"}],"wp:featuredmedia":[{"embeddable":true,"href":"https:\/\/voitelukeskus.fi\/fi\/wp-json\/wp\/v2\/media\/1435"}],"wp:attachment":[{"href":"https:\/\/voitelukeskus.fi\/fi\/wp-json\/wp\/v2\/media?parent=1409"}],"wp:term":[{"taxonomy":"product_brand","embeddable":true,"href":"https:\/\/voitelukeskus.fi\/fi\/wp-json\/wp\/v2\/product_brand?post=1409"},{"taxonomy":"product_cat","embeddable":true,"href":"https:\/\/voitelukeskus.fi\/fi\/wp-json\/wp\/v2\/product_cat?post=1409"},{"taxonomy":"product_tag","embeddable":true,"href":"https:\/\/voitelukeskus.fi\/fi\/wp-json\/wp\/v2\/product_tag?post=1409"}],"curies":[{"name":"wp","href":"https:\/\/api.w.org\/{rel}","templated":true}]}}