{"id":1393,"date":"2025-03-24T08:54:15","date_gmt":"2025-03-24T08:54:15","guid":{"rendered":"https:\/\/voitelukeskus.fi\/?post_type=product&#038;p=1393"},"modified":"2025-05-26T11:32:43","modified_gmt":"2025-05-26T11:32:43","slug":"stardust-pcl-ep-00","status":"publish","type":"product","link":"https:\/\/voitelukeskus.fi\/fi\/tuote\/stardust-pcl-ep-00\/","title":{"rendered":"Stardust PCL EP 00 &#8211; 18kg"},"content":{"rendered":"<p><strong>EP litium-saenteinen yleisvoitelu \u2013 ,laakeri- ja kpv -rasva<\/strong><br \/>\nStardust EP- rasva on erinomainen pitk\u00e4lle jalostettuun mineraaliperus\u00f6ljyyn perustuva litium-saenteinen yleisrasva raskaaseen ja yleiseen k\u00e4ytt\u00f6\u00f6n, erityisesti laakereille, yleisvoiteluun ja keskuspainevoiteluj\u00e4rjestelmiin. EP &#8211; rasvoilla on eritt\u00e4in hyv\u00e4 tarttuvuus , hyv\u00e4 vedenkesto , hyv\u00e4 liikkeellel\u00e4ht\u00f6ominaisuudet kylmiss\u00e4kin olosuhteissa ja korkea tippumispiste , ominaisuudet, jotka tarjoavat hyvin laajat k\u00e4ytt\u00f6olosuhteet monille k\u00e4ytt\u00f6alueille mm. liikkuville kalustoille, meriliikenteeseen , teollisuuteen ym.<\/p>\n<p>EP -rasvojen litium- saennin takaa hyv\u00e4n pysyvyyden my\u00f6s m\u00e4riss\u00e4 olosuhteissa, erinomaisen laajan soveltuvuuden erilaisiin voitelukohteisiin. Rasvan teknilliset ja kemialliset ominaisuudet takaavat erinomaisen laajat k\u00e4ytt\u00f6sovellukset.<\/p>\n<p><strong>Luokitukset, hyv\u00e4ksymiset ja tekniset tiedot:<\/strong><br \/>\n<img decoding=\"async\" alt=\"\" class=\"alignnone size-full wp-image-1632\" src=\"https:\/\/www.hitech.fi\/hitech\/wp-content\/uploads\/2024\/02\/Stardust_keskusvoitelu_hyvaksynnat_luokitukset.jpg\"\/><\/p>\n<p><img decoding=\"async\" alt=\"\" class=\"alignnone size-full wp-image-1633\" src=\"https:\/\/www.hitech.fi\/hitech\/wp-content\/uploads\/2024\/02\/Stardust_keskusvoitelu_ominaisuudet.jpg\"\/><\/p>\n","protected":false},"excerpt":{"rendered":"<p><strong>Keskusvoitelurasva<\/strong><br \/>\nKorkealuokkainen hydrokeraamisia ainesosia sis\u00e4lt\u00e4v\u00e4 litiumsaenteinen NLGI 00 yleisrasva raskaaseen k\u00e4ytt\u00f6\u00f6n. Eritt\u00e4in hyv\u00e4 tarttuvuus, veden kesto ja liikkeellel\u00e4ht\u00f6ominaisuudet. K\u00e4ytt\u00f6l\u00e4mp\u00f6tila-alue -30 \u00b0C \u2013 +100 \u00b0C.<\/p>\n<p><strong>Pakkauskoot<\/strong><br \/>\n18 kg pelti\u00e4mp\u00e4ri<\/p>\n","protected":false},"featured_media":1419,"comment_status":"closed","ping_status":"closed","template":"","meta":{"_acf_changed":false},"product_brand":[137],"product_cat":[169,15],"product_tag":[172,171],"class_list":{"0":"post-1393","1":"product","2":"type-product","3":"status-publish","4":"has-post-thumbnail","6":"product_brand-stradust","7":"product_cat-keskuvoitelurasvat","8":"product_cat-rasvat","9":"product_tag-keskusvoitelu","10":"product_tag-korkeapainerasvat","12":"first","13":"instock","14":"taxable","15":"shipping-taxable","16":"product-type-simple"},"acf":[],"_links":{"self":[{"href":"https:\/\/voitelukeskus.fi\/fi\/wp-json\/wp\/v2\/product\/1393","targetHints":{"allow":["GET"]}}],"collection":[{"href":"https:\/\/voitelukeskus.fi\/fi\/wp-json\/wp\/v2\/product"}],"about":[{"href":"https:\/\/voitelukeskus.fi\/fi\/wp-json\/wp\/v2\/types\/product"}],"replies":[{"embeddable":true,"href":"https:\/\/voitelukeskus.fi\/fi\/wp-json\/wp\/v2\/comments?post=1393"}],"wp:featuredmedia":[{"embeddable":true,"href":"https:\/\/voitelukeskus.fi\/fi\/wp-json\/wp\/v2\/media\/1419"}],"wp:attachment":[{"href":"https:\/\/voitelukeskus.fi\/fi\/wp-json\/wp\/v2\/media?parent=1393"}],"wp:term":[{"taxonomy":"product_brand","embeddable":true,"href":"https:\/\/voitelukeskus.fi\/fi\/wp-json\/wp\/v2\/product_brand?post=1393"},{"taxonomy":"product_cat","embeddable":true,"href":"https:\/\/voitelukeskus.fi\/fi\/wp-json\/wp\/v2\/product_cat?post=1393"},{"taxonomy":"product_tag","embeddable":true,"href":"https:\/\/voitelukeskus.fi\/fi\/wp-json\/wp\/v2\/product_tag?post=1393"}],"curies":[{"name":"wp","href":"https:\/\/api.w.org\/{rel}","templated":true}]}}