{"id":1392,"date":"2025-03-24T08:54:14","date_gmt":"2025-03-24T08:54:14","guid":{"rendered":"https:\/\/voitelukeskus.fi\/?post_type=product&#038;p=1392"},"modified":"2026-03-17T11:57:55","modified_gmt":"2026-03-17T09:57:55","slug":"stardust-pcl-extreme","status":"publish","type":"product","link":"https:\/\/voitelukeskus.fi\/fi\/tuote\/stardust-pcl-extreme\/","title":{"rendered":"Stardust PCL Extreme &#8211; 400g"},"content":{"rendered":"<p>Stardust PCL Extreme on korkealuokkainen litiumkompleksointi- ja hydrokeraamisia ainesosia sis\u00e4lt\u00e4v\u00e4 korkeapainerasva. Rasva suojaa kulumiselta, ruostumiselta ja korroosiolta sek\u00e4 ehk\u00e4isee vesihuuhtoutumista ja hapettumista korkeissakin l\u00e4mp\u00f6tiloissa. Rasva sis\u00e4lt\u00e4\u00e4 litiumia ja uuden aikaisia keraamisia ainesosia, jotka antavat lis\u00e4suojaa kulumista vastaan.<\/p>\n<p>PCL Extreme on raskaaseen k\u00e4ytt\u00f6\u00f6n tarkoitettu, monipuolinen ajoneuvorasva, joka sopii henkil\u00f6- ja kuorma-autoihin, maataloustraktoreihin, maanrakennus- ja kaivosteollisuuden koneisiin sek\u00e4 muuhun liikkuvaan kalustoon. Rasvan suositeltava k\u00e4ytt\u00f6l\u00e4mp\u00f6tila-alue on -30\u00b0C&#8230;+140\u00b0C. Stardust PCL EXTREME -rasvan sis\u00e4lt\u00e4m\u00e4t komponentit tarjoavat korkean l\u00e4mm\u00f6nkeston ja eritt\u00e4in kovaa rasitusta kest\u00e4v\u00e4n kulumiseneston.<\/p>\n<p>PCL Extreme \u2013 voitelurasva t\u00e4ytt\u00e4\u00e4 VOLVO:n standardin 1277.2 voitelurasvoille sek\u00e4 NLGI- standardin GC- LB alusta- sek\u00e4 py\u00f6r\u00e4nlaakerirasvoille.<\/p>\n<p><strong>Ominaisuudet:<\/strong><br \/>\n<img decoding=\"async\" class=\"alignnone size-full wp-image-1644\" src=\"https:\/\/www.hitech.fi\/hitech\/wp-content\/uploads\/2024\/02\/Stardust_PCL_Extreme_ominaisuudet_.jpg\" alt=\"\" \/><\/p>\n","protected":false},"excerpt":{"rendered":"<p><strong>Korkealuokkainen monik\u00e4ytt\u00f6rasva, NLGI 2<\/strong><\/p>\n<p>Eritt\u00e4in laadukas litiumkompleksointi- ja hydrokeraamisia ainesosia sis\u00e4lt\u00e4v\u00e4 korkeapainerasva raskaaseen k\u00e4ytt\u00f6\u00f6n. Antaa lis\u00e4suojaa kulumista vastaan. Lithium-saeasteinen. K\u00e4ytt\u00f6l\u00e4mp\u00f6tila-alue on -30 \u00b0C \u2013 +140 \u00b0C.<\/p>\n<p><strong>Pakkauskoot<\/strong><br \/>\n0,4 kg rasvapatruuna<br \/>\nToimitetaan 20 kpl\/laatikko<\/p>\n","protected":false},"featured_media":1418,"comment_status":"closed","ping_status":"closed","template":"","meta":{"_acf_changed":false},"product_brand":[137],"product_cat":[170,15],"product_tag":[171,173],"class_list":{"0":"post-1392","1":"product","2":"type-product","3":"status-publish","4":"has-post-thumbnail","6":"product_brand-stradust","7":"product_cat-patruunarasvat","8":"product_cat-rasvat","9":"product_tag-korkeapainerasvat","10":"product_tag-tuubirasva","12":"first","13":"instock","14":"taxable","15":"shipping-taxable","16":"purchasable","17":"product-type-simple"},"acf":[],"_links":{"self":[{"href":"https:\/\/voitelukeskus.fi\/fi\/wp-json\/wp\/v2\/product\/1392","targetHints":{"allow":["GET"]}}],"collection":[{"href":"https:\/\/voitelukeskus.fi\/fi\/wp-json\/wp\/v2\/product"}],"about":[{"href":"https:\/\/voitelukeskus.fi\/fi\/wp-json\/wp\/v2\/types\/product"}],"replies":[{"embeddable":true,"href":"https:\/\/voitelukeskus.fi\/fi\/wp-json\/wp\/v2\/comments?post=1392"}],"wp:featuredmedia":[{"embeddable":true,"href":"https:\/\/voitelukeskus.fi\/fi\/wp-json\/wp\/v2\/media\/1418"}],"wp:attachment":[{"href":"https:\/\/voitelukeskus.fi\/fi\/wp-json\/wp\/v2\/media?parent=1392"}],"wp:term":[{"taxonomy":"product_brand","embeddable":true,"href":"https:\/\/voitelukeskus.fi\/fi\/wp-json\/wp\/v2\/product_brand?post=1392"},{"taxonomy":"product_cat","embeddable":true,"href":"https:\/\/voitelukeskus.fi\/fi\/wp-json\/wp\/v2\/product_cat?post=1392"},{"taxonomy":"product_tag","embeddable":true,"href":"https:\/\/voitelukeskus.fi\/fi\/wp-json\/wp\/v2\/product_tag?post=1392"}],"curies":[{"name":"wp","href":"https:\/\/api.w.org\/{rel}","templated":true}]}}