{"id":1389,"date":"2025-03-24T08:54:14","date_gmt":"2025-03-24T08:54:14","guid":{"rendered":"https:\/\/voitelukeskus.fi\/?post_type=product&#038;p=1389"},"modified":"2025-07-16T08:30:56","modified_gmt":"2025-07-16T08:30:56","slug":"elite-max-view-88-c-huippuluokan-tuulilasinpesuneste","status":"publish","type":"product","link":"https:\/\/voitelukeskus.fi\/fi\/tuote\/elite-max-view-88-c-huippuluokan-tuulilasinpesuneste\/","title":{"rendered":"ELITE Max View -88 \u00b0C huippuluokan tuulilasinpesuneste 10L"},"content":{"rendered":"<p><strong>Sis\u00e4lt\u00e4\u00e4<\/strong><br \/>\nKirkastetta, ionittomia tensidej\u00e4, metanolia<\/p>\n<p><strong>Pakkasenkest\u00e4vyys<\/strong><br \/>\n1:0 = -88 \u00b0C<br \/>\n1:1 = -37 \u00b0C<br \/>\n1:2 = -23 \u00b0C<\/p>\n","protected":false},"excerpt":{"rendered":"<p><strong>Max View -88 \u00b0C varmistaa n\u00e4kyvyyden vaikeissakin olosuhteissa!<\/strong><\/p>\n<p>Max View -88 \u00b0C on metanolipohjainen lasinpesuneste,joka toimii \u00e4\u00e4rimm\u00e4isen hyvin kylmiss\u00e4 olosuhteissa. Se puhdistaa tuulilasin tehokkaasti liasta ja hy\u00f6nteisist\u00e4 varmistaen moitteettoman n\u00e4kyvyyden s\u00e4\u00e4ss\u00e4 kuin s\u00e4\u00e4ss\u00e4. Tuote haihtuu lasilta erinomaisesti eik\u00e4 j\u00e4t\u00e4 j\u00e4lkeens\u00e4 mink\u00e4\u00e4nlaista h\u00e4iritsev\u00e4\u00e4 kalvoa.<\/p>\n<p>Max View -88 \u00b0C on k\u00e4ytt\u00e4j\u00e4yst\u00e4v\u00e4llinen sen l\u00e4hes hajuttoman tuoksun ansiosta sek\u00e4 raakatiivisteest\u00e4 johtuen eritt\u00e4in taloudellinen. Tuote sis\u00e4lt\u00e4\u00e4 kirkasteaineen ja on v\u00e4rilt\u00e4\u00e4n sininen.<\/p>\n<p><strong>Pakkauskoot:<\/strong><br \/>\n10L, 200L ja 1000L IBC<\/p>\n","protected":false},"featured_media":1413,"comment_status":"closed","ping_status":"closed","template":"","meta":{"_acf_changed":false},"product_brand":[152],"product_cat":[38,114],"product_tag":[],"class_list":{"0":"post-1389","1":"product","2":"type-product","3":"status-publish","4":"has-post-thumbnail","6":"product_brand-elite","7":"product_cat-huoltokemikaalit-ja-puhdistusaineet","8":"product_cat-tuulilasinpesunesteet","10":"first","11":"instock","12":"taxable","13":"shipping-taxable","14":"purchasable","15":"product-type-simple"},"acf":[],"_links":{"self":[{"href":"https:\/\/voitelukeskus.fi\/fi\/wp-json\/wp\/v2\/product\/1389","targetHints":{"allow":["GET"]}}],"collection":[{"href":"https:\/\/voitelukeskus.fi\/fi\/wp-json\/wp\/v2\/product"}],"about":[{"href":"https:\/\/voitelukeskus.fi\/fi\/wp-json\/wp\/v2\/types\/product"}],"replies":[{"embeddable":true,"href":"https:\/\/voitelukeskus.fi\/fi\/wp-json\/wp\/v2\/comments?post=1389"}],"wp:featuredmedia":[{"embeddable":true,"href":"https:\/\/voitelukeskus.fi\/fi\/wp-json\/wp\/v2\/media\/1413"}],"wp:attachment":[{"href":"https:\/\/voitelukeskus.fi\/fi\/wp-json\/wp\/v2\/media?parent=1389"}],"wp:term":[{"taxonomy":"product_brand","embeddable":true,"href":"https:\/\/voitelukeskus.fi\/fi\/wp-json\/wp\/v2\/product_brand?post=1389"},{"taxonomy":"product_cat","embeddable":true,"href":"https:\/\/voitelukeskus.fi\/fi\/wp-json\/wp\/v2\/product_cat?post=1389"},{"taxonomy":"product_tag","embeddable":true,"href":"https:\/\/voitelukeskus.fi\/fi\/wp-json\/wp\/v2\/product_tag?post=1389"}],"curies":[{"name":"wp","href":"https:\/\/api.w.org\/{rel}","templated":true}]}}