{"id":1360,"date":"2025-03-19T13:33:41","date_gmt":"2025-03-19T13:33:41","guid":{"rendered":"https:\/\/voitelukeskus.fi\/?post_type=product&#038;p=1360"},"modified":"2025-06-06T10:17:37","modified_gmt":"2025-06-06T10:17:37","slug":"pemco-595-75w-90-vaihteisto-oljy","status":"publish","type":"product","link":"https:\/\/voitelukeskus.fi\/fi\/tuote\/pemco-595-75w-90-vaihteisto-oljy\/","title":{"rendered":"Pemco 595 75W-90 vaihteisto-\u00f6ljy"},"content":{"rendered":"<p>Uusimman sukupolven ymp\u00e4rivuotiseen k\u00e4ytt\u00f6\u00f6n tarkoitettu synteettinen vaihteisto- ja vetopy\u00f6r\u00e4st\u00f6-\u00f6ljy. Se on tarkoitettu kaiken tyyppisille manuaalivaihteistoille. Suoveltuu my\u00f6s kitkalukoilla varustetuille vetopy\u00f6r\u00e4st\u00f6ille joissa vaatimuksena LS-luokan \u00f6ljy. K\u00e4ytt\u00f6kohteina ovat my\u00f6s kulmavaihteet sek\u00e4 muut vaihteistojen tai vetopy\u00f6rast\u00f6jen osat joissa GL-4 tai GL-5 vaatimus.<\/p>\n<p><strong>Tuotteen ominaisuudet:<\/strong><br \/>\n<img fetchpriority=\"high\" decoding=\"async\" class=\"alignnone size-full wp-image-1496\" src=\"https:\/\/www.hitech.fi\/hitech\/wp-content\/uploads\/2023\/12\/PM_595_ominaisuudet_FIN.jpg\" alt=\"\" width=\"732\" height=\"175\" \/><\/p>\n","protected":false},"excerpt":{"rendered":"<p><strong>T\u00e4ytt\u00e4\u00e4 seuraavat vaatimukset \/ luokitukset:<\/strong><br \/>\nSAE 75W-90<br \/>\nAPI GL-4\/GL-5 LS (Limited Slip)<br \/>\nMACK GO-J Plus, GO-J<br \/>\nMAN 342 Type M1<br \/>\nMAN 342 Type M2<br \/>\nMAN 342 Type M3<br \/>\nSCANIA STO 1:0<\/p>\n<p><strong>Pakkauskoot:<\/strong><br \/>\n208 L<\/p>\n","protected":false},"featured_media":1632,"comment_status":"closed","ping_status":"closed","template":"","meta":{"_acf_changed":false},"product_brand":[134],"product_cat":[36,42],"product_tag":[131,21,166],"class_list":{"0":"post-1360","1":"product","2":"type-product","3":"status-publish","4":"has-post-thumbnail","6":"product_brand-pemco","7":"product_cat-oljyt","8":"product_cat-vaihteisto-ja-voimansiirtooljyt","9":"product_tag-pemco","10":"product_tag-vaihteistooljy","11":"product_tag-voimansiirto","13":"first","14":"instock","15":"taxable","16":"shipping-taxable","17":"purchasable","18":"product-type-simple"},"acf":[],"_links":{"self":[{"href":"https:\/\/voitelukeskus.fi\/fi\/wp-json\/wp\/v2\/product\/1360","targetHints":{"allow":["GET"]}}],"collection":[{"href":"https:\/\/voitelukeskus.fi\/fi\/wp-json\/wp\/v2\/product"}],"about":[{"href":"https:\/\/voitelukeskus.fi\/fi\/wp-json\/wp\/v2\/types\/product"}],"replies":[{"embeddable":true,"href":"https:\/\/voitelukeskus.fi\/fi\/wp-json\/wp\/v2\/comments?post=1360"}],"wp:featuredmedia":[{"embeddable":true,"href":"https:\/\/voitelukeskus.fi\/fi\/wp-json\/wp\/v2\/media\/1632"}],"wp:attachment":[{"href":"https:\/\/voitelukeskus.fi\/fi\/wp-json\/wp\/v2\/media?parent=1360"}],"wp:term":[{"taxonomy":"product_brand","embeddable":true,"href":"https:\/\/voitelukeskus.fi\/fi\/wp-json\/wp\/v2\/product_brand?post=1360"},{"taxonomy":"product_cat","embeddable":true,"href":"https:\/\/voitelukeskus.fi\/fi\/wp-json\/wp\/v2\/product_cat?post=1360"},{"taxonomy":"product_tag","embeddable":true,"href":"https:\/\/voitelukeskus.fi\/fi\/wp-json\/wp\/v2\/product_tag?post=1360"}],"curies":[{"name":"wp","href":"https:\/\/api.w.org\/{rel}","templated":true}]}}